{"id":1397,"date":"2025-08-23T21:05:16","date_gmt":"2025-08-23T19:05:16","guid":{"rendered":"https:\/\/olrio.fr\/?page_id=1397"},"modified":"2026-02-01T15:29:08","modified_gmt":"2026-02-01T13:29:08","slug":"revue-de-presse-archives-2015-2016","status":"publish","type":"page","link":"https:\/\/enfantsdecholet.fr\/index.php\/revue-de-presse-archives-2015-2016\/","title":{"rendered":"Revue de presse archives 2015-2016"},"content":{"rendered":"\n<div class=\"wp-block-group is-nowrap is-layout-flex wp-container-core-group-is-layout-6c531013 wp-block-group-is-layout-flex\">\n<figure class=\"wp-block-image size-full\"><a href=\"https:\/\/enfantsdecholet.fr\/index.php\/revue-de-presse-archives-2016-2017\/\"><img loading=\"lazy\" decoding=\"async\" width=\"62\" height=\"45\" src=\"http:\/\/enfantsdecholet.fr\/wp-content\/uploads\/2026\/02\/fleche_precedent-e1769949002954.png\" alt=\"\" class=\"wp-image-2446\"\/><\/a><\/figure>\n\n\n\n<figure class=\"wp-block-image size-full\"><a href=\"https:\/\/enfantsdecholet.fr\/index.php\/revue-de-presse-archives-2014-2015\/\"><img loading=\"lazy\" decoding=\"async\" width=\"60\" height=\"45\" src=\"http:\/\/enfantsdecholet.fr\/wp-content\/uploads\/2026\/02\/fleche_suivant-e1769948804904.png\" alt=\"\" class=\"wp-image-2447\"\/><\/a><\/figure>\n<\/div>\n\n\n\n<div class=\"wp-block-group has-background is-nowrap is-layout-flex wp-container-core-group-is-layout-29c66b93 wp-block-group-is-layout-flex\" style=\"border-bottom-color:var(--wp--preset--color--luminous-vivid-orange);border-left-color:var(--wp--preset--color--luminous-vivid-orange);background-color:#046bd133;margin-bottom:var(--wp--preset--spacing--50)\">\n<div class=\"wp-block-columns wp-container-content-9cfa9a5a is-layout-flex wp-container-core-columns-is-layout-aa016f2c wp-block-columns-is-layout-flex\" style=\"padding-bottom:var(--wp--preset--spacing--50)\">\n<div class=\"wp-block-column is-vertically-aligned-center is-layout-flow wp-block-column-is-layout-flow\" style=\"padding-top:var(--wp--preset--spacing--50)\">\n<h2 class=\"wp-block-heading has-text-align-center has-luminous-vivid-orange-color has-text-color has-link-color wp-elements-7e10b86f94a26f456cad9d567dac69b9\" style=\"font-size:2vh\">Geffard, pour le plaisir<\/h2>\n\n\n\n<p class=\"has-text-align-center\" style=\"font-size:1.8vh\">Courrier de l&rsquo;Ouest du 12\/06\/2016<\/p>\n<\/div>\n<\/div>\n\n\n\n<figure class=\"wp-block-image size-full\" style=\"margin-right:var(--wp--preset--spacing--60)\"><a href=\"https:\/\/enfantsdecholet.fr\/wp-content\/uploads\/2025\/08\/rdp_12_06_16.png\" target=\"_blank\" rel=\" noreferrer noopener\"><img loading=\"lazy\" decoding=\"async\" width=\"76\" height=\"54\" src=\"http:\/\/enfantsdecholet.fr\/wp-content\/uploads\/2025\/08\/icone_revue_de_presse.png\" alt=\"\" class=\"wp-image-974\"\/><\/a><\/figure>\n<\/div>\n\n\n\n<div class=\"wp-block-group has-background is-nowrap is-layout-flex wp-container-core-group-is-layout-29c66b93 wp-block-group-is-layout-flex\" style=\"border-bottom-color:var(--wp--preset--color--luminous-vivid-orange);border-left-color:var(--wp--preset--color--luminous-vivid-orange);background-color:#046bd133;margin-bottom:var(--wp--preset--spacing--50)\">\n<div class=\"wp-block-columns wp-container-content-9cfa9a5a is-layout-flex wp-container-core-columns-is-layout-aa016f2c wp-block-columns-is-layout-flex\" style=\"padding-bottom:var(--wp--preset--spacing--50)\">\n<div class=\"wp-block-column is-vertically-aligned-center is-layout-flow wp-block-column-is-layout-flow\" style=\"padding-top:var(--wp--preset--spacing--50)\">\n<h2 class=\"wp-block-heading has-text-align-center has-luminous-vivid-orange-color has-text-color has-link-color wp-elements-5bcb48f94da78177df7cfb60ea550532\" style=\"font-size:2vh\">Les Enfants de Cholet qualifient deux \u00e9quipes pour les France \u00e0 Albi<\/h2>\n\n\n\n<p class=\"has-text-align-center\" style=\"font-size:1.8vh\">Courrier de l&rsquo;Ouest du 30\/04\/2016<\/p>\n<\/div>\n<\/div>\n\n\n\n<figure class=\"wp-block-image size-full\" style=\"margin-right:var(--wp--preset--spacing--60)\"><a href=\"https:\/\/enfantsdecholet.fr\/wp-content\/uploads\/2025\/08\/rdp_30_04_16.png\" target=\"_blank\" rel=\" noreferrer noopener\"><img loading=\"lazy\" decoding=\"async\" width=\"76\" height=\"54\" src=\"http:\/\/enfantsdecholet.fr\/wp-content\/uploads\/2025\/08\/icone_revue_de_presse.png\" alt=\"\" class=\"wp-image-974\"\/><\/a><\/figure>\n<\/div>\n\n\n\n<div class=\"wp-block-group has-background is-nowrap is-layout-flex wp-container-core-group-is-layout-29c66b93 wp-block-group-is-layout-flex\" style=\"border-bottom-color:var(--wp--preset--color--luminous-vivid-orange);border-left-color:var(--wp--preset--color--luminous-vivid-orange);background-color:#046bd133;margin-bottom:var(--wp--preset--spacing--50)\">\n<div class=\"wp-block-columns wp-container-content-9cfa9a5a is-layout-flex wp-container-core-columns-is-layout-aa016f2c wp-block-columns-is-layout-flex\" style=\"padding-bottom:var(--wp--preset--spacing--50)\">\n<div class=\"wp-block-column is-vertically-aligned-center is-layout-flow wp-block-column-is-layout-flow\" style=\"padding-top:var(--wp--preset--spacing--50)\">\n<h2 class=\"wp-block-heading has-text-align-center has-luminous-vivid-orange-color has-text-color has-link-color wp-elements-ae2a3cb4344fd1f55e20e2e3ec0aeb9e\" style=\"font-size:2vh\">La gym rythmique correspond \u00e0 une attente f\u00e9minine<\/h2>\n\n\n\n<p class=\"has-text-align-center\" style=\"font-size:1.8vh\">Courrier de l&rsquo;Ouest du 29\/02\/2016<\/p>\n<\/div>\n<\/div>\n\n\n\n<figure class=\"wp-block-image size-full\" style=\"margin-right:var(--wp--preset--spacing--60)\"><a href=\"https:\/\/enfantsdecholet.fr\/wp-content\/uploads\/2025\/08\/rdp_29_02_16.png\" target=\"_blank\" rel=\" noreferrer noopener\"><img loading=\"lazy\" decoding=\"async\" width=\"76\" height=\"54\" src=\"http:\/\/enfantsdecholet.fr\/wp-content\/uploads\/2025\/08\/icone_revue_de_presse.png\" alt=\"\" class=\"wp-image-974\"\/><\/a><\/figure>\n<\/div>\n\n\n\n<div class=\"wp-block-group has-background is-nowrap is-layout-flex wp-container-core-group-is-layout-29c66b93 wp-block-group-is-layout-flex\" style=\"border-bottom-color:var(--wp--preset--color--luminous-vivid-orange);border-left-color:var(--wp--preset--color--luminous-vivid-orange);background-color:#046bd133;margin-bottom:var(--wp--preset--spacing--50)\">\n<div class=\"wp-block-columns wp-container-content-9cfa9a5a is-layout-flex wp-container-core-columns-is-layout-aa016f2c wp-block-columns-is-layout-flex\" style=\"padding-bottom:var(--wp--preset--spacing--50)\">\n<div class=\"wp-block-column is-vertically-aligned-center is-layout-flow wp-block-column-is-layout-flow\" style=\"padding-top:var(--wp--preset--spacing--50)\">\n<h2 class=\"wp-block-heading has-text-align-center has-luminous-vivid-orange-color has-text-color has-link-color wp-elements-4874c407401b9e321322e476b4b021bc\" style=\"font-size:2vh\">Du talent dans un contexte difficile<\/h2>\n\n\n\n<p class=\"has-text-align-center\" style=\"font-size:1.8vh\">Courrier de l&rsquo;Ouest du 29\/02\/2016<\/p>\n<\/div>\n<\/div>\n\n\n\n<figure class=\"wp-block-image size-full\" style=\"margin-right:var(--wp--preset--spacing--60)\"><a href=\"https:\/\/enfantsdecholet.fr\/wp-content\/uploads\/2025\/08\/rdp_29_02_16_bis.png\" target=\"_blank\" rel=\" noreferrer noopener\"><img loading=\"lazy\" decoding=\"async\" width=\"76\" height=\"54\" src=\"http:\/\/enfantsdecholet.fr\/wp-content\/uploads\/2025\/08\/icone_revue_de_presse.png\" alt=\"\" class=\"wp-image-974\"\/><\/a><\/figure>\n<\/div>\n\n\n\n<div class=\"wp-block-group has-background is-nowrap is-layout-flex wp-container-core-group-is-layout-29c66b93 wp-block-group-is-layout-flex\" style=\"border-bottom-color:var(--wp--preset--color--luminous-vivid-orange);border-left-color:var(--wp--preset--color--luminous-vivid-orange);background-color:#046bd133;margin-bottom:var(--wp--preset--spacing--50)\">\n<div class=\"wp-block-columns wp-container-content-9cfa9a5a is-layout-flex wp-container-core-columns-is-layout-aa016f2c wp-block-columns-is-layout-flex\" style=\"padding-bottom:var(--wp--preset--spacing--50)\">\n<div class=\"wp-block-column is-vertically-aligned-center is-layout-flow wp-block-column-is-layout-flow\" style=\"padding-top:var(--wp--preset--spacing--50)\">\n<h2 class=\"wp-block-heading has-text-align-center has-luminous-vivid-orange-color has-text-color has-link-color wp-elements-6a10a05e75934dad415aea76c6233f09\" style=\"font-size:2vh\">L&rsquo;\u00e9lite r\u00e9gionale des gymnastes r\u00e9unie \u00e0 Du Bellay<\/h2>\n\n\n\n<p class=\"has-text-align-center\" style=\"font-size:1.8vh\">Courrier de l&rsquo;Ouest du 28\/02\/2016<\/p>\n<\/div>\n<\/div>\n\n\n\n<figure class=\"wp-block-image size-full\" style=\"margin-right:var(--wp--preset--spacing--60)\"><a href=\"https:\/\/enfantsdecholet.fr\/wp-content\/uploads\/2025\/08\/rdp_28_02_16.png\" target=\"_blank\" rel=\" noreferrer noopener\"><img loading=\"lazy\" decoding=\"async\" width=\"76\" height=\"54\" src=\"http:\/\/enfantsdecholet.fr\/wp-content\/uploads\/2025\/08\/icone_revue_de_presse.png\" alt=\"\" class=\"wp-image-974\"\/><\/a><\/figure>\n<\/div>\n\n\n\n<div class=\"wp-block-group has-background is-nowrap is-layout-flex wp-container-core-group-is-layout-29c66b93 wp-block-group-is-layout-flex\" style=\"border-bottom-color:var(--wp--preset--color--luminous-vivid-orange);border-left-color:var(--wp--preset--color--luminous-vivid-orange);background-color:#046bd133;margin-bottom:var(--wp--preset--spacing--50)\">\n<div class=\"wp-block-columns wp-container-content-9cfa9a5a is-layout-flex wp-container-core-columns-is-layout-aa016f2c wp-block-columns-is-layout-flex\" style=\"padding-bottom:var(--wp--preset--spacing--50)\">\n<div class=\"wp-block-column is-vertically-aligned-center is-layout-flow wp-block-column-is-layout-flow\" style=\"padding-top:var(--wp--preset--spacing--50)\">\n<h2 class=\"wp-block-heading has-text-align-center has-luminous-vivid-orange-color has-text-color has-link-color wp-elements-cbd89ffc0f174c8c5ad87926ce30faeb\" style=\"font-size:2vh\">Ani transmet le t\u00e9moin \u00e0 Maureen<\/h2>\n\n\n\n<p class=\"has-text-align-center\" style=\"font-size:1.8vh\">Courrier de l&rsquo;Ouest du 12\/02\/2016<\/p>\n<\/div>\n<\/div>\n\n\n\n<figure class=\"wp-block-image size-full\" style=\"margin-right:var(--wp--preset--spacing--60)\"><a href=\"https:\/\/enfantsdecholet.fr\/wp-content\/uploads\/2025\/08\/rdp_12_02_16.png\" target=\"_blank\" rel=\" noreferrer noopener\"><img loading=\"lazy\" decoding=\"async\" width=\"76\" height=\"54\" src=\"http:\/\/enfantsdecholet.fr\/wp-content\/uploads\/2025\/08\/icone_revue_de_presse.png\" alt=\"\" class=\"wp-image-974\"\/><\/a><\/figure>\n<\/div>\n\n\n\n<div class=\"wp-block-group has-background is-nowrap is-layout-flex wp-container-core-group-is-layout-29c66b93 wp-block-group-is-layout-flex\" style=\"border-bottom-color:var(--wp--preset--color--luminous-vivid-orange);border-left-color:var(--wp--preset--color--luminous-vivid-orange);background-color:#046bd133;margin-bottom:var(--wp--preset--spacing--50)\">\n<div class=\"wp-block-columns wp-container-content-9cfa9a5a is-layout-flex wp-container-core-columns-is-layout-aa016f2c wp-block-columns-is-layout-flex\" style=\"padding-bottom:var(--wp--preset--spacing--50)\">\n<div class=\"wp-block-column is-vertically-aligned-center is-layout-flow wp-block-column-is-layout-flow\" style=\"padding-top:var(--wp--preset--spacing--50)\">\n<h2 class=\"wp-block-heading has-text-align-center has-luminous-vivid-orange-color has-text-color has-link-color wp-elements-e5e950c6ee55a95fab5af32b84589551\" style=\"font-size:2vh\">Attention, si vous tombez, y&rsquo;a les crocodiles<\/h2>\n\n\n\n<p class=\"has-text-align-center\" style=\"font-size:1.8vh\">Courrier de l&rsquo;Ouest du 09\/02\/2016<\/p>\n<\/div>\n<\/div>\n\n\n\n<figure class=\"wp-block-image size-full\" style=\"margin-right:var(--wp--preset--spacing--60)\"><a href=\"https:\/\/enfantsdecholet.fr\/wp-content\/uploads\/2025\/08\/rdp_09_02_16.png\" target=\"_blank\" rel=\" noreferrer noopener\"><img loading=\"lazy\" decoding=\"async\" width=\"76\" height=\"54\" src=\"http:\/\/enfantsdecholet.fr\/wp-content\/uploads\/2025\/08\/icone_revue_de_presse.png\" alt=\"\" class=\"wp-image-974\"\/><\/a><\/figure>\n<\/div>\n\n\n\n<div class=\"wp-block-group has-background is-nowrap is-layout-flex wp-container-core-group-is-layout-29c66b93 wp-block-group-is-layout-flex\" style=\"border-bottom-color:var(--wp--preset--color--luminous-vivid-orange);border-left-color:var(--wp--preset--color--luminous-vivid-orange);background-color:#046bd133;margin-bottom:var(--wp--preset--spacing--50)\">\n<div class=\"wp-block-columns wp-container-content-9cfa9a5a is-layout-flex wp-container-core-columns-is-layout-aa016f2c wp-block-columns-is-layout-flex\" style=\"padding-bottom:var(--wp--preset--spacing--50)\">\n<div class=\"wp-block-column is-vertically-aligned-center is-layout-flow wp-block-column-is-layout-flow\" style=\"padding-top:var(--wp--preset--spacing--50)\">\n<h2 class=\"wp-block-heading has-text-align-center has-luminous-vivid-orange-color has-text-color has-link-color wp-elements-7abb611256c4b15781a7b318e816edac\" style=\"font-size:2vh\">Un club ancr\u00e9 dans l&rsquo;histoire de la vie choletaise<\/h2>\n\n\n\n<p class=\"has-text-align-center\" style=\"font-size:1.8vh\">Almanach 2016 Lions Club Cholet<\/p>\n<\/div>\n<\/div>\n\n\n\n<figure class=\"wp-block-image size-full\" style=\"margin-right:var(--wp--preset--spacing--60)\"><a href=\"https:\/\/enfantsdecholet.fr\/wp-content\/uploads\/2025\/08\/rdp_01_01_16.png\" target=\"_blank\" rel=\" noreferrer noopener\"><img loading=\"lazy\" decoding=\"async\" width=\"76\" height=\"54\" src=\"http:\/\/enfantsdecholet.fr\/wp-content\/uploads\/2025\/08\/icone_revue_de_presse.png\" alt=\"\" class=\"wp-image-974\"\/><\/a><\/figure>\n<\/div>\n\n\n\n<div class=\"wp-block-group has-background is-nowrap is-layout-flex wp-container-core-group-is-layout-29c66b93 wp-block-group-is-layout-flex\" style=\"border-bottom-color:var(--wp--preset--color--luminous-vivid-orange);border-left-color:var(--wp--preset--color--luminous-vivid-orange);background-color:#046bd133;margin-bottom:var(--wp--preset--spacing--50)\">\n<div class=\"wp-block-columns wp-container-content-9cfa9a5a is-layout-flex wp-container-core-columns-is-layout-aa016f2c wp-block-columns-is-layout-flex\" style=\"padding-bottom:var(--wp--preset--spacing--50)\">\n<div class=\"wp-block-column is-vertically-aligned-center is-layout-flow wp-block-column-is-layout-flow\" style=\"padding-top:var(--wp--preset--spacing--50)\">\n<h2 class=\"wp-block-heading has-text-align-center has-luminous-vivid-orange-color has-text-color has-link-color wp-elements-05427d540afa09f47021bc0e57d003eb\" style=\"font-size:2vh\">La soir\u00e9e de gala des Enfants de Cholet fait un tabac<\/h2>\n\n\n\n<p class=\"has-text-align-center\" style=\"font-size:1.8vh\">Courrier de l&rsquo;Ouest du 21\/12\/2015<\/p>\n<\/div>\n<\/div>\n\n\n\n<figure class=\"wp-block-image size-full\" style=\"margin-right:var(--wp--preset--spacing--60)\"><a href=\"https:\/\/enfantsdecholet.fr\/wp-content\/uploads\/2025\/08\/rdp_21_12_15.png\" target=\"_blank\" rel=\" noreferrer noopener\"><img loading=\"lazy\" decoding=\"async\" width=\"76\" height=\"54\" src=\"http:\/\/enfantsdecholet.fr\/wp-content\/uploads\/2025\/08\/icone_revue_de_presse.png\" alt=\"\" class=\"wp-image-974\"\/><\/a><\/figure>\n<\/div>\n\n\n\n<div class=\"wp-block-group has-background is-nowrap is-layout-flex wp-container-core-group-is-layout-29c66b93 wp-block-group-is-layout-flex\" style=\"border-bottom-color:var(--wp--preset--color--luminous-vivid-orange);border-left-color:var(--wp--preset--color--luminous-vivid-orange);background-color:#046bd133;margin-bottom:var(--wp--preset--spacing--50)\">\n<div class=\"wp-block-columns wp-container-content-9cfa9a5a is-layout-flex wp-container-core-columns-is-layout-aa016f2c wp-block-columns-is-layout-flex\" style=\"padding-bottom:var(--wp--preset--spacing--50)\">\n<div class=\"wp-block-column is-vertically-aligned-center is-layout-flow wp-block-column-is-layout-flow\" style=\"padding-top:var(--wp--preset--spacing--50)\">\n<h2 class=\"wp-block-heading has-text-align-center has-luminous-vivid-orange-color has-text-color has-link-color wp-elements-3d1869b93e8e931205a2cd734d3e4ce1\" style=\"font-size:2vh\">L&rsquo;Almanach 2016 des Lions Club est sorti<\/h2>\n\n\n\n<p class=\"has-text-align-center\" style=\"font-size:1.8vh\">Ouest France du 25\/11\/2015<\/p>\n<\/div>\n<\/div>\n\n\n\n<figure class=\"wp-block-image size-full\" style=\"margin-right:var(--wp--preset--spacing--60)\"><a href=\"https:\/\/enfantsdecholet.fr\/wp-content\/uploads\/2025\/08\/rdp_01_11_15.png\" target=\"_blank\" rel=\" noreferrer noopener\"><img loading=\"lazy\" decoding=\"async\" width=\"76\" height=\"54\" src=\"http:\/\/enfantsdecholet.fr\/wp-content\/uploads\/2025\/08\/icone_revue_de_presse.png\" alt=\"\" class=\"wp-image-974\"\/><\/a><\/figure>\n<\/div>\n\n\n\n<div class=\"wp-block-group has-background is-nowrap is-layout-flex wp-container-core-group-is-layout-f280ee60 wp-block-group-is-layout-flex\" style=\"border-bottom-color:var(--wp--preset--color--luminous-vivid-orange);border-left-color:var(--wp--preset--color--luminous-vivid-orange);background-color:#046bd133;margin-top:10rem;margin-bottom:var(--wp--preset--spacing--50);padding-top:0;padding-bottom:0\">\n<div class=\"wp-block-columns wp-container-content-9cfa9a5a is-layout-flex wp-container-core-columns-is-layout-aa016f2c wp-block-columns-is-layout-flex\" style=\"padding-bottom:var(--wp--preset--spacing--50)\">\n<div class=\"wp-block-column is-vertically-aligned-center is-layout-flow wp-block-column-is-layout-flow\" style=\"padding-top:var(--wp--preset--spacing--50)\">\n<h2 class=\"wp-block-heading has-text-align-center has-luminous-vivid-orange-color has-text-color has-link-color wp-elements-f3640b0eaaad44777a8db075161ea814\" style=\"font-size:3vh\">Archives 2014\/2015<\/h2>\n<\/div>\n<\/div>\n\n\n\n<figure class=\"wp-block-image size-full\" style=\"margin-right:var(--wp--preset--spacing--60)\"><a href=\"https:\/\/enfantsdecholet.fr\/index.php\/revue-de-presse-archives-2014-2015\/\" target=\"_blank\" rel=\" noreferrer noopener\"><img loading=\"lazy\" decoding=\"async\" width=\"76\" height=\"54\" src=\"http:\/\/enfantsdecholet.fr\/wp-content\/uploads\/2025\/08\/icone_revue_de_presse.png\" alt=\"\" class=\"wp-image-974\"\/><\/a><\/figure>\n<\/div>\n\n\n\n<div class=\"wp-block-group alignwide has-background-color is-layout-flow wp-block-group-is-layout-flow\" style=\"margin-top:0;margin-bottom:0;padding-top:var(--wp--preset--spacing--50);padding-right:var(--wp--preset--spacing--30);padding-bottom:var(--wp--preset--spacing--50);padding-left:var(--wp--preset--spacing--30);font-size:2em\">\n<div class=\"wp-block-group has-border-color has-luminous-vivid-orange-border-color has-small-font-size is-content-justification-space-between is-layout-flex wp-container-core-group-is-layout-018c2fd6 wp-block-group-is-layout-flex\" style=\"min-height:0px;padding-top:0;padding-right:var(--wp--preset--spacing--20);padding-bottom:0;padding-left:var(--wp--preset--spacing--20)\">\n<p class=\"has-text-color\" style=\"color:#b1c900;padding-top:0rem;padding-right:0px;padding-bottom:0rem;padding-left:0px;font-size:1.8vh\">Pour nous contacter : <\/p>\n\n\n\n<p style=\"padding-top:0rem;padding-right:var(--wp--preset--spacing--20);padding-bottom:0rem;padding-left:var(--wp--preset--spacing--20);font-size:1.8vh\">Les Enfants de Cholet &#8211; 48, rue des Bons Enfants &#8211; 49300 CHOLET &#8211; T\u00e9l&nbsp;: 02 41 75 54 91 &#8211;   <\/p>\n\n\n\n<p class=\"wp-container-content-9cfa9a5a\" style=\"font-size:1.8vh\">Mail&nbsp;: <a href=\"mailto:enfcholetgym@free.fr\">enfcholetgym@free.fr<\/a><\/p>\n<\/div>\n<\/div>\n","protected":false},"excerpt":{"rendered":"<p>Geffard, pour le plaisir Courrier de l&rsquo;Ouest du 12\/06\/2016 Les Enfants de Cholet qualifient deux \u00e9quipes pour les France \u00e0 [&hellip;]<\/p>\n","protected":false},"author":1,"featured_media":0,"parent":0,"menu_order":0,"comment_status":"closed","ping_status":"closed","template":"","meta":{"_lmt_disableupdate":"","_lmt_disable":"yes","site-sidebar-layout":"no-sidebar","site-content-layout":"","ast-site-content-layout":"full-width-container","site-content-style":"default","site-sidebar-style":"default","ast-global-header-display":"","ast-banner-title-visibility":"","ast-main-header-display":"","ast-hfb-above-header-display":"","ast-hfb-below-header-display":"","ast-hfb-mobile-header-display":"","site-post-title":"disabled","ast-breadcrumbs-content":"","ast-featured-img":"","footer-sml-layout":"","ast-disable-related-posts":"","theme-transparent-header-meta":"","adv-header-id-meta":"","stick-header-meta":"","header-above-stick-meta":"","header-main-stick-meta":"","header-below-stick-meta":"","astra-migrate-meta-layouts":"default","ast-page-background-enabled":"default","ast-page-background-meta":{"desktop":{"background-color":"var(--ast-global-color-5)","background-image":"","background-repeat":"repeat","background-position":"center center","background-size":"auto","background-attachment":"scroll","background-type":"","background-media":"","overlay-type":"","overlay-color":"","overlay-opacity":"","overlay-gradient":""},"tablet":{"background-color":"","background-image":"","background-repeat":"repeat","background-position":"center center","background-size":"auto","background-attachment":"scroll","background-type":"","background-media":"","overlay-type":"","overlay-color":"","overlay-opacity":"","overlay-gradient":""},"mobile":{"background-color":"","background-image":"","background-repeat":"repeat","background-position":"center center","background-size":"auto","background-attachment":"scroll","background-type":"","background-media":"","overlay-type":"","overlay-color":"","overlay-opacity":"","overlay-gradient":""}},"ast-content-background-meta":{"desktop":{"background-color":"var(--ast-global-color-4)","background-image":"","background-repeat":"repeat","background-position":"center center","background-size":"auto","background-attachment":"scroll","background-type":"","background-media":"","overlay-type":"","overlay-color":"","overlay-opacity":"","overlay-gradient":""},"tablet":{"background-color":"var(--ast-global-color-4)","background-image":"","background-repeat":"repeat","background-position":"center center","background-size":"auto","background-attachment":"scroll","background-type":"","background-media":"","overlay-type":"","overlay-color":"","overlay-opacity":"","overlay-gradient":""},"mobile":{"background-color":"var(--ast-global-color-4)","background-image":"","background-repeat":"repeat","background-position":"center center","background-size":"auto","background-attachment":"scroll","background-type":"","background-media":"","overlay-type":"","overlay-color":"","overlay-opacity":"","overlay-gradient":""}},"footnotes":""},"class_list":["post-1397","page","type-page","status-publish","hentry"],"_links":{"self":[{"href":"https:\/\/enfantsdecholet.fr\/index.php\/wp-json\/wp\/v2\/pages\/1397","targetHints":{"allow":["GET"]}}],"collection":[{"href":"https:\/\/enfantsdecholet.fr\/index.php\/wp-json\/wp\/v2\/pages"}],"about":[{"href":"https:\/\/enfantsdecholet.fr\/index.php\/wp-json\/wp\/v2\/types\/page"}],"author":[{"embeddable":true,"href":"https:\/\/enfantsdecholet.fr\/index.php\/wp-json\/wp\/v2\/users\/1"}],"replies":[{"embeddable":true,"href":"https:\/\/enfantsdecholet.fr\/index.php\/wp-json\/wp\/v2\/comments?post=1397"}],"version-history":[{"count":13,"href":"https:\/\/enfantsdecholet.fr\/index.php\/wp-json\/wp\/v2\/pages\/1397\/revisions"}],"predecessor-version":[{"id":2484,"href":"https:\/\/enfantsdecholet.fr\/index.php\/wp-json\/wp\/v2\/pages\/1397\/revisions\/2484"}],"wp:attachment":[{"href":"https:\/\/enfantsdecholet.fr\/index.php\/wp-json\/wp\/v2\/media?parent=1397"}],"curies":[{"name":"wp","href":"https:\/\/api.w.org\/{rel}","templated":true}]}}