{"id":162,"date":"2025-07-20T21:19:00","date_gmt":"2025-07-20T19:19:00","guid":{"rendered":"http:\/\/olrio.fr\/?page_id=162"},"modified":"2025-11-25T09:04:05","modified_gmt":"2025-11-25T07:04:05","slug":"le-club","status":"publish","type":"page","link":"https:\/\/enfantsdecholet.fr\/index.php\/le-club\/","title":{"rendered":"Le Club"},"content":{"rendered":"\n<div class=\"wp-block-columns is-not-stacked-on-mobile body { color: red;} is-style-default has-background has-medium-font-size is-layout-flex wp-container-core-columns-is-layout-9c5bac79 wp-block-columns-is-layout-flex\" style=\"border-bottom-color:var(--wp--preset--color--luminous-vivid-orange);border-left-color:var(--wp--preset--color--luminous-vivid-orange);background-color:#046bd133;margin-top:0;margin-bottom:var(--wp--preset--spacing--50);padding-top:0px;padding-right:var(--wp--preset--spacing--20);padding-bottom:0px;padding-left:var(--wp--preset--spacing--20)\">\n<div class=\"wp-block-column body.siteorigin-panels { margin-right: 0; margin-left:0; } is-layout-flow wp-block-column-is-layout-flow\" style=\"padding-top:var(--wp--preset--spacing--40);padding-right:var(--wp--preset--spacing--40);padding-bottom:var(--wp--preset--spacing--40);padding-left:var(--wp--preset--spacing--40);flex-basis:100%\">\n<h2 class=\"wp-block-heading has-text-align-center has-luminous-vivid-orange-color has-text-color has-link-color wp-elements-512924dd14f3525fb9f5949f90581539\" style=\"font-size:3vh\">Calendrier des \u00e9v\u00e8nements 2025-2026<\/h2>\n\n\n\n<figure style=\"font-size:1.8vh\" class=\"wp-block-table\"><table class=\"has-fixed-layout\" style=\"border-style:none;border-width:0px\"><tbody><tr><td>Gala Petite Enfance<\/td><td>Samedi 6 d\u00e9cembre<\/td><td><a href=\"http:\/\/enfantsdecholet.fr\/index.php\/salle-gregoire-coordonnees-et-plan\/\" data-type=\"page\" data-id=\"481\" target=\"_blank\" rel=\"noreferrer noopener\">Salle Gr\u00e9goire<\/a><\/td><\/tr><tr><td>Gala GR\/GAF\/GAM<\/td><td>Samedi 20 d\u00e9cembre<\/td><td><a href=\"http:\/\/enfantsdecholet.fr\/index.php\/salle-du-bellay-coordonnees-et-plan\/\" data-type=\"page\" data-id=\"465\" target=\"_blank\" rel=\"noreferrer noopener\">Salle Du Bellay<\/a><\/td><\/tr><tr><td>Organisation finale d\u00e9partementale GAF<\/td><td>7 et 8 mars<\/td><td><a href=\"http:\/\/enfantsdecholet.fr\/index.php\/salle-du-bellay-coordonnees-et-plan\/\" data-type=\"page\" data-id=\"498\" target=\"_blank\" rel=\"noreferrer noopener\">Salle Du Bellay<\/a><\/td><\/tr><tr><td>Challenge GAF\/GAM\/GR<\/td><td>Samedi 21 mars<\/td><td><a href=\"http:\/\/enfantsdecholet.fr\/index.php\/salle-gregoire-coordonnees-et-plan\/\" data-type=\"page\" data-id=\"458\" target=\"_blank\" rel=\"noreferrer noopener\">Salle Gr\u00e9goire<\/a><\/td><\/tr><tr><td>Assembl\u00e9e g\u00e9n\u00e9rale<\/td><td>Mercredi 17 juin<\/td><td><a href=\"http:\/\/enfantsdecholet.fr\/index.php\/salle-la-bruyere-coordonnees-et-plan\/\" data-type=\"page\" data-id=\"478\" target=\"_blank\" rel=\"noreferrer noopener\">Salle La Bruy\u00e8re<\/a><\/td><\/tr><tr><td>F\u00eate du club et spectacle GR<\/td><td>Samedi 27 juin<\/td><td><a href=\"http:\/\/enfantsdecholet.fr\/index.php\/salle-gregoire-coordonnees-et-plan\/\" data-type=\"page\" data-id=\"498\" target=\"_blank\" rel=\"noreferrer noopener\">Salle Gr\u00e9goire<\/a><\/td><\/tr><\/tbody><\/table><\/figure>\n<\/div>\n<\/div>\n\n\n\n<div class=\"wp-block-columns is-not-stacked-on-mobile body { color: red;} is-style-default has-background has-medium-font-size is-layout-flex wp-container-core-columns-is-layout-9c5bac79 wp-block-columns-is-layout-flex\" style=\"border-bottom-color:var(--wp--preset--color--luminous-vivid-orange);border-left-color:var(--wp--preset--color--luminous-vivid-orange);background-color:#046bd133;margin-top:0;margin-bottom:var(--wp--preset--spacing--50);padding-top:0px;padding-right:var(--wp--preset--spacing--20);padding-bottom:0px;padding-left:var(--wp--preset--spacing--20)\">\n<div class=\"wp-block-column body.siteorigin-panels { margin-right: 0; margin-left:0; } is-layout-flow wp-block-column-is-layout-flow\" style=\"padding-top:var(--wp--preset--spacing--40);padding-right:var(--wp--preset--spacing--40);padding-bottom:var(--wp--preset--spacing--40);padding-left:var(--wp--preset--spacing--40);flex-basis:80%\">\n<h2 class=\"wp-block-heading has-text-align-center has-luminous-vivid-orange-color has-text-color has-link-color wp-elements-da52ffa9a1332e562daf3ea28fc4b8f8\" style=\"font-size:3vh\">Pr\u00e9sentation du club<\/h2>\n\n\n\n<p style=\"font-size:1.8vh\">Le 20 janvier 1889, la volont\u00e9 de quelques choletais attach\u00e9s \u00e0 la bonne forme physique des jeunes gens de la ville et des alentours se concr\u00e9tisait par la cr\u00e9ation d\u2019une soci\u00e9t\u00e9 de gymnastique. Quelques ann\u00e9es plus tard, celle-ci fut rebaptis\u00e9e Enfants de Cholet.<\/p>\n\n\n\n<p style=\"font-size:1.8vh\">En pr\u00e8s de 130 ans d\u2019existence, la plus ancienne association sportive de la ville a connu bien des \u00e9volutions et travers\u00e9 nombre de turbulences port\u00e9e par l\u2019enthousiasme et le dynamisme de ses adh\u00e9rents.<\/p>\n\n\n\n<p style=\"font-size:1.8vh\">Le club, toujours anim\u00e9 par ses valeurs d\u2019origine, r\u00e9unit aujourd\u2019hui plus de 470 adh\u00e9rents de 2 \u00e0 75 ans.<\/p>\n<\/div>\n\n\n\n<div class=\"wp-block-column is-vertically-aligned-center is-layout-flow wp-block-column-is-layout-flow\" style=\"flex-basis:20%\">\n<figure class=\"wp-block-image aligncenter size-full\" style=\"margin-right:var(--wp--preset--spacing--60);margin-left:var(--wp--preset--spacing--60)\"><a href=\"https:\/\/photos.app.goo.gl\/qdfxYP8E4PWW3gWaA\" target=\"_blank\" rel=\" noreferrer noopener\"><img loading=\"lazy\" decoding=\"async\" width=\"102\" height=\"101\" src=\"http:\/\/enfantsdecholet.fr\/wp-content\/uploads\/2025\/07\/video_link-1.png\" alt=\"\" class=\"wp-image-106\"\/><\/a><\/figure>\n<\/div>\n<\/div>\n\n\n\n<div class=\"wp-block-columns is-not-stacked-on-mobile body { color: red;} is-style-default has-background has-medium-font-size is-layout-flex wp-container-core-columns-is-layout-9c5bac79 wp-block-columns-is-layout-flex\" style=\"border-bottom-color:var(--wp--preset--color--luminous-vivid-orange);border-left-color:var(--wp--preset--color--luminous-vivid-orange);background-color:#046bd133;margin-top:0;margin-bottom:var(--wp--preset--spacing--50);padding-top:0px;padding-right:var(--wp--preset--spacing--20);padding-bottom:0px;padding-left:var(--wp--preset--spacing--20)\">\n<div class=\"wp-block-column body.siteorigin-panels { margin-right: 0; margin-left:0; } is-layout-flow wp-block-column-is-layout-flow\" style=\"padding-top:var(--wp--preset--spacing--40);padding-right:var(--wp--preset--spacing--40);padding-bottom:var(--wp--preset--spacing--40);padding-left:var(--wp--preset--spacing--40);flex-basis:100%\">\n<h2 class=\"wp-block-heading has-text-align-center has-luminous-vivid-orange-color has-text-color has-link-color wp-elements-9e6d6adfb1c2538a25e02a27f2f12145\" style=\"font-size:3vh\">Activit\u00e9s propos\u00e9es<\/h2>\n\n\n\n<div class=\"wp-block-group is-content-justification-left is-layout-flex wp-container-core-group-is-layout-b2b99696 wp-block-group-is-layout-flex\" style=\"margin-top:1vh;margin-bottom:1vh\">\n<p class=\"has-text-align-left wp-container-content-19f5658e\" style=\"font-size:1.8vh\">Aux Enfants de Cholet, la gymnastique se conjugue au masculin et au f\u00e9minin, de la petite enfance aux seniors, en loisir comme en comp\u00e9tition : babygym, gymnastique adulte, gymnastique rythmique, gymnastique artistique masculine et f\u00e9minine.<\/p>\n\n\n\n<figure class=\"wp-block-image size-full\" style=\"margin-right:var(--wp--preset--spacing--60);margin-left:var(--wp--preset--spacing--60)\"><a href=\"https:\/\/photos.app.goo.gl\/AGKauGrdxuxob31V9\" target=\"_blank\" rel=\" noreferrer noopener\"><img loading=\"lazy\" decoding=\"async\" width=\"102\" height=\"101\" src=\"http:\/\/enfantsdecholet.fr\/wp-content\/uploads\/2025\/07\/video_link-1.png\" alt=\"\" class=\"wp-image-106\"\/><\/a><\/figure>\n<\/div>\n\n\n\n<p style=\"font-size:1.8vh\"><a href=\"http:\/\/enfantsdecholet.fr\/index.php\/activites\/\" data-type=\"page\" data-id=\"632\">Plus de d\u00e9tails &#8230;.<\/a><\/p>\n<\/div>\n<\/div>\n\n\n\n<div class=\"wp-block-columns is-not-stacked-on-mobile body { color: red;} is-style-default has-background has-medium-font-size is-layout-flex wp-container-core-columns-is-layout-9c5bac79 wp-block-columns-is-layout-flex\" style=\"border-bottom-color:var(--wp--preset--color--luminous-vivid-orange);border-left-color:var(--wp--preset--color--luminous-vivid-orange);background-color:#046bd133;margin-top:0;margin-bottom:var(--wp--preset--spacing--50);padding-top:0px;padding-right:var(--wp--preset--spacing--20);padding-bottom:0px;padding-left:var(--wp--preset--spacing--20)\">\n<div class=\"wp-block-column body.siteorigin-panels { margin-right: 0; margin-left:0; } is-layout-flow wp-block-column-is-layout-flow\" style=\"padding-top:var(--wp--preset--spacing--40);padding-right:var(--wp--preset--spacing--40);padding-bottom:var(--wp--preset--spacing--40);padding-left:var(--wp--preset--spacing--40);flex-basis:100%\">\n<h2 class=\"wp-block-heading has-text-align-center has-luminous-vivid-orange-color has-text-color has-link-color wp-elements-6e5bed223a2825428d5528d3cc99410e\" style=\"font-size:3vh\">Encadrement et juges<\/h2>\n\n\n\n<p style=\"margin-bottom:0;font-size:1.8vh\">Les Enfants de Cholet, ce sont \u00e9galement une cinquantaine de cadres et\/ou juges dont :<\/p>\n\n\n\n<ul style=\"margin-top:0;padding-left:var(--wp--preset--spacing--60)\" class=\"wp-block-list\">\n<li style=\"font-size:1.8vh\">6 salari\u00e9s \u00e9ducateurs sportifs dipl\u00f4m\u00e9s<\/li>\n\n\n\n<li style=\"font-size:1.8vh\">34 cadres b\u00e9n\u00e9voles<\/li>\n\n\n\n<li style=\"font-size:1.8vh\">31 juges<\/li>\n<\/ul>\n\n\n\n<p style=\"font-size:1.8vh\"><a href=\"https:\/\/enfantsdecholet.fr\/wp-content\/uploads\/2025\/10\/Trombinoscope_2025_2026.pdf\" data-type=\"attachment\" data-id=\"2276\" target=\"_blank\" rel=\"noreferrer noopener\">Le trombinoscope\u2026<\/a><\/p>\n<\/div>\n<\/div>\n\n\n\n<div class=\"wp-block-columns is-not-stacked-on-mobile body { color: red;} is-style-default has-background has-medium-font-size is-layout-flex wp-container-core-columns-is-layout-9c5bac79 wp-block-columns-is-layout-flex\" style=\"border-bottom-color:var(--wp--preset--color--luminous-vivid-orange);border-left-color:var(--wp--preset--color--luminous-vivid-orange);background-color:#046bd133;margin-top:0;margin-bottom:var(--wp--preset--spacing--50);padding-top:0px;padding-right:var(--wp--preset--spacing--20);padding-bottom:0px;padding-left:var(--wp--preset--spacing--20)\">\n<div class=\"wp-block-column body.siteorigin-panels { margin-right: 0; margin-left:0; } is-layout-flow wp-block-column-is-layout-flow\" style=\"padding-top:var(--wp--preset--spacing--40);padding-right:var(--wp--preset--spacing--40);padding-bottom:var(--wp--preset--spacing--40);padding-left:var(--wp--preset--spacing--40);flex-basis:100%\">\n<h2 class=\"wp-block-heading has-text-align-center has-luminous-vivid-orange-color has-text-color has-link-color wp-elements-029fc211e8ccb81e0fc93f4d9f5d3050\" style=\"font-size:3vh\">Dirigeants, statuts et r\u00e8glement int\u00e9rieur<\/h2>\n\n\n\n<p style=\"font-size:1.8vh\">20 <a href=\"https:\/\/enfantsdecholet.fr\/wp-content\/uploads\/2025\/10\/Dirigeants_2025_2026.pdf\" data-type=\"attachment\" data-id=\"2275\" target=\"_blank\" rel=\"noreferrer noopener\">dirigeants b\u00e9n\u00e9voles<\/a> d\u00e9terminent les orientations de l\u2019association et arr\u00eatent les d\u00e9cisions.<\/p>\n\n\n\n<p style=\"font-size:1.8vh\">Ils assurent la gestion quotidienne du club et l\u2019organisation des \u00e9v\u00e8nements r\u00e9currents ou exceptionnels.<\/p>\n\n\n\n<p style=\"font-size:1.8vh\"><a href=\"http:\/\/enfantsdecholet.fr\/wp-content\/uploads\/2025\/08\/Statuts.pdf\" data-type=\"attachment\" data-id=\"620\" target=\"_blank\" rel=\"noreferrer noopener\">Pour d\u00e9couvrir les statuts de l\u2019association\u2026<\/a><\/p>\n\n\n\n<p style=\"font-size:1.8vh\"><a href=\"http:\/\/enfantsdecholet.fr\/wp-content\/uploads\/2025\/08\/RI_approbation_AG_14_06_18.pdf\" data-type=\"attachment\" data-id=\"621\" target=\"_blank\" rel=\"noreferrer noopener\">Pour consulter le r\u00e8glement int\u00e9rieur\u2026<\/a><\/p>\n<\/div>\n<\/div>\n\n\n\n<div class=\"wp-block-columns is-not-stacked-on-mobile body { color: red;} is-style-default has-background has-medium-font-size is-layout-flex wp-container-core-columns-is-layout-d5802a08 wp-block-columns-is-layout-flex\" style=\"border-bottom-color:var(--wp--preset--color--luminous-vivid-orange);border-left-color:var(--wp--preset--color--luminous-vivid-orange);background-color:#046bd133;margin-top:0;margin-bottom:0;padding-top:0px;padding-right:var(--wp--preset--spacing--20);padding-bottom:0px;padding-left:var(--wp--preset--spacing--20)\">\n<div class=\"wp-block-column body.siteorigin-panels { margin-right: 0; margin-left:0; } is-layout-flow wp-block-column-is-layout-flow\" style=\"padding-top:var(--wp--preset--spacing--40);padding-right:var(--wp--preset--spacing--40);padding-bottom:var(--wp--preset--spacing--40);padding-left:var(--wp--preset--spacing--40);flex-basis:100%\">\n<h2 class=\"wp-block-heading has-text-align-center has-luminous-vivid-orange-color has-text-color has-link-color wp-elements-8b7cb18807f3d7fbf35e95159d5e0c16\" style=\"font-size:3vh\">Historique<\/h2>\n\n\n\n<div class=\"wp-block-group is-layout-flex wp-block-group-is-layout-flex\" style=\"margin-top:1vh;margin-bottom:1vh\">\n<p class=\"wp-container-content-d0f1e62e\" style=\"font-size:1.8vh\">Tous les \u00e9v\u00e8nements majeurs depuis la cr\u00e9ation du club, en 1889.<\/p>\n\n\n\n<figure class=\"wp-block-image size-full\"><a href=\"https:\/\/photos.app.goo.gl\/jX9pDJLnzGMnqoMQA\"><img loading=\"lazy\" decoding=\"async\" width=\"102\" height=\"101\" src=\"http:\/\/enfantsdecholet.fr\/wp-content\/uploads\/2025\/07\/video_link-1.png\" alt=\"\" class=\"wp-image-106\"\/><\/a><\/figure>\n<\/div>\n\n\n\n<p style=\"font-size:1.8vh\">Plus de d\u00e9tails &#8230;.<\/p>\n<\/div>\n<\/div>\n\n\n\n<div class=\"wp-block-group alignwide has-background-color is-layout-flow wp-block-group-is-layout-flow\" style=\"margin-top:0;margin-bottom:0;padding-top:var(--wp--preset--spacing--50);padding-right:var(--wp--preset--spacing--30);padding-bottom:var(--wp--preset--spacing--50);padding-left:var(--wp--preset--spacing--30)\">\n<div class=\"wp-block-group has-border-color has-luminous-vivid-orange-border-color has-small-font-size is-content-justification-space-between is-layout-flex wp-container-core-group-is-layout-018c2fd6 wp-block-group-is-layout-flex\" style=\"min-height:0px;padding-top:0;padding-right:var(--wp--preset--spacing--20);padding-bottom:0;padding-left:var(--wp--preset--spacing--20)\">\n<p class=\"has-text-color has-link-color wp-elements-287f1295262d285008378019f005cddd\" style=\"color:#b1c900;padding-top:0rem;padding-right:0px;padding-bottom:0rem;padding-left:0px;font-size:1.8vh\">Pour nous contacter : <\/p>\n\n\n\n<p style=\"padding-top:0rem;padding-right:var(--wp--preset--spacing--20);padding-bottom:0rem;padding-left:var(--wp--preset--spacing--20);font-size:1.8vh\">Les Enfants de Cholet &#8211; 48, rue des Bons Enfants &#8211; 49300 CHOLET &#8211; T\u00e9l&nbsp;: 02 41 75 54 91 &#8211;   <\/p>\n\n\n\n<p class=\"wp-container-content-9cfa9a5a\" style=\"font-size:1.8vh\">Mail&nbsp;: <a href=\"mailto:enfcholetgym@free.fr\">enfcholetgym@free.fr<\/a><\/p>\n<\/div>\n<\/div>\n","protected":false},"excerpt":{"rendered":"<p>Calendrier des \u00e9v\u00e8nements 2025-2026 Gala Petite Enfance Samedi 6 d\u00e9cembre Salle Gr\u00e9goire Gala GR\/GAF\/GAM Samedi 20 d\u00e9cembre Salle Du Bellay [&hellip;]<\/p>\n","protected":false},"author":1,"featured_media":0,"parent":0,"menu_order":0,"comment_status":"closed","ping_status":"closed","template":"","meta":{"_lmt_disableupdate":"","_lmt_disable":"yes","site-sidebar-layout":"no-sidebar","site-content-layout":"","ast-site-content-layout":"full-width-container","site-content-style":"default","site-sidebar-style":"default","ast-global-header-display":"","ast-banner-title-visibility":"","ast-main-header-display":"","ast-hfb-above-header-display":"","ast-hfb-below-header-display":"","ast-hfb-mobile-header-display":"","site-post-title":"disabled","ast-breadcrumbs-content":"","ast-featured-img":"","footer-sml-layout":"","ast-disable-related-posts":"","theme-transparent-header-meta":"","adv-header-id-meta":"","stick-header-meta":"","header-above-stick-meta":"","header-main-stick-meta":"","header-below-stick-meta":"","astra-migrate-meta-layouts":"default","ast-page-background-enabled":"default","ast-page-background-meta":{"desktop":{"background-color":"var(--ast-global-color-5)","background-image":"","background-repeat":"repeat","background-position":"center center","background-size":"auto","background-attachment":"scroll","background-type":"","background-media":"","overlay-type":"","overlay-color":"","overlay-opacity":"","overlay-gradient":""},"tablet":{"background-color":"","background-image":"","background-repeat":"repeat","background-position":"center center","background-size":"auto","background-attachment":"scroll","background-type":"","background-media":"","overlay-type":"","overlay-color":"","overlay-opacity":"","overlay-gradient":""},"mobile":{"background-color":"","background-image":"","background-repeat":"repeat","background-position":"center center","background-size":"auto","background-attachment":"scroll","background-type":"","background-media":"","overlay-type":"","overlay-color":"","overlay-opacity":"","overlay-gradient":""}},"ast-content-background-meta":{"desktop":{"background-color":"var(--ast-global-color-4)","background-image":"","background-repeat":"repeat","background-position":"center center","background-size":"auto","background-attachment":"scroll","background-type":"","background-media":"","overlay-type":"","overlay-color":"","overlay-opacity":"","overlay-gradient":""},"tablet":{"background-color":"var(--ast-global-color-4)","background-image":"","background-repeat":"repeat","background-position":"center center","background-size":"auto","background-attachment":"scroll","background-type":"","background-media":"","overlay-type":"","overlay-color":"","overlay-opacity":"","overlay-gradient":""},"mobile":{"background-color":"var(--ast-global-color-4)","background-image":"","background-repeat":"repeat","background-position":"center center","background-size":"auto","background-attachment":"scroll","background-type":"","background-media":"","overlay-type":"","overlay-color":"","overlay-opacity":"","overlay-gradient":""}},"footnotes":""},"class_list":["post-162","page","type-page","status-publish","hentry"],"_links":{"self":[{"href":"https:\/\/enfantsdecholet.fr\/index.php\/wp-json\/wp\/v2\/pages\/162","targetHints":{"allow":["GET"]}}],"collection":[{"href":"https:\/\/enfantsdecholet.fr\/index.php\/wp-json\/wp\/v2\/pages"}],"about":[{"href":"https:\/\/enfantsdecholet.fr\/index.php\/wp-json\/wp\/v2\/types\/page"}],"author":[{"embeddable":true,"href":"https:\/\/enfantsdecholet.fr\/index.php\/wp-json\/wp\/v2\/users\/1"}],"replies":[{"embeddable":true,"href":"https:\/\/enfantsdecholet.fr\/index.php\/wp-json\/wp\/v2\/comments?post=162"}],"version-history":[{"count":24,"href":"https:\/\/enfantsdecholet.fr\/index.php\/wp-json\/wp\/v2\/pages\/162\/revisions"}],"predecessor-version":[{"id":2338,"href":"https:\/\/enfantsdecholet.fr\/index.php\/wp-json\/wp\/v2\/pages\/162\/revisions\/2338"}],"wp:attachment":[{"href":"https:\/\/enfantsdecholet.fr\/index.php\/wp-json\/wp\/v2\/media?parent=162"}],"curies":[{"name":"wp","href":"https:\/\/api.w.org\/{rel}","templated":true}]}}