{"id":2095,"date":"2025-09-17T11:09:10","date_gmt":"2025-09-17T09:09:10","guid":{"rendered":"https:\/\/olrio.fr\/?page_id=2095"},"modified":"2026-02-01T18:49:31","modified_gmt":"2026-02-01T16:49:31","slug":"archives-site-2012-2013","status":"publish","type":"page","link":"https:\/\/enfantsdecholet.fr\/index.php\/archives-site-2012-2013\/","title":{"rendered":"Archives site 2012-2013"},"content":{"rendered":"\n<div class=\"wp-block-group is-nowrap is-layout-flex wp-container-core-group-is-layout-6c531013 wp-block-group-is-layout-flex\">\n<figure class=\"wp-block-image size-full\"><a href=\"https:\/\/enfantsdecholet.fr\/index.php\/archives-site-2013-2014\/\"><img loading=\"lazy\" decoding=\"async\" width=\"62\" height=\"45\" src=\"http:\/\/enfantsdecholet.fr\/wp-content\/uploads\/2026\/02\/fleche_precedent-e1769949002954.png\" alt=\"\" class=\"wp-image-2446\"\/><\/a><\/figure>\n\n\n\n<figure class=\"wp-block-image size-full\"><a href=\"https:\/\/enfantsdecholet.fr\/index.php\/archives-site-2011-2012\/\"><img loading=\"lazy\" decoding=\"async\" width=\"60\" height=\"45\" src=\"http:\/\/enfantsdecholet.fr\/wp-content\/uploads\/2026\/02\/fleche_suivant-e1769948804904.png\" alt=\"\" class=\"wp-image-2447\"\/><\/a><\/figure>\n<\/div>\n\n\n\n<div class=\"wp-block-columns has-background is-content-justification-center is-nowrap is-layout-flex wp-container-core-columns-is-layout-cf6fb8bb wp-block-columns-is-layout-flex\" style=\"border-bottom-color:var(--wp--preset--color--luminous-vivid-orange);border-left-color:var(--wp--preset--color--luminous-vivid-orange);background-color:#046bd133;margin-top:0;margin-bottom:var(--wp--preset--spacing--50)\">\n<div class=\"wp-block-column is-layout-flow wp-block-column-is-layout-flow\" style=\"padding-right:var(--wp--preset--spacing--40);padding-bottom:var(--wp--preset--spacing--40);padding-left:var(--wp--preset--spacing--40);flex-basis:100%\">\n<div class=\"wp-block-group is-content-justification-center is-nowrap is-layout-flex wp-container-core-group-is-layout-23441af8 wp-block-group-is-layout-flex\">\n<div class=\"wp-block-columns wp-container-content-006212af is-layout-flex wp-container-core-columns-is-layout-28f84493 wp-block-columns-is-layout-flex\">\n<div class=\"wp-block-column is-layout-flow wp-block-column-is-layout-flow\">\n<h2 class=\"wp-block-heading has-luminous-vivid-orange-color has-text-color has-link-color wp-elements-144f1f4923a98dd05a8238bbefa1cd72\" style=\"font-size:3vh\">Finales nationales pour les Enfants de Cholet<\/h2>\n\n\n\n<p style=\"margin-top:1vh;margin-bottom:1vh;font-size:1.8vh\"><strong>10, 11 et 12 mai, Championnat de France individuel GAF\/GAM<\/strong><\/p>\n\n\n\n<p style=\"margin-top:1vh;margin-bottom:1vh;font-size:1.8vh\">Romane r\u00e9alise une belle performance en se classant 8<sup>\u00e8me<\/sup> du Championnat de France Espoir. <\/p>\n\n\n\n<p style=\"margin-top:1vh;margin-bottom:1vh;font-size:1.8vh\">Retrouvez les r\u00e9sultats de Susie, Chlo\u00e9, Am\u00e9lie, Cl\u00e9mence, Joan et Orlane \u00e0 la page habituelle des comp\u00e9titions.<\/p>\n<\/div>\n<\/div>\n\n\n\n<figure class=\"wp-block-image size-full wp-container-content-577e1c61\"><img loading=\"lazy\" decoding=\"async\" width=\"141\" height=\"194\" src=\"http:\/\/enfantsdecholet.fr\/wp-content\/uploads\/2025\/09\/archives_club_2012_2013_1.png\" alt=\"\" class=\"wp-image-2090\"\/><\/figure>\n<\/div>\n\n\n\n<p style=\"margin-top:1vh;margin-bottom:1vh;font-size:1.8vh\"><strong>24, 25 et 26 mai, Championnat de France par \u00e9quipe des Divisions Nationales<\/strong><\/p>\n\n\n\n<p style=\"margin-top:1vh;margin-bottom:1vh;font-size:1.8vh\">A l&rsquo;issue d&rsquo;une comp\u00e9tition tr\u00e8s relev\u00e9e en DN2, l&rsquo;\u00e9quipe se classe 9<sup>\u00e8me<\/sup> sur les 14 pr\u00e9sentes.<\/p>\n\n\n\n<div class=\"wp-block-group is-content-justification-center is-nowrap is-layout-flex wp-container-core-group-is-layout-23441af8 wp-block-group-is-layout-flex\">\n<div class=\"wp-block-columns wp-container-content-663c14dd is-layout-flex wp-container-core-columns-is-layout-28f84493 wp-block-columns-is-layout-flex\">\n<div class=\"wp-block-column is-layout-flow wp-block-column-is-layout-flow\">\n<p style=\"margin-top:1vh;margin-bottom:1vh;font-size:1.8vh\"><strong>8 juin, Championnat de France GR des Divisions Crit\u00e9rium<\/strong><\/p>\n\n\n\n<p style=\"margin-top:1vh;margin-bottom:1vh;font-size:1.8vh\">L&rsquo;ensemble des minimes compos\u00e9 de Sofiya, Pauline, C\u00e9line, Elo\u00efse et Aliz\u00e9e s&rsquo;est class\u00e9 23<sup>\u00e8me<\/sup> lors des Championnats de France de division crit\u00e9rium 2 \u00e0 Valenciennes.<\/p>\n\n\n\n<p style=\"margin-top:1vh;margin-bottom:1vh;font-size:1.8vh\">Pour la troisi\u00e8me saison cons\u00e9cutive, les Enfants de Cholet \u00e9taient sur les praticables GR de Championnat de France. <\/p>\n\n\n\n<p style=\"margin-top:1vh;margin-bottom:1vh;font-size:1.8vh\">Cette nouvelle \u00e9dition t\u00e9moigne du travail r\u00e9alis\u00e9 au long cours par les entra\u00eeneurs, tous b\u00e9n\u00e9voles !<\/p>\n<\/div>\n<\/div>\n\n\n\n<figure class=\"wp-block-image size-full wp-container-content-2f62e668\"><img loading=\"lazy\" decoding=\"async\" width=\"252\" height=\"189\" src=\"http:\/\/enfantsdecholet.fr\/wp-content\/uploads\/2025\/09\/archives_club_2012_2013_2.png\" alt=\"\" class=\"wp-image-2091\"\/><\/figure>\n<\/div>\n\n\n\n<p style=\"margin-top:1vh;margin-bottom:1vh;font-size:1.8vh\">Le club est fier d&rsquo;avoir eu des repr\u00e9sentants des trois disciplines (GAM, GAF et GR) lors des Championnats de France 2013 !<\/p>\n<\/div>\n<\/div>\n\n\n\n<div class=\"wp-block-columns has-background is-content-justification-center is-nowrap is-layout-flex wp-container-core-columns-is-layout-cf6fb8bb wp-block-columns-is-layout-flex\" style=\"border-bottom-color:var(--wp--preset--color--luminous-vivid-orange);border-left-color:var(--wp--preset--color--luminous-vivid-orange);background-color:#046bd133;margin-top:0;margin-bottom:var(--wp--preset--spacing--50)\">\n<div class=\"wp-block-column is-layout-flow wp-block-column-is-layout-flow\" style=\"padding-right:var(--wp--preset--spacing--40);padding-bottom:var(--wp--preset--spacing--40);padding-left:var(--wp--preset--spacing--40);flex-basis:50%\">\n<h2 class=\"wp-block-heading has-luminous-vivid-orange-color has-text-color has-link-color wp-elements-30d6d5e9011e6990c68791da850a497a\" style=\"font-size:3vh\">Une finale nationale en DN2<\/h2>\n\n\n\n<p style=\"margin-top:1vh;margin-bottom:1vh;font-size:1.8vh\">Championne de la zone ouest, l\u2019\u00e9quipe constitu\u00e9e de Romane, Chlo\u00e9, Cl\u00e9mence, Susie, Orlane, Louise et Am\u00e9lie a obtenu le s\u00e9same pour les championnats de France avec une bonne longueur d\u2019avance. Leur total de points (184.600) laissait esp\u00e9rer une participation dans une division nationale de bon niveau. C\u2019est d\u00e9sormais chose faite puisque c\u2019est en DN2 que l\u2019\u00e9quipe d\u00e9fendra les couleurs du club \u00e0 Oyonnax le 24 mai prochain.<\/p>\n\n\n\n<p style=\"margin-top:1vh;margin-bottom:1vh;font-size:1.8vh\">Cela constitue une belle r\u00e9compense pour cette \u00e9quipe tr\u00e8s soud\u00e9e et leurs entraineurs Ani, B\u00e9atrice et Elena.<\/p>\n<\/div>\n\n\n\n<div class=\"wp-block-column is-vertically-aligned-center is-layout-flow wp-block-column-is-layout-flow\" style=\"flex-basis:50%\">\n<figure class=\"wp-block-image aligncenter size-full\"><img loading=\"lazy\" decoding=\"async\" width=\"446\" height=\"297\" src=\"http:\/\/enfantsdecholet.fr\/wp-content\/uploads\/2025\/09\/archives_club_2012_2013_3.png\" alt=\"\" class=\"wp-image-2092\" srcset=\"https:\/\/enfantsdecholet.fr\/wp-content\/uploads\/2025\/09\/archives_club_2012_2013_3.png 446w, https:\/\/enfantsdecholet.fr\/wp-content\/uploads\/2025\/09\/archives_club_2012_2013_3-300x200.png 300w\" sizes=\"auto, (max-width: 446px) 100vw, 446px\" \/><\/figure>\n<\/div>\n<\/div>\n\n\n\n<div class=\"wp-block-columns has-background is-content-justification-center is-nowrap is-layout-flex wp-container-core-columns-is-layout-cf6fb8bb wp-block-columns-is-layout-flex\" style=\"border-bottom-color:var(--wp--preset--color--luminous-vivid-orange);border-left-color:var(--wp--preset--color--luminous-vivid-orange);background-color:#046bd133;margin-top:0;margin-bottom:var(--wp--preset--spacing--50)\">\n<div class=\"wp-block-column is-layout-flow wp-block-column-is-layout-flow\" style=\"padding-right:var(--wp--preset--spacing--40);padding-bottom:var(--wp--preset--spacing--40);padding-left:var(--wp--preset--spacing--40);flex-basis:100%\">\n<h2 class=\"wp-block-heading has-luminous-vivid-orange-color has-text-color has-link-color wp-elements-87e5564d8e579f530b460816a253b939\" style=\"font-size:3vh\">Finales individuelles de la Zone Ouest<\/h2>\n\n\n\n<p style=\"margin-top:1vh;margin-bottom:1vh;font-size:1.8vh\">Chlo\u00e9 et Am\u00e9lie sont mont\u00e9es c\u00f4te \u00e0 c\u00f4te sur la premi\u00e8re marche du podium ce week-end \u00e0 Parign\u00e9 l\u2019Ev\u00eaque. Championnes de la Zone Ouest de leurs cat\u00e9gories respectives (Nationale B 17 ans et Nationale B 20 ans et moins), elles d\u00e9crochent ainsi brillamment leur qualification pour le Championnat de France individuel qui se d\u00e9roulera \u00e0 Cognac les 10, 11 et 12 mai.<\/p>\n\n\n\n<figure class=\"wp-block-image aligncenter size-full\"><img loading=\"lazy\" decoding=\"async\" width=\"376\" height=\"251\" src=\"http:\/\/enfantsdecholet.fr\/wp-content\/uploads\/2025\/09\/archives_club_2012_2013_4.png\" alt=\"\" class=\"wp-image-2093\" srcset=\"https:\/\/enfantsdecholet.fr\/wp-content\/uploads\/2025\/09\/archives_club_2012_2013_4.png 376w, https:\/\/enfantsdecholet.fr\/wp-content\/uploads\/2025\/09\/archives_club_2012_2013_4-300x200.png 300w\" sizes=\"auto, (max-width: 376px) 100vw, 376px\" \/><\/figure>\n\n\n\n<p style=\"margin-top:1vh;margin-bottom:1vh;font-size:1.8vh\">Susie et Cl\u00e9mence, 3\u00e8me et 5\u00e8me en Nationale B 14 ans ainsi qu\u2019Orlane, 3\u00e8me en Nationale B 13 ans se sont \u00e9galement qualifi\u00e9es pour le championnat de France en r\u00e9alisant de belles prestations. F\u00e9licitations \u00e0 toutes !<\/p>\n\n\n\n<p style=\"margin-top:1vh;margin-bottom:1vh;font-size:1.8vh\">Une tr\u00e8s bonne comp\u00e9tition \u00e9galement pour Joan qui confirme sa progression en finissant 6\u00e8me en Crit\u00e9rium 14 ans.<\/p>\n\n\n\n<p style=\"margin-top:1vh;margin-bottom:1vh;font-size:1.8vh\">Pour le d\u00e9tail des r\u00e9sultats rendez-vous \u00e0 la rubrique comp\u00e9titions.<\/p>\n<\/div>\n<\/div>\n\n\n\n<div class=\"wp-block-columns has-background is-content-justification-center is-nowrap is-layout-flex wp-container-core-columns-is-layout-cf6fb8bb wp-block-columns-is-layout-flex\" style=\"border-bottom-color:var(--wp--preset--color--luminous-vivid-orange);border-left-color:var(--wp--preset--color--luminous-vivid-orange);background-color:#046bd133;margin-top:0;margin-bottom:var(--wp--preset--spacing--50)\">\n<div class=\"wp-block-column is-layout-flow wp-block-column-is-layout-flow\" style=\"padding-right:var(--wp--preset--spacing--40);padding-bottom:var(--wp--preset--spacing--40);padding-left:var(--wp--preset--spacing--40);flex-basis:70%\">\n<h2 class=\"wp-block-heading has-luminous-vivid-orange-color has-text-color has-link-color wp-elements-cdd266a0369b9b9792f6b10962eef6df\" style=\"font-size:3vh\">Une organisation r\u00e9ussie gr\u00e2ce aux b\u00e9n\u00e9voles<\/h2>\n\n\n\n<p style=\"margin-top:1vh;margin-bottom:1vh;font-size:1.8vh\">Le club remercie vivement tous les b\u00e9n\u00e9voles qui se sont investis dans l&rsquo;organisation et le d\u00e9roulement de la finale r\u00e9gionale individuelle les 9 et 10 mars. Depuis l&rsquo;installation jusqu&rsquo;au rangement, tous se sont d\u00e9pens\u00e9s sans compter pour assurer un d\u00e9roulement de qualit\u00e9. Chacun peut \u00eatre satisfait d&rsquo;une organisation r\u00e9ussie. Encore merci.<\/p>\n\n\n\n<p style=\"margin-top:1vh;margin-bottom:1vh;font-size:1.8vh\">A l&rsquo;issue de cette comp\u00e9tition, 6 filles et 4 gar\u00e7ons iront d\u00e9fendre les couleurs du club en finale de zone individuelle pour la gymnastique artistique (Parign\u00e9 l\u2019Ev\u00e8que, les 30 et 31 mars).<\/p>\n\n\n\n<p style=\"margin-top:1vh;margin-bottom:1vh;font-size:1.8vh\">Et pour couronner ce weekend, de tr\u00e8s beaux r\u00e9sultats sportifs : 2 titres de championnes r\u00e9gionales, 3 vice-championnes et 1 vice-champion.<\/p>\n\n\n\n<p style=\"margin-top:1vh;margin-bottom:1vh;font-size:1.8vh\">Bravo aux gymnastes et \u00e0 leurs entra\u00eeneurs Ani, B\u00e9atrice, Elena et Nicolas !<\/p>\n<\/div>\n\n\n\n<div class=\"wp-block-column is-vertically-aligned-center is-layout-flow wp-block-column-is-layout-flow\" style=\"flex-basis:30%\">\n<figure class=\"wp-block-image aligncenter size-full\" style=\"margin-right:var(--wp--preset--spacing--30);margin-left:var(--wp--preset--spacing--30)\"><img loading=\"lazy\" decoding=\"async\" width=\"227\" height=\"314\" src=\"http:\/\/enfantsdecholet.fr\/wp-content\/uploads\/2025\/09\/archives_club_2012_2013_5.png\" alt=\"\" class=\"wp-image-2094\" srcset=\"https:\/\/enfantsdecholet.fr\/wp-content\/uploads\/2025\/09\/archives_club_2012_2013_5.png 227w, https:\/\/enfantsdecholet.fr\/wp-content\/uploads\/2025\/09\/archives_club_2012_2013_5-217x300.png 217w\" sizes=\"auto, (max-width: 227px) 100vw, 227px\" \/><\/figure>\n<\/div>\n<\/div>\n\n\n\n<div class=\"wp-block-columns has-background is-content-justification-center is-nowrap is-layout-flex wp-container-core-columns-is-layout-cf6fb8bb wp-block-columns-is-layout-flex\" style=\"border-bottom-color:var(--wp--preset--color--luminous-vivid-orange);border-left-color:var(--wp--preset--color--luminous-vivid-orange);background-color:#046bd133;margin-top:0;margin-bottom:var(--wp--preset--spacing--50)\">\n<div class=\"wp-block-column is-layout-flow wp-block-column-is-layout-flow\" style=\"padding-right:var(--wp--preset--spacing--40);padding-bottom:var(--wp--preset--spacing--40);padding-left:var(--wp--preset--spacing--40);flex-basis:100%\">\n<h2 class=\"wp-block-heading has-luminous-vivid-orange-color has-text-color has-link-color wp-elements-ab99a21f837f3bbb4263edcbc9beecb9\" style=\"font-size:3vh\">Finale D\u00e9partementale de Gymnastique Rythmique<\/h2>\n\n\n\n<p style=\"margin-top:1vh;margin-bottom:1vh;font-size:1.8vh\">Le 16 f\u00e9vrier se d\u00e9roulait \u00e0 la salle Du Bellay la finale d\u00e9partementale de GR coordonn\u00e9e de main de ma\u00eetre par Marie-No\u00eblle, vice pr\u00e9sidente du club :<\/p>\n\n\n\n<ul class=\"wp-block-list\">\n<li style=\"font-size:1.8vh\">des parents et membres du comit\u00e9 directeur unissant leur \u00e9nergie et leur enthousiasme,<\/li>\n\n\n\n<li style=\"font-size:1.8vh\">des entra\u00eeneurs attentifs \u00e0 la prestation des gymnastes,<\/li>\n\n\n\n<li style=\"font-size:1.8vh\">des juges efficaces,<\/li>\n\n\n\n<li style=\"font-size:1.8vh\">des gymnastes motiv\u00e9es et d\u00e9j\u00e0 dans la perspective de la prochaine \u00e9tape r\u00e9gionale,<\/li>\n\n\n\n<li style=\"font-size:1.8vh\">la satisfaction d\u2019une hausse significative de l\u2019effectif de gymnastes,<\/li>\n\n\n\n<li style=\"font-size:1.8vh\">le soutien d\u2019un public de plus en plus nombreux.<\/li>\n<\/ul>\n\n\n\n<p style=\"margin-top:1vh;margin-bottom:1vh;font-size:1.8vh\">Et une remise de r\u00e9compenses honor\u00e9e par la pr\u00e9sence de 3 \u00e9lus de la ville : M. Bourdouleix, d\u00e9put\u00e9 maire, Madame Dabin, adjointe aux sports et Monsieur Olivier Brachet, conseiller municipal.<\/p>\n\n\n\n<p style=\"margin-top:1vh;margin-bottom:1vh;font-size:1.8vh\">Bref, une comp\u00e9tition r\u00e9ussie qui confirme le dynamisme de la section gymnastique rythmique.<\/p>\n\n\n\n<p style=\"margin-top:1vh;margin-bottom:1vh;font-size:1.8vh\"><strong>Merci aux b\u00e9n\u00e9voles ! Bravo aux gymnastes et aux entra\u00eeneurs !<\/strong><\/p>\n<\/div>\n<\/div>\n\n\n\n<div class=\"wp-block-group alignwide has-background-color is-layout-flow wp-block-group-is-layout-flow\" style=\"margin-top:0;margin-bottom:0;padding-top:var(--wp--preset--spacing--50);padding-right:var(--wp--preset--spacing--30);padding-bottom:var(--wp--preset--spacing--50);padding-left:var(--wp--preset--spacing--30);font-size:2em\">\n<div class=\"wp-block-group has-border-color has-luminous-vivid-orange-border-color has-small-font-size is-content-justification-space-between is-layout-flex wp-container-core-group-is-layout-018c2fd6 wp-block-group-is-layout-flex\" style=\"min-height:0px;padding-top:0;padding-right:var(--wp--preset--spacing--20);padding-bottom:0;padding-left:var(--wp--preset--spacing--20)\">\n<p class=\"has-text-color\" style=\"color:#b1c900;padding-top:0rem;padding-right:0px;padding-bottom:0rem;padding-left:0px;font-size:1.8vh\">Pour nous contacter : <\/p>\n\n\n\n<p style=\"padding-top:0rem;padding-right:var(--wp--preset--spacing--20);padding-bottom:0rem;padding-left:var(--wp--preset--spacing--20);font-size:1.8vh\">Les Enfants de Cholet &#8211; 48, rue des Bons Enfants &#8211; 49300 CHOLET &#8211; T\u00e9l&nbsp;: 02 41 75 54 91 &#8211;   <\/p>\n\n\n\n<p class=\"wp-container-content-9cfa9a5a\" style=\"font-size:1.8vh\">Mail&nbsp;: <a href=\"mailto:enfcholetgym@free.fr\">enfcholetgym@free.fr<\/a><\/p>\n<\/div>\n<\/div>\n","protected":false},"excerpt":{"rendered":"<p>Finales nationales pour les Enfants de Cholet 10, 11 et 12 mai, Championnat de France individuel GAF\/GAM Romane r\u00e9alise une [&hellip;]<\/p>\n","protected":false},"author":1,"featured_media":0,"parent":0,"menu_order":0,"comment_status":"closed","ping_status":"closed","template":"","meta":{"_lmt_disableupdate":"","_lmt_disable":"yes","site-sidebar-layout":"no-sidebar","site-content-layout":"","ast-site-content-layout":"full-width-container","site-content-style":"default","site-sidebar-style":"default","ast-global-header-display":"","ast-banner-title-visibility":"","ast-main-header-display":"","ast-hfb-above-header-display":"","ast-hfb-below-header-display":"","ast-hfb-mobile-header-display":"","site-post-title":"disabled","ast-breadcrumbs-content":"","ast-featured-img":"","footer-sml-layout":"","ast-disable-related-posts":"","theme-transparent-header-meta":"","adv-header-id-meta":"","stick-header-meta":"","header-above-stick-meta":"","header-main-stick-meta":"","header-below-stick-meta":"","astra-migrate-meta-layouts":"default","ast-page-background-enabled":"default","ast-page-background-meta":{"desktop":{"background-color":"var(--ast-global-color-5)","background-image":"","background-repeat":"repeat","background-position":"center center","background-size":"auto","background-attachment":"scroll","background-type":"","background-media":"","overlay-type":"","overlay-color":"","overlay-opacity":"","overlay-gradient":""},"tablet":{"background-color":"","background-image":"","background-repeat":"repeat","background-position":"center center","background-size":"auto","background-attachment":"scroll","background-type":"","background-media":"","overlay-type":"","overlay-color":"","overlay-opacity":"","overlay-gradient":""},"mobile":{"background-color":"","background-image":"","background-repeat":"repeat","background-position":"center center","background-size":"auto","background-attachment":"scroll","background-type":"","background-media":"","overlay-type":"","overlay-color":"","overlay-opacity":"","overlay-gradient":""}},"ast-content-background-meta":{"desktop":{"background-color":"var(--ast-global-color-4)","background-image":"","background-repeat":"repeat","background-position":"center center","background-size":"auto","background-attachment":"scroll","background-type":"","background-media":"","overlay-type":"","overlay-color":"","overlay-opacity":"","overlay-gradient":""},"tablet":{"background-color":"var(--ast-global-color-4)","background-image":"","background-repeat":"repeat","background-position":"center center","background-size":"auto","background-attachment":"scroll","background-type":"","background-media":"","overlay-type":"","overlay-color":"","overlay-opacity":"","overlay-gradient":""},"mobile":{"background-color":"var(--ast-global-color-4)","background-image":"","background-repeat":"repeat","background-position":"center center","background-size":"auto","background-attachment":"scroll","background-type":"","background-media":"","overlay-type":"","overlay-color":"","overlay-opacity":"","overlay-gradient":""}},"footnotes":""},"class_list":["post-2095","page","type-page","status-publish","hentry"],"_links":{"self":[{"href":"https:\/\/enfantsdecholet.fr\/index.php\/wp-json\/wp\/v2\/pages\/2095","targetHints":{"allow":["GET"]}}],"collection":[{"href":"https:\/\/enfantsdecholet.fr\/index.php\/wp-json\/wp\/v2\/pages"}],"about":[{"href":"https:\/\/enfantsdecholet.fr\/index.php\/wp-json\/wp\/v2\/types\/page"}],"author":[{"embeddable":true,"href":"https:\/\/enfantsdecholet.fr\/index.php\/wp-json\/wp\/v2\/users\/1"}],"replies":[{"embeddable":true,"href":"https:\/\/enfantsdecholet.fr\/index.php\/wp-json\/wp\/v2\/comments?post=2095"}],"version-history":[{"count":7,"href":"https:\/\/enfantsdecholet.fr\/index.php\/wp-json\/wp\/v2\/pages\/2095\/revisions"}],"predecessor-version":[{"id":2501,"href":"https:\/\/enfantsdecholet.fr\/index.php\/wp-json\/wp\/v2\/pages\/2095\/revisions\/2501"}],"wp:attachment":[{"href":"https:\/\/enfantsdecholet.fr\/index.php\/wp-json\/wp\/v2\/media?parent=2095"}],"curies":[{"name":"wp","href":"https:\/\/api.w.org\/{rel}","templated":true}]}}