{"id":2139,"date":"2025-09-17T16:28:26","date_gmt":"2025-09-17T14:28:26","guid":{"rendered":"https:\/\/olrio.fr\/?page_id=2139"},"modified":"2026-02-01T18:47:56","modified_gmt":"2026-02-01T16:47:56","slug":"archives-site-2010-2011","status":"publish","type":"page","link":"https:\/\/enfantsdecholet.fr\/index.php\/archives-site-2010-2011\/","title":{"rendered":"Archives site 2010-2011"},"content":{"rendered":"\n<div class=\"wp-block-group is-nowrap is-layout-flex wp-container-core-group-is-layout-6c531013 wp-block-group-is-layout-flex\">\n<figure class=\"wp-block-image size-full\"><a href=\"https:\/\/enfantsdecholet.fr\/index.php\/archives-site-2011-2012\/\"><img loading=\"lazy\" decoding=\"async\" width=\"62\" height=\"45\" src=\"http:\/\/enfantsdecholet.fr\/wp-content\/uploads\/2026\/02\/fleche_precedent-e1769949002954.png\" alt=\"\" class=\"wp-image-2446\"\/><\/a><\/figure>\n\n\n\n<figure class=\"wp-block-image size-full\"><a href=\"https:\/\/enfantsdecholet.fr\/index.php\/archives-site-2009-2010\/\"><img loading=\"lazy\" decoding=\"async\" width=\"60\" height=\"45\" src=\"http:\/\/enfantsdecholet.fr\/wp-content\/uploads\/2026\/02\/fleche_suivant-e1769948804904.png\" alt=\"\" class=\"wp-image-2447\"\/><\/a><\/figure>\n<\/div>\n\n\n\n<div class=\"wp-block-columns has-background is-content-justification-center is-nowrap is-layout-flex wp-container-core-columns-is-layout-cf6fb8bb wp-block-columns-is-layout-flex\" style=\"border-bottom-color:var(--wp--preset--color--luminous-vivid-orange);border-left-color:var(--wp--preset--color--luminous-vivid-orange);background-color:#046bd133;margin-top:0;margin-bottom:var(--wp--preset--spacing--50)\">\n<div class=\"wp-block-column is-layout-flow wp-block-column-is-layout-flow\" style=\"padding-right:var(--wp--preset--spacing--40);padding-bottom:var(--wp--preset--spacing--40);padding-left:var(--wp--preset--spacing--40);flex-basis:100%\">\n<h2 class=\"wp-block-heading has-luminous-vivid-orange-color has-text-color has-link-color wp-elements-761cf95de71d26351fd89a5312377cf3\" style=\"font-size:3vh\">Doubl\u00e9 historique pour les Enfants de Cholet<\/h2>\n\n\n\n<div class=\"wp-block-group is-content-justification-center is-nowrap is-layout-flex wp-container-core-group-is-layout-23441af8 wp-block-group-is-layout-flex\">\n<figure class=\"wp-block-image aligncenter size-full wp-container-content-dc435e0d\" style=\"margin-top:0;margin-right:0;margin-bottom:0;margin-left:0\"><img loading=\"lazy\" decoding=\"async\" width=\"253\" height=\"231\" src=\"http:\/\/enfantsdecholet.fr\/wp-content\/uploads\/2025\/09\/archives_club_2010_2011_1.png\" alt=\"\" class=\"wp-image-2141\"\/><\/figure>\n\n\n\n<p class=\"has-text-align-center wp-container-content-577e1c61\" style=\"margin-top:1vh;margin-bottom:1vh;font-size:1.8vh\"><strong>De l&rsquo;or pour la GAF<\/strong><\/p>\n\n\n\n<figure class=\"wp-block-image aligncenter size-full wp-container-content-dc435e0d\" style=\"margin-top:0;margin-right:0;margin-bottom:0;margin-left:0\"><img loading=\"lazy\" decoding=\"async\" width=\"248\" height=\"229\" src=\"http:\/\/enfantsdecholet.fr\/wp-content\/uploads\/2025\/09\/archives_club_2010_2011_2.png\" alt=\"\" class=\"wp-image-2142\"\/><\/figure>\n<\/div>\n\n\n\n<p style=\"margin-top:1vh;margin-bottom:1vh;font-size:1.8vh\">Chlo\u00e9 Dautry et Am\u00e9lie Hersant ont offert un doubl\u00e9 in\u00e9dit au club lors des finales nationales qui se sont d\u00e9roul\u00e9es \u00e0 Saint-Etienne les 6, 7 et 8 mai. Le samedi matin, Chlo\u00e9 a remport\u00e9 le titre de championne de France en National B 15 ans suivie, quelques heures plus tard, par Am\u00e9lie qui est, elle aussi, mont\u00e9e sur la plus haute marche du podium en National B 16 ans. Ces deux m\u00e9dailles d\u2019or ont fait vibrer les membres de la d\u00e9l\u00e9gation qui les accompagnaient mais \u00e9galement tous ceux qui, depuis Cholet ou ailleurs, suivaient le fil de la comp\u00e9tition.<\/p>\n\n\n\n<p style=\"margin-top:1vh;margin-bottom:1vh;font-size:1.8vh\">Pour Chlo\u00e9, le titre r\u00e9compense le travail et la pers\u00e9v\u00e9rance qui ont \u00e9t\u00e9 les siens depuis six ans. Am\u00e9lie, championne de France en 2009, vice championne en 2010, confirme avec ce nouveau titre en or son maintien au plus haut niveau.<\/p>\n\n\n\n<p style=\"margin-top:1vh;margin-bottom:1vh;font-size:1.8vh\">Elles ont en outre toutes deux particip\u00e9 aux finales par agr\u00e8s le dimanche (Am\u00e9lie 4\u00e8me au sol, Chlo\u00e9 8\u00e8me au saut) s\u2019enrichissant ainsi d\u2019une nouvelle exp\u00e9rience gymnique.<\/p>\n\n\n\n<p style=\"margin-top:1vh;margin-bottom:1vh;font-size:1.8vh\">La qualit\u00e9 de la formation assur\u00e9e par Ani Crihan, Elena Arnulfo et B\u00e9atrice Raguenes est \u00e0 nouveau mise en lumi\u00e8re par ces r\u00e9sultats.<\/p>\n<\/div>\n<\/div>\n\n\n\n<div class=\"wp-block-columns has-background is-content-justification-center is-nowrap is-layout-flex wp-container-core-columns-is-layout-cf6fb8bb wp-block-columns-is-layout-flex\" style=\"border-bottom-color:var(--wp--preset--color--luminous-vivid-orange);border-left-color:var(--wp--preset--color--luminous-vivid-orange);background-color:#046bd133;margin-top:0;margin-bottom:var(--wp--preset--spacing--50)\">\n<div class=\"wp-block-column is-layout-flow wp-block-column-is-layout-flow\" style=\"padding-right:var(--wp--preset--spacing--40);padding-bottom:var(--wp--preset--spacing--40);padding-left:var(--wp--preset--spacing--40);flex-basis:70%\">\n<h2 class=\"wp-block-heading has-luminous-vivid-orange-color has-text-color has-link-color wp-elements-ba4f17eda3636b4f36c949ca8eb2152d\" style=\"font-size:3vh\">Carnet rose<\/h2>\n\n\n\n<p style=\"margin-top:1vh;margin-bottom:1vh;font-size:1.8vh\">La saison 2010\/2011 prouve que les jeunes entra\u00eeneurs contribuent pleinement \u00e0 la rel\u00e8ve du club. Apr\u00e8s Elena maman d&rsquo;Emma en septembre, c&rsquo;est au tour de Nicolas de devenir l&rsquo;heureux papa d&rsquo;une petite Laly.<\/p>\n\n\n\n<p style=\"margin-top:1vh;margin-bottom:1vh;font-size:1.8vh\">Elle a vu le jour le 27 janvier avec ses 3,5 kg et 48 cm offrant \u00e0 ses jeunes parents combl\u00e9s les plus douces joues \u00e0 embrasser.<\/p>\n\n\n\n<p style=\"margin-top:1vh;margin-bottom:1vh;font-size:1.8vh\">Sinc\u00e8res f\u00e9licitations \u00e0 Soizic et Nicolas.<\/p>\n<\/div>\n\n\n\n<div class=\"wp-block-column is-vertically-aligned-center is-layout-flow wp-block-column-is-layout-flow\" style=\"flex-basis:30%\">\n<figure class=\"wp-block-image aligncenter size-full wp-container-content-dc435e0d\" style=\"margin-top:0;margin-right:0;margin-bottom:0;margin-left:0\"><img loading=\"lazy\" decoding=\"async\" width=\"236\" height=\"184\" src=\"http:\/\/enfantsdecholet.fr\/wp-content\/uploads\/2025\/09\/archives_club_2010_2011_3.png\" alt=\"\" class=\"wp-image-2143\"\/><\/figure>\n<\/div>\n<\/div>\n\n\n\n<div class=\"wp-block-columns has-background is-content-justification-center is-nowrap is-layout-flex wp-container-core-columns-is-layout-cf6fb8bb wp-block-columns-is-layout-flex\" style=\"border-bottom-color:var(--wp--preset--color--luminous-vivid-orange);border-left-color:var(--wp--preset--color--luminous-vivid-orange);background-color:#046bd133;margin-top:0;margin-bottom:var(--wp--preset--spacing--50)\">\n<div class=\"wp-block-column is-layout-flow wp-block-column-is-layout-flow\" style=\"padding-right:var(--wp--preset--spacing--40);padding-bottom:var(--wp--preset--spacing--40);padding-left:var(--wp--preset--spacing--40);flex-basis:70%\">\n<h2 class=\"wp-block-heading has-luminous-vivid-orange-color has-text-color has-link-color wp-elements-03582722137e609bc6298b45611d50a1\" style=\"font-size:3vh\">Heureux \u00e9v\u00e8nement<\/h2>\n\n\n\n<p style=\"margin-top:1vh;margin-bottom:1vh;font-size:1.8vh\">Nombreux sont ceux qui l\u2019attendaient\u2026 Elle est enfin arriv\u00e9e !<\/p>\n\n\n\n<p style=\"margin-top:1vh;margin-bottom:1vh;font-size:1.8vh\">Le 12 septembre la petite Emma a montr\u00e9 le bout de son nez avec ses 2,9 kg et 50 cm pour le plus grand bonheur de ses parents.<\/p>\n\n\n\n<p style=\"margin-top:1vh;margin-bottom:1vh;font-size:1.8vh\">La maman et la petite puce se portent bien.<\/p>\n\n\n\n<p style=\"margin-top:1vh;margin-bottom:1vh;font-size:1.8vh\">Sinc\u00e8res f\u00e9licitations \u00e0 Elena et Jean-Christophe.<\/p>\n<\/div>\n\n\n\n<div class=\"wp-block-column is-vertically-aligned-center is-layout-flow wp-block-column-is-layout-flow\" style=\"flex-basis:30%\">\n<figure class=\"wp-block-image aligncenter size-full wp-container-content-dc435e0d\" style=\"margin-top:0;margin-right:0;margin-bottom:0;margin-left:0\"><img loading=\"lazy\" decoding=\"async\" width=\"193\" height=\"192\" src=\"http:\/\/enfantsdecholet.fr\/wp-content\/uploads\/2025\/09\/archives_club_2010_2011_4.png\" alt=\"\" class=\"wp-image-2144\" srcset=\"https:\/\/enfantsdecholet.fr\/wp-content\/uploads\/2025\/09\/archives_club_2010_2011_4.png 193w, https:\/\/enfantsdecholet.fr\/wp-content\/uploads\/2025\/09\/archives_club_2010_2011_4-150x150.png 150w\" sizes=\"auto, (max-width: 193px) 100vw, 193px\" \/><\/figure>\n<\/div>\n<\/div>\n\n\n\n<div class=\"wp-block-group alignwide has-background-color is-layout-flow wp-block-group-is-layout-flow\" style=\"margin-top:0;margin-bottom:0;padding-top:var(--wp--preset--spacing--50);padding-right:var(--wp--preset--spacing--30);padding-bottom:var(--wp--preset--spacing--50);padding-left:var(--wp--preset--spacing--30);font-size:2em\">\n<div class=\"wp-block-group has-border-color has-luminous-vivid-orange-border-color has-small-font-size is-content-justification-space-between is-layout-flex wp-container-core-group-is-layout-018c2fd6 wp-block-group-is-layout-flex\" style=\"min-height:0px;padding-top:0;padding-right:var(--wp--preset--spacing--20);padding-bottom:0;padding-left:var(--wp--preset--spacing--20)\">\n<p class=\"has-text-color\" style=\"color:#b1c900;padding-top:0rem;padding-right:0px;padding-bottom:0rem;padding-left:0px;font-size:1.8vh\">Pour nous contacter : <\/p>\n\n\n\n<p style=\"padding-top:0rem;padding-right:var(--wp--preset--spacing--20);padding-bottom:0rem;padding-left:var(--wp--preset--spacing--20);font-size:1.8vh\">Les Enfants de Cholet &#8211; 48, rue des Bons Enfants &#8211; 49300 CHOLET &#8211; T\u00e9l&nbsp;: 02 41 75 54 91 &#8211;   <\/p>\n\n\n\n<p class=\"wp-container-content-9cfa9a5a\" style=\"font-size:1.8vh\">Mail&nbsp;: <a href=\"mailto:enfcholetgym@free.fr\">enfcholetgym@free.fr<\/a><\/p>\n<\/div>\n<\/div>\n","protected":false},"excerpt":{"rendered":"<p>Doubl\u00e9 historique pour les Enfants de Cholet De l&rsquo;or pour la GAF Chlo\u00e9 Dautry et Am\u00e9lie Hersant ont offert un [&hellip;]<\/p>\n","protected":false},"author":1,"featured_media":0,"parent":0,"menu_order":0,"comment_status":"closed","ping_status":"closed","template":"","meta":{"_lmt_disableupdate":"","_lmt_disable":"yes","site-sidebar-layout":"no-sidebar","site-content-layout":"","ast-site-content-layout":"full-width-container","site-content-style":"default","site-sidebar-style":"default","ast-global-header-display":"","ast-banner-title-visibility":"","ast-main-header-display":"","ast-hfb-above-header-display":"","ast-hfb-below-header-display":"","ast-hfb-mobile-header-display":"","site-post-title":"disabled","ast-breadcrumbs-content":"","ast-featured-img":"","footer-sml-layout":"","ast-disable-related-posts":"","theme-transparent-header-meta":"","adv-header-id-meta":"","stick-header-meta":"","header-above-stick-meta":"","header-main-stick-meta":"","header-below-stick-meta":"","astra-migrate-meta-layouts":"default","ast-page-background-enabled":"default","ast-page-background-meta":{"desktop":{"background-color":"var(--ast-global-color-5)","background-image":"","background-repeat":"repeat","background-position":"center center","background-size":"auto","background-attachment":"scroll","background-type":"","background-media":"","overlay-type":"","overlay-color":"","overlay-opacity":"","overlay-gradient":""},"tablet":{"background-color":"","background-image":"","background-repeat":"repeat","background-position":"center center","background-size":"auto","background-attachment":"scroll","background-type":"","background-media":"","overlay-type":"","overlay-color":"","overlay-opacity":"","overlay-gradient":""},"mobile":{"background-color":"","background-image":"","background-repeat":"repeat","background-position":"center center","background-size":"auto","background-attachment":"scroll","background-type":"","background-media":"","overlay-type":"","overlay-color":"","overlay-opacity":"","overlay-gradient":""}},"ast-content-background-meta":{"desktop":{"background-color":"var(--ast-global-color-4)","background-image":"","background-repeat":"repeat","background-position":"center center","background-size":"auto","background-attachment":"scroll","background-type":"","background-media":"","overlay-type":"","overlay-color":"","overlay-opacity":"","overlay-gradient":""},"tablet":{"background-color":"var(--ast-global-color-4)","background-image":"","background-repeat":"repeat","background-position":"center center","background-size":"auto","background-attachment":"scroll","background-type":"","background-media":"","overlay-type":"","overlay-color":"","overlay-opacity":"","overlay-gradient":""},"mobile":{"background-color":"var(--ast-global-color-4)","background-image":"","background-repeat":"repeat","background-position":"center center","background-size":"auto","background-attachment":"scroll","background-type":"","background-media":"","overlay-type":"","overlay-color":"","overlay-opacity":"","overlay-gradient":""}},"footnotes":""},"class_list":["post-2139","page","type-page","status-publish","hentry"],"_links":{"self":[{"href":"https:\/\/enfantsdecholet.fr\/index.php\/wp-json\/wp\/v2\/pages\/2139","targetHints":{"allow":["GET"]}}],"collection":[{"href":"https:\/\/enfantsdecholet.fr\/index.php\/wp-json\/wp\/v2\/pages"}],"about":[{"href":"https:\/\/enfantsdecholet.fr\/index.php\/wp-json\/wp\/v2\/types\/page"}],"author":[{"embeddable":true,"href":"https:\/\/enfantsdecholet.fr\/index.php\/wp-json\/wp\/v2\/users\/1"}],"replies":[{"embeddable":true,"href":"https:\/\/enfantsdecholet.fr\/index.php\/wp-json\/wp\/v2\/comments?post=2139"}],"version-history":[{"count":6,"href":"https:\/\/enfantsdecholet.fr\/index.php\/wp-json\/wp\/v2\/pages\/2139\/revisions"}],"predecessor-version":[{"id":2499,"href":"https:\/\/enfantsdecholet.fr\/index.php\/wp-json\/wp\/v2\/pages\/2139\/revisions\/2499"}],"wp:attachment":[{"href":"https:\/\/enfantsdecholet.fr\/index.php\/wp-json\/wp\/v2\/media?parent=2139"}],"curies":[{"name":"wp","href":"https:\/\/api.w.org\/{rel}","templated":true}]}}