{"id":2160,"date":"2025-09-17T19:37:30","date_gmt":"2025-09-17T17:37:30","guid":{"rendered":"https:\/\/olrio.fr\/?page_id=2160"},"modified":"2026-02-01T18:45:09","modified_gmt":"2026-02-01T16:45:09","slug":"archives-site-2008-2009","status":"publish","type":"page","link":"https:\/\/enfantsdecholet.fr\/index.php\/archives-site-2008-2009\/","title":{"rendered":"Archives site 2008-2009"},"content":{"rendered":"\n<div class=\"wp-block-group is-nowrap is-layout-flex wp-container-core-group-is-layout-6c531013 wp-block-group-is-layout-flex\">\n<figure class=\"wp-block-image size-full\"><a href=\"https:\/\/enfantsdecholet.fr\/index.php\/archives-site-2009-2010\/\"><img loading=\"lazy\" decoding=\"async\" width=\"62\" height=\"45\" src=\"http:\/\/enfantsdecholet.fr\/wp-content\/uploads\/2026\/02\/fleche_precedent-e1769949002954.png\" alt=\"\" class=\"wp-image-2446\"\/><\/a><\/figure>\n\n\n\n<figure class=\"wp-block-image size-full\"><a href=\"https:\/\/enfantsdecholet.fr\/index.php\/archives-site-2007-2008\/\"><img loading=\"lazy\" decoding=\"async\" width=\"60\" height=\"45\" src=\"http:\/\/enfantsdecholet.fr\/wp-content\/uploads\/2026\/02\/fleche_suivant-e1769948804904.png\" alt=\"\" class=\"wp-image-2447\"\/><\/a><\/figure>\n<\/div>\n\n\n\n<div class=\"wp-block-columns has-background is-content-justification-center is-nowrap is-layout-flex wp-container-core-columns-is-layout-cf6fb8bb wp-block-columns-is-layout-flex\" style=\"border-bottom-color:var(--wp--preset--color--luminous-vivid-orange);border-left-color:var(--wp--preset--color--luminous-vivid-orange);background-color:#046bd133;margin-top:0;margin-bottom:var(--wp--preset--spacing--50)\">\n<div class=\"wp-block-column is-layout-flow wp-block-column-is-layout-flow\" style=\"padding-right:var(--wp--preset--spacing--40);padding-bottom:var(--wp--preset--spacing--40);padding-left:var(--wp--preset--spacing--40);flex-basis:100%\">\n<div class=\"wp-block-group is-content-justification-center is-nowrap is-layout-flex wp-container-core-group-is-layout-23441af8 wp-block-group-is-layout-flex\">\n<div class=\"wp-block-columns wp-container-content-4fb2e66a is-layout-flex wp-container-core-columns-is-layout-28f84493 wp-block-columns-is-layout-flex\">\n<div class=\"wp-block-column is-layout-flow wp-block-column-is-layout-flow\">\n<h2 class=\"wp-block-heading has-luminous-vivid-orange-color has-text-color has-link-color wp-elements-6adeda1bbda631c86c03540539e28b8a\" style=\"font-size:3vh\">Championnat de France individuel \u00e0 Nogent-sur-Oise : un doubl\u00e9 historique !<\/h2>\n\n\n\n<p style=\"margin-top:1vh;margin-bottom:1vh;font-size:1.8vh\">Apr\u00e8s le titre de championne de France en f\u00e9d\u00e9rale A minime pour Coralie en 2008, Am\u00e9lie monte cette ann\u00e9e, sur la premi\u00e8re marche du podium de Nationale B 14 ans en compagnie de Ma\u00eblane qui obtient la deuxi\u00e8me place.<\/p>\n\n\n\n<p style=\"margin-top:1vh;margin-bottom:1vh;font-size:1.8vh\">Une premi\u00e8re pour le Club !<\/p>\n<\/div>\n<\/div>\n\n\n\n<figure class=\"wp-block-image size-full\"><img loading=\"lazy\" decoding=\"async\" width=\"284\" height=\"189\" src=\"http:\/\/enfantsdecholet.fr\/wp-content\/uploads\/2025\/09\/archives_club_2008_2009_1.png\" alt=\"\" class=\"wp-image-2159\"\/><\/figure>\n<\/div>\n\n\n\n<p style=\"margin-top:1vh;margin-bottom:1vh;font-size:1.8vh\">Ces deux titres couronnent les tr\u00e8s bons r\u00e9sultats du week-end : M\u00e9lodie 29\u00e8me (Crit 11 ans), Chlo\u00e9 6\u00e8me (Nat B 13 ans), Coralie 8\u00e8me (Nat B 14 ans), Pauline 18\u00e8me et M\u00e9lanie 19\u00e8me (Nat C 16 ans), Maxime 10\u00e8me (qualification Nat B opt ar\u00e7ons).<\/p>\n\n\n\n<p style=\"margin-top:1vh;margin-bottom:1vh;font-size:1.8vh\">F\u00e9licitations aux gymnastes et \u00e0 leurs entraineurs !<\/p>\n\n\n\n<p style=\"margin-top:1vh;margin-bottom:1vh;font-size:1.8vh\">Un autre temps fort a eu lieu \u00e0 Mulhouse les 15, 16 et 17 mai derniers pour deux \u00e9quipes du Club : Cl\u00e9mence, M\u00e9lodie, Floriane, Lisiane et Chlo\u00e9 en DC, Am\u00e9lie, Audrey, Coralie, Ma\u00eblane, M\u00e9lanie et Pauline en DN. L\u2019\u00e9quipe masculine de DN (Antoine, Julien, Luc, Matthieu, Maxime et Thomas) \u00e9galement qualifi\u00e9e s\u2019est vue malheureusement contrainte de faire forfait.<\/p>\n<\/div>\n<\/div>\n\n\n\n<div class=\"wp-block-group alignwide has-background-color is-layout-flow wp-block-group-is-layout-flow\" style=\"margin-top:0;margin-bottom:0;padding-top:var(--wp--preset--spacing--50);padding-right:var(--wp--preset--spacing--30);padding-bottom:var(--wp--preset--spacing--50);padding-left:var(--wp--preset--spacing--30);font-size:2em\">\n<div class=\"wp-block-group has-border-color has-luminous-vivid-orange-border-color has-small-font-size is-content-justification-space-between is-layout-flex wp-container-core-group-is-layout-018c2fd6 wp-block-group-is-layout-flex\" style=\"min-height:0px;padding-top:0;padding-right:var(--wp--preset--spacing--20);padding-bottom:0;padding-left:var(--wp--preset--spacing--20)\">\n<p class=\"has-text-color\" style=\"color:#b1c900;padding-top:0rem;padding-right:0px;padding-bottom:0rem;padding-left:0px;font-size:1.8vh\">Pour nous contacter : <\/p>\n\n\n\n<p style=\"padding-top:0rem;padding-right:var(--wp--preset--spacing--20);padding-bottom:0rem;padding-left:var(--wp--preset--spacing--20);font-size:1.8vh\">Les Enfants de Cholet &#8211; 48, rue des Bons Enfants &#8211; 49300 CHOLET &#8211; T\u00e9l&nbsp;: 02 41 75 54 91 &#8211;   <\/p>\n\n\n\n<p class=\"wp-container-content-9cfa9a5a\" style=\"font-size:1.8vh\">Mail&nbsp;: <a href=\"mailto:enfcholetgym@free.fr\">enfcholetgym@free.fr<\/a><\/p>\n<\/div>\n<\/div>\n","protected":false},"excerpt":{"rendered":"<p>Championnat de France individuel \u00e0 Nogent-sur-Oise : un doubl\u00e9 historique ! Apr\u00e8s le titre de championne de France en f\u00e9d\u00e9rale [&hellip;]<\/p>\n","protected":false},"author":1,"featured_media":0,"parent":0,"menu_order":0,"comment_status":"closed","ping_status":"closed","template":"","meta":{"_lmt_disableupdate":"","_lmt_disable":"yes","site-sidebar-layout":"no-sidebar","site-content-layout":"","ast-site-content-layout":"full-width-container","site-content-style":"default","site-sidebar-style":"default","ast-global-header-display":"","ast-banner-title-visibility":"","ast-main-header-display":"","ast-hfb-above-header-display":"","ast-hfb-below-header-display":"","ast-hfb-mobile-header-display":"","site-post-title":"disabled","ast-breadcrumbs-content":"","ast-featured-img":"","footer-sml-layout":"","ast-disable-related-posts":"","theme-transparent-header-meta":"","adv-header-id-meta":"","stick-header-meta":"","header-above-stick-meta":"","header-main-stick-meta":"","header-below-stick-meta":"","astra-migrate-meta-layouts":"default","ast-page-background-enabled":"default","ast-page-background-meta":{"desktop":{"background-color":"var(--ast-global-color-5)","background-image":"","background-repeat":"repeat","background-position":"center center","background-size":"auto","background-attachment":"scroll","background-type":"","background-media":"","overlay-type":"","overlay-color":"","overlay-opacity":"","overlay-gradient":""},"tablet":{"background-color":"","background-image":"","background-repeat":"repeat","background-position":"center center","background-size":"auto","background-attachment":"scroll","background-type":"","background-media":"","overlay-type":"","overlay-color":"","overlay-opacity":"","overlay-gradient":""},"mobile":{"background-color":"","background-image":"","background-repeat":"repeat","background-position":"center center","background-size":"auto","background-attachment":"scroll","background-type":"","background-media":"","overlay-type":"","overlay-color":"","overlay-opacity":"","overlay-gradient":""}},"ast-content-background-meta":{"desktop":{"background-color":"var(--ast-global-color-4)","background-image":"","background-repeat":"repeat","background-position":"center center","background-size":"auto","background-attachment":"scroll","background-type":"","background-media":"","overlay-type":"","overlay-color":"","overlay-opacity":"","overlay-gradient":""},"tablet":{"background-color":"var(--ast-global-color-4)","background-image":"","background-repeat":"repeat","background-position":"center center","background-size":"auto","background-attachment":"scroll","background-type":"","background-media":"","overlay-type":"","overlay-color":"","overlay-opacity":"","overlay-gradient":""},"mobile":{"background-color":"var(--ast-global-color-4)","background-image":"","background-repeat":"repeat","background-position":"center center","background-size":"auto","background-attachment":"scroll","background-type":"","background-media":"","overlay-type":"","overlay-color":"","overlay-opacity":"","overlay-gradient":""}},"footnotes":""},"class_list":["post-2160","page","type-page","status-publish","hentry"],"_links":{"self":[{"href":"https:\/\/enfantsdecholet.fr\/index.php\/wp-json\/wp\/v2\/pages\/2160","targetHints":{"allow":["GET"]}}],"collection":[{"href":"https:\/\/enfantsdecholet.fr\/index.php\/wp-json\/wp\/v2\/pages"}],"about":[{"href":"https:\/\/enfantsdecholet.fr\/index.php\/wp-json\/wp\/v2\/types\/page"}],"author":[{"embeddable":true,"href":"https:\/\/enfantsdecholet.fr\/index.php\/wp-json\/wp\/v2\/users\/1"}],"replies":[{"embeddable":true,"href":"https:\/\/enfantsdecholet.fr\/index.php\/wp-json\/wp\/v2\/comments?post=2160"}],"version-history":[{"count":3,"href":"https:\/\/enfantsdecholet.fr\/index.php\/wp-json\/wp\/v2\/pages\/2160\/revisions"}],"predecessor-version":[{"id":2496,"href":"https:\/\/enfantsdecholet.fr\/index.php\/wp-json\/wp\/v2\/pages\/2160\/revisions\/2496"}],"wp:attachment":[{"href":"https:\/\/enfantsdecholet.fr\/index.php\/wp-json\/wp\/v2\/media?parent=2160"}],"curies":[{"name":"wp","href":"https:\/\/api.w.org\/{rel}","templated":true}]}}