{"id":2163,"date":"2025-09-17T20:39:37","date_gmt":"2025-09-17T18:39:37","guid":{"rendered":"https:\/\/olrio.fr\/?page_id=2163"},"modified":"2026-02-01T18:43:43","modified_gmt":"2026-02-01T16:43:43","slug":"archives-site-2007-2008","status":"publish","type":"page","link":"https:\/\/enfantsdecholet.fr\/index.php\/archives-site-2007-2008\/","title":{"rendered":"Archives site 2007-2008"},"content":{"rendered":"\n<div class=\"wp-block-group is-nowrap is-layout-flex wp-container-core-group-is-layout-6c531013 wp-block-group-is-layout-flex\">\n<figure class=\"wp-block-image size-full\"><a href=\"https:\/\/enfantsdecholet.fr\/index.php\/archives-site-2008-2009\/\"><img loading=\"lazy\" decoding=\"async\" width=\"62\" height=\"45\" src=\"http:\/\/enfantsdecholet.fr\/wp-content\/uploads\/2026\/02\/fleche_precedent-e1769949002954.png\" alt=\"\" class=\"wp-image-2446\"\/><\/a><\/figure>\n<\/div>\n\n\n\n<div class=\"wp-block-columns has-background is-content-justification-center is-nowrap is-layout-flex wp-container-core-columns-is-layout-cf6fb8bb wp-block-columns-is-layout-flex\" style=\"border-bottom-color:var(--wp--preset--color--luminous-vivid-orange);border-left-color:var(--wp--preset--color--luminous-vivid-orange);background-color:#046bd133;margin-top:0;margin-bottom:var(--wp--preset--spacing--50)\">\n<div class=\"wp-block-column is-layout-flow wp-block-column-is-layout-flow\" style=\"padding-right:var(--wp--preset--spacing--40);padding-bottom:var(--wp--preset--spacing--40);padding-left:var(--wp--preset--spacing--40);flex-basis:100%\">\n<h2 class=\"wp-block-heading has-luminous-vivid-orange-color has-text-color has-link-color wp-elements-c5585a835d18ec29c8919aeac37fd528\" style=\"font-size:3vh\">2008, une ann\u00e9e exceptionnelle pour les Enfants de Cholet<\/h2>\n<\/div>\n<\/div>\n\n\n\n<div class=\"wp-block-columns has-background is-content-justification-center is-nowrap is-layout-flex wp-container-core-columns-is-layout-cf6fb8bb wp-block-columns-is-layout-flex\" style=\"border-bottom-color:var(--wp--preset--color--luminous-vivid-orange);border-left-color:var(--wp--preset--color--luminous-vivid-orange);background-color:#046bd133;margin-top:0;margin-bottom:var(--wp--preset--spacing--50)\">\n<div class=\"wp-block-column is-layout-flow wp-block-column-is-layout-flow\" style=\"padding-right:var(--wp--preset--spacing--40);padding-bottom:var(--wp--preset--spacing--40);padding-left:var(--wp--preset--spacing--40);flex-basis:100%\">\n<h2 class=\"wp-block-heading has-luminous-vivid-orange-color has-text-color has-link-color wp-elements-6550f46abdc49b4cfae6e706c4024291\" style=\"font-size:3vh\">Championne de France !<\/h2>\n\n\n\n<p style=\"margin-top:1vh;margin-bottom:1vh;font-size:1.8vh\">Coralie est devenue championne de France de division f\u00e9d\u00e9rale A minimes le week-end dernier \u00e0 Valenciennes couronnant une saison sportive d\u00e9j\u00e0 remplie de tr\u00e8s bons r\u00e9sultats.<\/p>\n<\/div>\n<\/div>\n\n\n\n<div class=\"wp-block-columns has-background is-content-justification-center is-nowrap is-layout-flex wp-container-core-columns-is-layout-cf6fb8bb wp-block-columns-is-layout-flex\" style=\"border-bottom-color:var(--wp--preset--color--luminous-vivid-orange);border-left-color:var(--wp--preset--color--luminous-vivid-orange);background-color:#046bd133;margin-top:0;margin-bottom:var(--wp--preset--spacing--50)\">\n<div class=\"wp-block-column is-layout-flow wp-block-column-is-layout-flow\" style=\"padding-right:var(--wp--preset--spacing--40);padding-bottom:var(--wp--preset--spacing--40);padding-left:var(--wp--preset--spacing--40);flex-basis:100%\">\n<div class=\"wp-block-group is-content-justification-center is-nowrap is-layout-flex wp-container-core-group-is-layout-23441af8 wp-block-group-is-layout-flex\">\n<div class=\"wp-block-columns wp-container-content-006212af is-layout-flex wp-container-core-columns-is-layout-28f84493 wp-block-columns-is-layout-flex\">\n<div class=\"wp-block-column is-layout-flow wp-block-column-is-layout-flow\">\n<h2 class=\"wp-block-heading has-luminous-vivid-orange-color has-text-color has-link-color wp-elements-e8451e73f911cd9c307e9d8a171a13a1\" style=\"font-size:3vh\">Championnats de France et Finale de Coupe de France \u00e0 Cholet<\/h2>\n\n\n\n<p style=\"margin-top:1vh;margin-bottom:1vh;font-size:1.8vh\">Les 16, 17 et 18 mai 2008 La Meilleraie vibrait au rythme de la gymnastique lors des<\/p>\n\n\n\n<p>Des photos souvenirs de l\u2019\u00e9v\u00e8nement sont disponibles dans la m\u00e9diath\u00e8que.<\/p>\n<\/div>\n<\/div>\n\n\n\n<figure class=\"wp-block-image size-full wp-container-content-577e1c61\"><img loading=\"lazy\" decoding=\"async\" width=\"94\" height=\"128\" src=\"http:\/\/enfantsdecholet.fr\/wp-content\/uploads\/2025\/09\/archives_club_2007_2008_1.png\" alt=\"\" class=\"wp-image-2165\"\/><\/figure>\n<\/div>\n<\/div>\n<\/div>\n\n\n\n<div class=\"wp-block-columns has-background is-content-justification-center is-nowrap is-layout-flex wp-container-core-columns-is-layout-cf6fb8bb wp-block-columns-is-layout-flex\" style=\"border-bottom-color:var(--wp--preset--color--luminous-vivid-orange);border-left-color:var(--wp--preset--color--luminous-vivid-orange);background-color:#046bd133;margin-top:0;margin-bottom:var(--wp--preset--spacing--50)\">\n<div class=\"wp-block-column is-layout-flow wp-block-column-is-layout-flow\" style=\"padding-right:var(--wp--preset--spacing--40);padding-bottom:var(--wp--preset--spacing--40);padding-left:var(--wp--preset--spacing--40);flex-basis:100%\">\n<h2 class=\"wp-block-heading has-luminous-vivid-orange-color has-text-color has-link-color wp-elements-47a2058a90b72abc4996653e85ae173b\" style=\"font-size:3vh\">Une championne de France et de tr\u00e8s bons r\u00e9sultats pour cette saison 2008<\/h2>\n\n\n\n<p style=\"margin-top:1vh;margin-bottom:1vh;font-size:1.8vh\">Les efforts quotidiens de nos gymnastes et de leurs entra\u00eeneurs ont \u00e9t\u00e9 r\u00e9compens\u00e9s tout au long de la saison et plus particuli\u00e8rement le week-end dernier \u00e0 Valenciennes.<\/p>\n\n\n\n<p style=\"margin-top:1vh;margin-bottom:1vh;font-size:1.8vh\"><strong>GAF<\/strong><\/p>\n\n\n\n<p style=\"margin-top:1vh;margin-bottom:1vh;font-size:1.8vh\">Coralie monte sur la plus haute marche du podium et remporte le titre de <strong>Championne de France de Division F\u00e9d\u00e9rale A Minimes<\/strong>, ce qui n&rsquo;\u00e9tait pas arriv\u00e9 au club depuis 2003. Elle est suivie de pr\u00e8s par Am\u00e9lie, 4<sup>\u00e8me<\/sup> de la comp\u00e9tition nationale mais <strong>Championne de la Zone Ouest<\/strong>. Julie termine 6<sup>\u00e8me<\/sup> en National B Cadettes; elle est \u00e9galement <strong>Championne de la Zone Ouest<\/strong>. Ma\u00eblane, M\u00e9lanie et Pauline finissent respectivement 18<sup>\u00e8me<\/sup>, 21<sup>\u00e8me<\/sup> et 27<sup>\u00e8me<\/sup> de leurs cat\u00e9gories \u00e0 Valenciennes.<\/p>\n\n\n\n<p style=\"margin-top:1vh;margin-bottom:1vh;font-size:1.8vh\">Toutes ces jeunes filles s&rsquo;\u00e9taient d\u00e9j\u00e0 illustr\u00e9es lors des Championnats de France par \u00e9quipe avec un titre de <strong>Vice-championnes de France en Division F\u00e9d\u00e9rale A3<\/strong> \u00e0 Nantes (Am\u00e9lie, Audrey, Coralie, Julie, M\u00e9lanie et Pauline) et une 5<sup>\u00e8me<\/sup> place en Division Crit\u00e9rium 1 \u00e0 Cholet (Adeline, Chlo\u00e9, Coralie, Floriane et Ma\u00eblane). Cette derni\u00e8re \u00e9quipe est \u00e9galement <strong>Championne de la Zone Ouest<\/strong>.<\/p>\n\n\n\n<p style=\"margin-top:1vh;margin-bottom:1vh;font-size:1.8vh\"><strong>GAM<\/strong><\/p>\n\n\n\n<p style=\"margin-top:1vh;margin-bottom:1vh;font-size:1.8vh\">Les gar\u00e7ons ne sont pas en reste puisqu&rsquo;ils sont \u00e9galement <strong>Champions de la Zone Ouest en Division F\u00e9d\u00e9rale A<\/strong> (Benoit, Luc, Matthieu, Maxime, Thibault, Thomas) et ont, \u00e0 ce titre, particip\u00e9 au Championnat de France de DFA1 o\u00f9 Antoine a remplac\u00e9 au pied lev\u00e9 Thibaut, bless\u00e9.<\/p>\n\n\n\n<p style=\"margin-top:1vh;margin-bottom:1vh;font-size:1.8vh\"><strong>GR<\/strong><\/p>\n\n\n\n<p style=\"margin-top:1vh;margin-bottom:1vh;font-size:1.8vh\">On note \u00e9galement la participation de l&rsquo;\u00e9quipe <strong>DC4 <\/strong>(Ana\u00efs, Ang\u00e8le, Charline, Chlo\u00e9, Emilie, Estelle, Julie, Salom\u00e9, Sarah et Ya\u00eblle) au <strong>Championnat de France de gymnastique rythmique<\/strong>.<\/p>\n\n\n\n<hr class=\"wp-block-separator has-text-color has-luminous-vivid-orange-color has-alpha-channel-opacity has-luminous-vivid-orange-background-color has-background is-style-default\" style=\"margin-top:var(--wp--preset--spacing--50);margin-bottom:var(--wp--preset--spacing--50)\"\/>\n\n\n\n<p style=\"margin-top:1vh;margin-bottom:1vh;font-size:1.8vh\">De bons r\u00e9sultats ont \u00e9galement \u00e9t\u00e9 r\u00e9alis\u00e9s aux niveaux d\u00e9partemental et r\u00e9gional tant en gymnastique artistique f\u00e9minine et masculine qu&rsquo;en gymnastique rythmique.<\/p>\n\n\n\n<p style=\"margin-top:1vh;margin-bottom:1vh;font-size:1.8vh\">Cette saison n&rsquo;est pas encore tout \u00e0 fait termin\u00e9e mais illustre d\u00e9j\u00e0 la progression de tous nos gymnastes et le formidable travail r\u00e9alis\u00e9 par leurs entra\u00eeneurs. Le club remercie vivement tout ce \u00ab\u00a0petit monde\u00a0\u00bb pour ces excellents r\u00e9sultats.<\/p>\n<\/div>\n<\/div>\n\n\n\n<div class=\"wp-block-columns has-background is-content-justification-center is-nowrap is-layout-flex wp-container-core-columns-is-layout-cf6fb8bb wp-block-columns-is-layout-flex\" style=\"border-bottom-color:var(--wp--preset--color--luminous-vivid-orange);border-left-color:var(--wp--preset--color--luminous-vivid-orange);background-color:#046bd133;margin-top:0;margin-bottom:var(--wp--preset--spacing--50)\">\n<div class=\"wp-block-column is-layout-flow wp-block-column-is-layout-flow\" style=\"padding-right:var(--wp--preset--spacing--40);padding-bottom:var(--wp--preset--spacing--40);padding-left:var(--wp--preset--spacing--40);flex-basis:100%\">\n<h2 class=\"wp-block-heading has-luminous-vivid-orange-color has-text-color has-link-color wp-elements-9ae18d9068484e02ad7a19f78dfcd13e\" style=\"font-size:3vh\">27\u00e8mes Championnats d\u2019Europe de Gymnastique Artistique F\u00e9minine<\/h2>\n\n\n\n<p style=\"margin-top:1vh;margin-bottom:1vh;font-size:1.8vh\">Ils y \u00e9taient !!! Adeline, Am\u00e9lie, Ani, Audrey, B\u00e9n\u00e9dicte, Brigitte, Chlo\u00e9, Coralie, Elena, Jocelyn, Julie B., Julie V., Lucie, Ma\u00eblane, M\u00e9lanie, Pauline et Sandrine ont fait le d\u00e9placement \u00e0 Clermont-Ferrand et ont pu vivre en direct la m\u00e9daille de bronze de l&rsquo;\u00e9quipe de France S\u00e9nior apr\u00e8s l&rsquo;exploit de la veille des juniors, vice-championnes d&rsquo;Europe.<\/p>\n\n\n\n<p class=\"has-text-align-center\" style=\"margin-top:1vh;margin-bottom:1vh;font-size:1.8vh\">Un merveilleux souvenir !!!<\/p>\n\n\n\n<figure class=\"wp-block-image aligncenter size-full\"><img loading=\"lazy\" decoding=\"async\" width=\"321\" height=\"413\" src=\"http:\/\/enfantsdecholet.fr\/wp-content\/uploads\/2025\/09\/archives_club_2007_2008_2.png\" alt=\"\" class=\"wp-image-2166\" srcset=\"https:\/\/enfantsdecholet.fr\/wp-content\/uploads\/2025\/09\/archives_club_2007_2008_2.png 321w, https:\/\/enfantsdecholet.fr\/wp-content\/uploads\/2025\/09\/archives_club_2007_2008_2-233x300.png 233w\" sizes=\"auto, (max-width: 321px) 100vw, 321px\" \/><\/figure>\n\n\n\n<div class=\"wp-block-group is-content-justification-center is-nowrap is-layout-flex wp-container-core-group-is-layout-23441af8 wp-block-group-is-layout-flex\">\n<figure class=\"wp-block-image size-full\"><img loading=\"lazy\" decoding=\"async\" width=\"375\" height=\"516\" src=\"http:\/\/enfantsdecholet.fr\/wp-content\/uploads\/2025\/09\/archives_club_2007_2008_3.png\" alt=\"\" class=\"wp-image-2167\" srcset=\"https:\/\/enfantsdecholet.fr\/wp-content\/uploads\/2025\/09\/archives_club_2007_2008_3.png 375w, https:\/\/enfantsdecholet.fr\/wp-content\/uploads\/2025\/09\/archives_club_2007_2008_3-218x300.png 218w\" sizes=\"auto, (max-width: 375px) 100vw, 375px\" \/><\/figure>\n\n\n\n<figure class=\"wp-block-image size-full\"><img loading=\"lazy\" decoding=\"async\" width=\"375\" height=\"516\" src=\"http:\/\/enfantsdecholet.fr\/wp-content\/uploads\/2025\/09\/archives_club_2007_2008_4.png\" alt=\"\" class=\"wp-image-2168\" srcset=\"https:\/\/enfantsdecholet.fr\/wp-content\/uploads\/2025\/09\/archives_club_2007_2008_4.png 375w, https:\/\/enfantsdecholet.fr\/wp-content\/uploads\/2025\/09\/archives_club_2007_2008_4-218x300.png 218w\" sizes=\"auto, (max-width: 375px) 100vw, 375px\" \/><\/figure>\n<\/div>\n<\/div>\n<\/div>\n\n\n\n<div class=\"wp-block-group alignwide has-background-color is-layout-flow wp-block-group-is-layout-flow\" style=\"margin-top:0;margin-bottom:0;padding-top:var(--wp--preset--spacing--50);padding-right:var(--wp--preset--spacing--30);padding-bottom:var(--wp--preset--spacing--50);padding-left:var(--wp--preset--spacing--30);font-size:2em\">\n<div class=\"wp-block-group has-border-color has-luminous-vivid-orange-border-color has-small-font-size is-content-justification-space-between is-layout-flex wp-container-core-group-is-layout-018c2fd6 wp-block-group-is-layout-flex\" style=\"min-height:0px;padding-top:0;padding-right:var(--wp--preset--spacing--20);padding-bottom:0;padding-left:var(--wp--preset--spacing--20)\">\n<p class=\"has-text-color\" style=\"color:#b1c900;padding-top:0rem;padding-right:0px;padding-bottom:0rem;padding-left:0px;font-size:1.8vh\">Pour nous contacter : <\/p>\n\n\n\n<p style=\"padding-top:0rem;padding-right:var(--wp--preset--spacing--20);padding-bottom:0rem;padding-left:var(--wp--preset--spacing--20);font-size:1.8vh\">Les Enfants de Cholet &#8211; 48, rue des Bons Enfants &#8211; 49300 CHOLET &#8211; T\u00e9l&nbsp;: 02 41 75 54 91 &#8211;   <\/p>\n\n\n\n<p class=\"wp-container-content-9cfa9a5a\" style=\"font-size:1.8vh\">Mail&nbsp;: <a href=\"mailto:enfcholetgym@free.fr\">enfcholetgym@free.fr<\/a><\/p>\n<\/div>\n<\/div>\n","protected":false},"excerpt":{"rendered":"<p>2008, une ann\u00e9e exceptionnelle pour les Enfants de Cholet Championne de France ! Coralie est devenue championne de France de [&hellip;]<\/p>\n","protected":false},"author":1,"featured_media":0,"parent":0,"menu_order":0,"comment_status":"closed","ping_status":"closed","template":"","meta":{"_lmt_disableupdate":"","_lmt_disable":"yes","site-sidebar-layout":"no-sidebar","site-content-layout":"","ast-site-content-layout":"full-width-container","site-content-style":"default","site-sidebar-style":"default","ast-global-header-display":"","ast-banner-title-visibility":"","ast-main-header-display":"","ast-hfb-above-header-display":"","ast-hfb-below-header-display":"","ast-hfb-mobile-header-display":"","site-post-title":"disabled","ast-breadcrumbs-content":"","ast-featured-img":"","footer-sml-layout":"","ast-disable-related-posts":"","theme-transparent-header-meta":"","adv-header-id-meta":"","stick-header-meta":"","header-above-stick-meta":"","header-main-stick-meta":"","header-below-stick-meta":"","astra-migrate-meta-layouts":"default","ast-page-background-enabled":"default","ast-page-background-meta":{"desktop":{"background-color":"var(--ast-global-color-5)","background-image":"","background-repeat":"repeat","background-position":"center center","background-size":"auto","background-attachment":"scroll","background-type":"","background-media":"","overlay-type":"","overlay-color":"","overlay-opacity":"","overlay-gradient":""},"tablet":{"background-color":"","background-image":"","background-repeat":"repeat","background-position":"center center","background-size":"auto","background-attachment":"scroll","background-type":"","background-media":"","overlay-type":"","overlay-color":"","overlay-opacity":"","overlay-gradient":""},"mobile":{"background-color":"","background-image":"","background-repeat":"repeat","background-position":"center center","background-size":"auto","background-attachment":"scroll","background-type":"","background-media":"","overlay-type":"","overlay-color":"","overlay-opacity":"","overlay-gradient":""}},"ast-content-background-meta":{"desktop":{"background-color":"var(--ast-global-color-4)","background-image":"","background-repeat":"repeat","background-position":"center center","background-size":"auto","background-attachment":"scroll","background-type":"","background-media":"","overlay-type":"","overlay-color":"","overlay-opacity":"","overlay-gradient":""},"tablet":{"background-color":"var(--ast-global-color-4)","background-image":"","background-repeat":"repeat","background-position":"center center","background-size":"auto","background-attachment":"scroll","background-type":"","background-media":"","overlay-type":"","overlay-color":"","overlay-opacity":"","overlay-gradient":""},"mobile":{"background-color":"var(--ast-global-color-4)","background-image":"","background-repeat":"repeat","background-position":"center center","background-size":"auto","background-attachment":"scroll","background-type":"","background-media":"","overlay-type":"","overlay-color":"","overlay-opacity":"","overlay-gradient":""}},"footnotes":""},"class_list":["post-2163","page","type-page","status-publish","hentry"],"_links":{"self":[{"href":"https:\/\/enfantsdecholet.fr\/index.php\/wp-json\/wp\/v2\/pages\/2163","targetHints":{"allow":["GET"]}}],"collection":[{"href":"https:\/\/enfantsdecholet.fr\/index.php\/wp-json\/wp\/v2\/pages"}],"about":[{"href":"https:\/\/enfantsdecholet.fr\/index.php\/wp-json\/wp\/v2\/types\/page"}],"author":[{"embeddable":true,"href":"https:\/\/enfantsdecholet.fr\/index.php\/wp-json\/wp\/v2\/users\/1"}],"replies":[{"embeddable":true,"href":"https:\/\/enfantsdecholet.fr\/index.php\/wp-json\/wp\/v2\/comments?post=2163"}],"version-history":[{"count":8,"href":"https:\/\/enfantsdecholet.fr\/index.php\/wp-json\/wp\/v2\/pages\/2163\/revisions"}],"predecessor-version":[{"id":2494,"href":"https:\/\/enfantsdecholet.fr\/index.php\/wp-json\/wp\/v2\/pages\/2163\/revisions\/2494"}],"wp:attachment":[{"href":"https:\/\/enfantsdecholet.fr\/index.php\/wp-json\/wp\/v2\/media?parent=2163"}],"curies":[{"name":"wp","href":"https:\/\/api.w.org\/{rel}","templated":true}]}}