{"id":2284,"date":"2025-10-22T09:32:42","date_gmt":"2025-10-22T07:32:42","guid":{"rendered":"https:\/\/olrio.fr\/?page_id=2284"},"modified":"2025-10-22T09:58:34","modified_gmt":"2025-10-22T07:58:34","slug":"archives-equipes-gaf-2024-2025","status":"publish","type":"page","link":"https:\/\/enfantsdecholet.fr\/index.php\/archives-equipes-gaf-2024-2025\/","title":{"rendered":"Archives \u00e9quipes GAF 2024-2025"},"content":{"rendered":"\n<div class=\"wp-block-columns body { color: red;} is-style-default has-background has-medium-font-size is-layout-flex wp-container-core-columns-is-layout-ae9cde47 wp-block-columns-is-layout-flex\" style=\"border-bottom-color:var(--wp--preset--color--luminous-vivid-orange);border-left-color:var(--wp--preset--color--luminous-vivid-orange);background-color:#046bd133;margin-top:var(--wp--preset--spacing--50);margin-bottom:0;padding-top:var(--wp--preset--spacing--20);padding-right:var(--wp--preset--spacing--20);padding-bottom:0;padding-left:var(--wp--preset--spacing--20)\">\n<div class=\"wp-block-column body.siteorigin-panels { margin-right: 0; margin-left:0; } is-layout-constrained wp-container-core-column-is-layout-76872424 wp-block-column-is-layout-constrained\" style=\"padding-top:var(--wp--preset--spacing--40);padding-right:0;padding-bottom:var(--wp--preset--spacing--50);padding-left:var(--wp--preset--spacing--80);flex-basis:100%\">\n<h2 class=\"wp-block-heading has-text-align-center has-luminous-vivid-orange-color has-text-color has-link-color wp-elements-54fe68692d81a89a0059197d68048748\" style=\"font-size:3vh\">Les r\u00e9sultats \u00e9quipes GAF saison 2024-2025<\/h2>\n\n\n\n<div class=\"wp-block-columns is-layout-flex wp-container-core-columns-is-layout-b28e58f1 wp-block-columns-is-layout-flex\" style=\"border-bottom-color:var(--wp--preset--color--luminous-vivid-orange);border-bottom-width:1px;border-left-color:var(--wp--preset--color--luminous-vivid-orange);border-left-width:1px;padding-bottom:var(--wp--preset--spacing--30);padding-left:var(--wp--preset--spacing--40)\">\n<div class=\"wp-block-column is-vertically-aligned-center is-layout-flow wp-block-column-is-layout-flow\">\n<p style=\"margin-bottom:0;font-size:1.8vh\"><strong><a href=\"http:\/\/enfantsdecholet.fr\/wp-content\/uploads\/2025\/08\/Suivi_Eq_GAF.pdf\" data-type=\"attachment\" data-id=\"819\" target=\"_blank\" rel=\"noreferrer noopener\">Suivi des r\u00e9sultats<\/a><\/strong><\/p>\n<\/div>\n\n\n\n<div class=\"wp-block-column is-vertically-aligned-top is-layout-flow wp-block-column-is-layout-flow\">\n<figure class=\"wp-block-image aligncenter size-full is-resized\" style=\"margin-top:0;margin-bottom:0\"><a href=\"http:\/\/enfantsdecholet.fr\/wp-content\/uploads\/2025\/08\/Suivi_Eq_GAF.pdf\" target=\"_blank\" rel=\" noreferrer noopener\"><img loading=\"lazy\" decoding=\"async\" width=\"66\" height=\"78\" src=\"http:\/\/enfantsdecholet.fr\/wp-content\/uploads\/2025\/08\/icone_classement-e1754843480331.png\" alt=\"\" class=\"wp-image-803\" style=\"width:auto;height:40px\"\/><\/a><\/figure>\n<\/div>\n<\/div>\n\n\n\n<div class=\"wp-block-columns is-layout-flex wp-container-core-columns-is-layout-b28e58f1 wp-block-columns-is-layout-flex\" style=\"border-bottom-color:var(--wp--preset--color--luminous-vivid-orange);border-bottom-width:1px;border-left-color:var(--wp--preset--color--luminous-vivid-orange);border-left-width:1px;padding-bottom:var(--wp--preset--spacing--30);padding-left:var(--wp--preset--spacing--40)\">\n<div class=\"wp-block-column is-vertically-aligned-center is-layout-flow wp-block-column-is-layout-flow\">\n<p style=\"margin-bottom:0;font-size:1.8vh\"><strong><a href=\"https:\/\/www.facebook.com\/Les-enfants-de-Cholet-441893382671549\/?fref=ts\" data-type=\"link\" data-id=\"https:\/\/www.facebook.com\/Les-enfants-de-Cholet-441893382671549\/?fref=ts\" target=\"_blank\" rel=\"noreferrer noopener\">Publications Facebook<\/a><\/strong><\/p>\n<\/div>\n\n\n\n<div class=\"wp-block-column is-vertically-aligned-top is-layout-flow wp-block-column-is-layout-flow\">\n<figure class=\"wp-block-image aligncenter size-full is-resized\" style=\"margin-top:0;margin-bottom:0\"><a href=\"https:\/\/www.facebook.com\/Les-enfants-de-Cholet-441893382671549\/?fref=ts\" target=\"_blank\" rel=\" noreferrer noopener\"><img loading=\"lazy\" decoding=\"async\" width=\"104\" height=\"103\" src=\"http:\/\/enfantsdecholet.fr\/wp-content\/uploads\/2025\/07\/Facebook_link.png\" alt=\"\" class=\"wp-image-63\" style=\"width:auto;height:40px\"\/><\/a><\/figure>\n<\/div>\n<\/div>\n\n\n\n<div class=\"wp-block-columns is-layout-flex wp-container-core-columns-is-layout-b28e58f1 wp-block-columns-is-layout-flex\" style=\"border-bottom-color:var(--wp--preset--color--luminous-vivid-orange);border-bottom-width:1px;border-left-color:var(--wp--preset--color--luminous-vivid-orange);border-left-width:1px;padding-bottom:var(--wp--preset--spacing--30);padding-left:var(--wp--preset--spacing--40)\">\n<div class=\"wp-block-column is-vertically-aligned-center is-layout-flow wp-block-column-is-layout-flow\">\n<p style=\"margin-bottom:0;font-size:1.8vh\"><strong><a href=\"https:\/\/resultats.ffgym.fr\/accueil\" data-type=\"link\" data-id=\"https:\/\/resultats.ffgym.fr\/accueil\" target=\"_blank\" rel=\"noreferrer noopener\">R\u00e9sultats d\u00e9taill\u00e9s<\/a><\/strong><\/p>\n<\/div>\n\n\n\n<div class=\"wp-block-column is-vertically-aligned-top is-layout-flow wp-block-column-is-layout-flow\">\n<figure class=\"wp-block-image aligncenter size-full is-resized\" style=\"margin-top:0;margin-bottom:0\"><a href=\"https:\/\/resultats.ffgym.fr\/accueil\" target=\"_blank\" rel=\" noreferrer noopener\"><img loading=\"lazy\" decoding=\"async\" width=\"150\" height=\"76\" src=\"http:\/\/enfantsdecholet.fr\/wp-content\/uploads\/2025\/07\/logo_FFGym.png\" alt=\"\" class=\"wp-image-86\" style=\"width:auto;height:40px\"\/><\/a><\/figure>\n<\/div>\n<\/div>\n\n\n\n<div class=\"wp-block-group is-content-justification-center is-nowrap is-layout-flex wp-container-core-group-is-layout-fe819fcf wp-block-group-is-layout-flex\" style=\"margin-top:var(--wp--preset--spacing--70)\">\n<figure class=\"wp-block-image size-full\"><img loading=\"lazy\" decoding=\"async\" width=\"590\" height=\"400\" src=\"http:\/\/enfantsdecholet.fr\/wp-content\/uploads\/2025\/08\/res_equipe_GAF_1.png\" alt=\"\" class=\"wp-image-824\" srcset=\"https:\/\/enfantsdecholet.fr\/wp-content\/uploads\/2025\/08\/res_equipe_GAF_1.png 590w, https:\/\/enfantsdecholet.fr\/wp-content\/uploads\/2025\/08\/res_equipe_GAF_1-300x203.png 300w\" sizes=\"auto, (max-width: 590px) 100vw, 590px\" \/><\/figure>\n<\/div>\n\n\n\n<div class=\"wp-block-group is-content-justification-center is-nowrap is-layout-flex wp-container-core-group-is-layout-23441af8 wp-block-group-is-layout-flex\">\n<figure class=\"wp-block-image size-full\"><img loading=\"lazy\" decoding=\"async\" width=\"586\" height=\"400\" src=\"http:\/\/enfantsdecholet.fr\/wp-content\/uploads\/2025\/08\/res_equipe_GAF_2.png\" alt=\"\" class=\"wp-image-825\" srcset=\"https:\/\/enfantsdecholet.fr\/wp-content\/uploads\/2025\/08\/res_equipe_GAF_2.png 586w, https:\/\/enfantsdecholet.fr\/wp-content\/uploads\/2025\/08\/res_equipe_GAF_2-300x205.png 300w\" sizes=\"auto, (max-width: 586px) 100vw, 586px\" \/><\/figure>\n\n\n\n<figure class=\"wp-block-image size-full\"><img loading=\"lazy\" decoding=\"async\" width=\"318\" height=\"400\" src=\"http:\/\/enfantsdecholet.fr\/wp-content\/uploads\/2025\/08\/res_equipe_GAF_3.png\" alt=\"\" class=\"wp-image-826\" srcset=\"https:\/\/enfantsdecholet.fr\/wp-content\/uploads\/2025\/08\/res_equipe_GAF_3.png 318w, https:\/\/enfantsdecholet.fr\/wp-content\/uploads\/2025\/08\/res_equipe_GAF_3-239x300.png 239w\" sizes=\"auto, (max-width: 318px) 100vw, 318px\" \/><\/figure>\n<\/div>\n\n\n\n<div class=\"wp-block-group is-content-justification-center is-nowrap is-layout-flex wp-container-core-group-is-layout-23441af8 wp-block-group-is-layout-flex\">\n<figure class=\"wp-block-image size-full\"><img loading=\"lazy\" decoding=\"async\" width=\"372\" height=\"400\" src=\"http:\/\/enfantsdecholet.fr\/wp-content\/uploads\/2025\/08\/res_equipe_GAF_4.png\" alt=\"\" class=\"wp-image-827\" srcset=\"https:\/\/enfantsdecholet.fr\/wp-content\/uploads\/2025\/08\/res_equipe_GAF_4.png 372w, https:\/\/enfantsdecholet.fr\/wp-content\/uploads\/2025\/08\/res_equipe_GAF_4-279x300.png 279w\" sizes=\"auto, (max-width: 372px) 100vw, 372px\" \/><\/figure>\n\n\n\n<figure class=\"wp-block-image size-full\"><img loading=\"lazy\" decoding=\"async\" width=\"530\" height=\"400\" src=\"http:\/\/enfantsdecholet.fr\/wp-content\/uploads\/2025\/08\/res_equipe_GAF_5.png\" alt=\"\" class=\"wp-image-828\" srcset=\"https:\/\/enfantsdecholet.fr\/wp-content\/uploads\/2025\/08\/res_equipe_GAF_5.png 530w, https:\/\/enfantsdecholet.fr\/wp-content\/uploads\/2025\/08\/res_equipe_GAF_5-300x226.png 300w\" sizes=\"auto, (max-width: 530px) 100vw, 530px\" \/><\/figure>\n<\/div>\n\n\n\n<div class=\"wp-block-group is-content-justification-center is-nowrap is-layout-flex wp-container-core-group-is-layout-23441af8 wp-block-group-is-layout-flex\">\n<figure class=\"wp-block-image size-full\"><img loading=\"lazy\" decoding=\"async\" width=\"368\" height=\"400\" src=\"http:\/\/enfantsdecholet.fr\/wp-content\/uploads\/2025\/08\/res_equipe_GAF_6.png\" alt=\"\" class=\"wp-image-829\" srcset=\"https:\/\/enfantsdecholet.fr\/wp-content\/uploads\/2025\/08\/res_equipe_GAF_6.png 368w, https:\/\/enfantsdecholet.fr\/wp-content\/uploads\/2025\/08\/res_equipe_GAF_6-276x300.png 276w\" sizes=\"auto, (max-width: 368px) 100vw, 368px\" \/><\/figure>\n\n\n\n<figure class=\"wp-block-image size-full\"><img loading=\"lazy\" decoding=\"async\" width=\"395\" height=\"400\" src=\"http:\/\/enfantsdecholet.fr\/wp-content\/uploads\/2025\/08\/res_equipe_GAF_7.png\" alt=\"\" class=\"wp-image-830\" srcset=\"https:\/\/enfantsdecholet.fr\/wp-content\/uploads\/2025\/08\/res_equipe_GAF_7.png 395w, https:\/\/enfantsdecholet.fr\/wp-content\/uploads\/2025\/08\/res_equipe_GAF_7-296x300.png 296w\" sizes=\"auto, (max-width: 395px) 100vw, 395px\" \/><\/figure>\n<\/div>\n\n\n\n<div class=\"wp-block-group is-content-justification-center is-nowrap is-layout-flex wp-container-core-group-is-layout-23441af8 wp-block-group-is-layout-flex\">\n<figure class=\"wp-block-image size-full\"><img loading=\"lazy\" decoding=\"async\" width=\"355\" height=\"400\" src=\"http:\/\/enfantsdecholet.fr\/wp-content\/uploads\/2025\/08\/res_equipe_GAF_8.png\" alt=\"\" class=\"wp-image-831\" srcset=\"https:\/\/enfantsdecholet.fr\/wp-content\/uploads\/2025\/08\/res_equipe_GAF_8.png 355w, https:\/\/enfantsdecholet.fr\/wp-content\/uploads\/2025\/08\/res_equipe_GAF_8-266x300.png 266w\" sizes=\"auto, (max-width: 355px) 100vw, 355px\" \/><\/figure>\n<\/div>\n<\/div>\n<\/div>\n\n\n\n<div class=\"wp-block-group alignwide has-background-color is-layout-flow wp-block-group-is-layout-flow\" style=\"margin-top:0;margin-bottom:0;padding-top:var(--wp--preset--spacing--50);padding-right:var(--wp--preset--spacing--30);padding-bottom:var(--wp--preset--spacing--50);padding-left:var(--wp--preset--spacing--30);font-size:2em\">\n<div class=\"wp-block-group has-border-color has-luminous-vivid-orange-border-color has-small-font-size is-content-justification-space-between is-layout-flex wp-container-core-group-is-layout-018c2fd6 wp-block-group-is-layout-flex\" style=\"min-height:0px;padding-top:0;padding-right:var(--wp--preset--spacing--20);padding-bottom:0;padding-left:var(--wp--preset--spacing--20)\">\n<p class=\"has-text-color\" style=\"color:#b1c900;padding-top:0rem;padding-right:0px;padding-bottom:0rem;padding-left:0px;font-size:1.8vh\">Pour nous contacter : <\/p>\n\n\n\n<p style=\"padding-top:0rem;padding-right:var(--wp--preset--spacing--20);padding-bottom:0rem;padding-left:var(--wp--preset--spacing--20);font-size:1.8vh\">Les Enfants de Cholet &#8211; 48, rue des Bons Enfants &#8211; 49300 CHOLET &#8211; T\u00e9l&nbsp;: 02 41 75 54 91 &#8211;   <\/p>\n\n\n\n<p class=\"wp-container-content-9cfa9a5a\" style=\"font-size:1.8vh\">Mail&nbsp;: <a href=\"mailto:enfcholetgym@free.fr\">enfcholetgym@free.fr<\/a><\/p>\n<\/div>\n<\/div>\n","protected":false},"excerpt":{"rendered":"<p>Les r\u00e9sultats \u00e9quipes GAF saison 2024-2025 Suivi des r\u00e9sultats Publications Facebook R\u00e9sultats d\u00e9taill\u00e9s Pour nous contacter : Les Enfants de [&hellip;]<\/p>\n","protected":false},"author":1,"featured_media":0,"parent":0,"menu_order":0,"comment_status":"closed","ping_status":"closed","template":"","meta":{"_lmt_disableupdate":"","_lmt_disable":"yes","site-sidebar-layout":"no-sidebar","site-content-layout":"","ast-site-content-layout":"full-width-container","site-content-style":"default","site-sidebar-style":"default","ast-global-header-display":"","ast-banner-title-visibility":"","ast-main-header-display":"","ast-hfb-above-header-display":"","ast-hfb-below-header-display":"","ast-hfb-mobile-header-display":"","site-post-title":"disabled","ast-breadcrumbs-content":"","ast-featured-img":"","footer-sml-layout":"","ast-disable-related-posts":"","theme-transparent-header-meta":"","adv-header-id-meta":"","stick-header-meta":"","header-above-stick-meta":"","header-main-stick-meta":"","header-below-stick-meta":"","astra-migrate-meta-layouts":"default","ast-page-background-enabled":"default","ast-page-background-meta":{"desktop":{"background-color":"var(--ast-global-color-5)","background-image":"","background-repeat":"repeat","background-position":"center center","background-size":"auto","background-attachment":"scroll","background-type":"","background-media":"","overlay-type":"","overlay-color":"","overlay-opacity":"","overlay-gradient":""},"tablet":{"background-color":"","background-image":"","background-repeat":"repeat","background-position":"center center","background-size":"auto","background-attachment":"scroll","background-type":"","background-media":"","overlay-type":"","overlay-color":"","overlay-opacity":"","overlay-gradient":""},"mobile":{"background-color":"","background-image":"","background-repeat":"repeat","background-position":"center center","background-size":"auto","background-attachment":"scroll","background-type":"","background-media":"","overlay-type":"","overlay-color":"","overlay-opacity":"","overlay-gradient":""}},"ast-content-background-meta":{"desktop":{"background-color":"var(--ast-global-color-4)","background-image":"","background-repeat":"repeat","background-position":"center center","background-size":"auto","background-attachment":"scroll","background-type":"","background-media":"","overlay-type":"","overlay-color":"","overlay-opacity":"","overlay-gradient":""},"tablet":{"background-color":"var(--ast-global-color-4)","background-image":"","background-repeat":"repeat","background-position":"center center","background-size":"auto","background-attachment":"scroll","background-type":"","background-media":"","overlay-type":"","overlay-color":"","overlay-opacity":"","overlay-gradient":""},"mobile":{"background-color":"var(--ast-global-color-4)","background-image":"","background-repeat":"repeat","background-position":"center center","background-size":"auto","background-attachment":"scroll","background-type":"","background-media":"","overlay-type":"","overlay-color":"","overlay-opacity":"","overlay-gradient":""}},"footnotes":""},"class_list":["post-2284","page","type-page","status-publish","hentry"],"_links":{"self":[{"href":"https:\/\/enfantsdecholet.fr\/index.php\/wp-json\/wp\/v2\/pages\/2284","targetHints":{"allow":["GET"]}}],"collection":[{"href":"https:\/\/enfantsdecholet.fr\/index.php\/wp-json\/wp\/v2\/pages"}],"about":[{"href":"https:\/\/enfantsdecholet.fr\/index.php\/wp-json\/wp\/v2\/types\/page"}],"author":[{"embeddable":true,"href":"https:\/\/enfantsdecholet.fr\/index.php\/wp-json\/wp\/v2\/users\/1"}],"replies":[{"embeddable":true,"href":"https:\/\/enfantsdecholet.fr\/index.php\/wp-json\/wp\/v2\/comments?post=2284"}],"version-history":[{"count":2,"href":"https:\/\/enfantsdecholet.fr\/index.php\/wp-json\/wp\/v2\/pages\/2284\/revisions"}],"predecessor-version":[{"id":2301,"href":"https:\/\/enfantsdecholet.fr\/index.php\/wp-json\/wp\/v2\/pages\/2284\/revisions\/2301"}],"wp:attachment":[{"href":"https:\/\/enfantsdecholet.fr\/index.php\/wp-json\/wp\/v2\/media?parent=2284"}],"curies":[{"name":"wp","href":"https:\/\/api.w.org\/{rel}","templated":true}]}}