{"id":425,"date":"2025-07-31T21:51:47","date_gmt":"2025-07-31T19:51:47","guid":{"rendered":"http:\/\/olrio.fr\/?page_id=425"},"modified":"2026-04-01T15:14:10","modified_gmt":"2026-04-01T13:14:10","slug":"competitions","status":"publish","type":"page","link":"https:\/\/enfantsdecholet.fr\/index.php\/competitions\/","title":{"rendered":"Comp\u00e9titions"},"content":{"rendered":"\n<div class=\"wp-block-columns body { color: red;} is-style-default has-background has-medium-font-size is-layout-flex wp-container-core-columns-is-layout-ae9cde47 wp-block-columns-is-layout-flex\" style=\"border-bottom-color:var(--wp--preset--color--luminous-vivid-orange);border-left-color:var(--wp--preset--color--luminous-vivid-orange);background-color:#046bd133;margin-top:var(--wp--preset--spacing--50);margin-bottom:0;padding-top:var(--wp--preset--spacing--20);padding-right:var(--wp--preset--spacing--20);padding-bottom:0;padding-left:var(--wp--preset--spacing--20)\">\n<div class=\"wp-block-column body.siteorigin-panels { margin-right: 0; margin-left:0; } is-layout-constrained wp-container-core-column-is-layout-76f806ac wp-block-column-is-layout-constrained\" style=\"padding-top:var(--wp--preset--spacing--40);padding-right:0;padding-bottom:0;padding-left:var(--wp--preset--spacing--80);flex-basis:100%\">\n<div class=\"wp-block-group is-content-justification-center is-nowrap is-layout-flex wp-container-core-group-is-layout-de7a01c6 wp-block-group-is-layout-flex\" style=\"margin-bottom:var(--wp--preset--spacing--50)\">\n<h2 class=\"wp-block-heading has-text-align-left has-luminous-vivid-orange-color has-text-color has-link-color wp-elements-b43f1909aecb153d1f16a5b07ea93c3b\" style=\"margin-right:var(--wp--preset--spacing--60);margin-left:var(--wp--preset--spacing--60);font-size:3vh\">Calendrier 2025\/2026<\/h2>\n\n\n\n<figure class=\"wp-block-image size-full is-resized\" style=\"margin-right:var(--wp--preset--spacing--60);margin-left:var(--wp--preset--spacing--60)\"><a href=\"https:\/\/enfantsdecholet.fr\/wp-content\/uploads\/2026\/04\/Competitions_2025-2026-01_04_26.pdf\" target=\"_blank\" rel=\" noreferrer noopener\"><img loading=\"lazy\" decoding=\"async\" width=\"251\" height=\"201\" src=\"http:\/\/enfantsdecholet.fr\/wp-content\/uploads\/2025\/10\/calendrier_icone.jpg\" alt=\"\" class=\"wp-image-2323\" style=\"width:auto;height:80px\"\/><\/a><\/figure>\n<\/div>\n<\/div>\n<\/div>\n\n\n\n<div class=\"wp-block-columns body { color: red;} is-style-default has-background has-medium-font-size is-layout-flex wp-container-core-columns-is-layout-ae9cde47 wp-block-columns-is-layout-flex\" style=\"border-bottom-color:var(--wp--preset--color--luminous-vivid-orange);border-left-color:var(--wp--preset--color--luminous-vivid-orange);background-color:#046bd133;margin-top:var(--wp--preset--spacing--50);margin-bottom:0;padding-top:var(--wp--preset--spacing--20);padding-right:var(--wp--preset--spacing--20);padding-bottom:0;padding-left:var(--wp--preset--spacing--20)\">\n<div class=\"wp-block-column body.siteorigin-panels { margin-right: 0; margin-left:0; } is-layout-constrained wp-container-core-column-is-layout-76f806ac wp-block-column-is-layout-constrained\" style=\"padding-top:var(--wp--preset--spacing--40);padding-right:0;padding-bottom:0;padding-left:var(--wp--preset--spacing--80);flex-basis:100%\">\n<h2 class=\"wp-block-heading has-text-align-center has-luminous-vivid-orange-color has-text-color has-link-color wp-elements-e63fa034db31057d1f8d9452b43204eb\" style=\"margin-right:var(--wp--preset--spacing--60);margin-left:var(--wp--preset--spacing--60);font-size:3vh\">Comp\u00e9titions 2025\/2026<\/h2>\n\n\n\n<div class=\"wp-block-group is-nowrap is-layout-flex wp-container-core-group-is-layout-e8cb8581 wp-block-group-is-layout-flex\" style=\"margin-top:0;margin-bottom:0;padding-top:0;padding-bottom:0\">\n<p class=\"has-text-align-left has-vivid-cyan-blue-color has-text-color has-link-color wp-elements-c8588f1739ca240db0b11500f9655ca8 wp-container-content-9cfa9a5a\" style=\"font-size:2vh\"><a href=\"https:\/\/enfantsdecholet.fr\/index.php\/resultats-individuels-gaf\/\" data-type=\"page\" data-id=\"801\" target=\"_blank\" rel=\"noreferrer noopener\"><strong>R\u00e9sultats individuels GAF<\/strong><\/a><\/p>\n\n\n\n<figure class=\"wp-block-image aligncenter size-full is-resized\" style=\"margin-top:var(--wp--preset--spacing--30);margin-right:var(--wp--preset--spacing--60);margin-bottom:var(--wp--preset--spacing--30);margin-left:var(--wp--preset--spacing--60)\"><a href=\"https:\/\/enfantsdecholet.fr\/index.php\/resultats-individuels-gaf\/\" target=\"_blank\" rel=\" noreferrer noopener\"><img loading=\"lazy\" decoding=\"async\" width=\"160\" height=\"148\" src=\"http:\/\/enfantsdecholet.fr\/wp-content\/uploads\/2025\/08\/coupe.png\" alt=\"\" class=\"wp-image-796\" style=\"width:auto;height:50px\"\/><\/a><\/figure>\n<\/div>\n\n\n\n<div class=\"wp-block-group is-nowrap is-layout-flex wp-container-core-group-is-layout-e8cb8581 wp-block-group-is-layout-flex\" style=\"margin-top:0;margin-bottom:0;padding-top:0;padding-bottom:0\">\n<p class=\"has-text-align-left has-vivid-cyan-blue-color has-text-color has-link-color wp-elements-c9d078175509c978bffc71207cb448d0 wp-container-content-9cfa9a5a\" style=\"font-size:2vh\"><a href=\"https:\/\/enfantsdecholet.fr\/index.php\/resultats-equipes-gaf\/\" data-type=\"page\" data-id=\"817\" target=\"_blank\" rel=\"noreferrer noopener\"><strong>R\u00e9sultats \u00e9quipes GAF<\/strong><\/a><\/p>\n\n\n\n<figure class=\"wp-block-image aligncenter size-full is-resized\" style=\"margin-top:var(--wp--preset--spacing--30);margin-right:var(--wp--preset--spacing--60);margin-bottom:var(--wp--preset--spacing--30);margin-left:var(--wp--preset--spacing--60)\"><a href=\"https:\/\/enfantsdecholet.fr\/index.php\/resultats-equipes-gaf\/\" target=\"_blank\" rel=\" noreferrer noopener\"><img loading=\"lazy\" decoding=\"async\" width=\"160\" height=\"148\" src=\"http:\/\/enfantsdecholet.fr\/wp-content\/uploads\/2025\/08\/coupe.png\" alt=\"\" class=\"wp-image-796\" style=\"width:auto;height:50px\"\/><\/a><\/figure>\n<\/div>\n\n\n\n<div class=\"wp-block-group is-nowrap is-layout-flex wp-container-core-group-is-layout-e8cb8581 wp-block-group-is-layout-flex\" style=\"margin-top:0;margin-bottom:0;padding-top:0;padding-bottom:0\">\n<p class=\"has-text-align-left has-vivid-cyan-blue-color has-text-color has-link-color wp-elements-274db1cb60e619adddb815556947a2c2 wp-container-content-9cfa9a5a\" style=\"font-size:2vh\"><a href=\"https:\/\/enfantsdecholet.fr\/index.php\/resultats-individuels-gam\/\" data-type=\"page\" data-id=\"835\" target=\"_blank\" rel=\"noreferrer noopener\"><strong>R\u00e9sultats individuels GAM<\/strong><\/a><\/p>\n\n\n\n<figure class=\"wp-block-image aligncenter size-full is-resized\" style=\"margin-top:var(--wp--preset--spacing--30);margin-right:var(--wp--preset--spacing--60);margin-bottom:var(--wp--preset--spacing--30);margin-left:var(--wp--preset--spacing--60)\"><a href=\"https:\/\/enfantsdecholet.fr\/index.php\/resultats-individuels-gam\/\" target=\"_blank\" rel=\" noreferrer noopener\"><img loading=\"lazy\" decoding=\"async\" width=\"160\" height=\"148\" src=\"http:\/\/enfantsdecholet.fr\/wp-content\/uploads\/2025\/08\/coupe.png\" alt=\"\" class=\"wp-image-796\" style=\"width:auto;height:50px\"\/><\/a><\/figure>\n<\/div>\n\n\n\n<div class=\"wp-block-group is-nowrap is-layout-flex wp-container-core-group-is-layout-e8cb8581 wp-block-group-is-layout-flex\" style=\"margin-top:0;margin-bottom:0;padding-top:0;padding-bottom:0\">\n<p class=\"has-text-align-left has-vivid-cyan-blue-color has-text-color has-link-color wp-elements-5494644d860f2f7a4f844e371a4c95cf wp-container-content-9cfa9a5a\" style=\"font-size:2vh\"><a href=\"https:\/\/enfantsdecholet.fr\/index.php\/resultats-equipes-gam\/\" data-type=\"page\" data-id=\"846\" target=\"_blank\" rel=\"noreferrer noopener\"><strong>R\u00e9sultats \u00e9quipes GAM<\/strong><\/a><\/p>\n\n\n\n<figure class=\"wp-block-image aligncenter size-full is-resized\" style=\"margin-top:var(--wp--preset--spacing--30);margin-right:var(--wp--preset--spacing--60);margin-bottom:var(--wp--preset--spacing--30);margin-left:var(--wp--preset--spacing--60)\"><a href=\"https:\/\/enfantsdecholet.fr\/index.php\/resultats-equipes-gam\/\" target=\"_blank\" rel=\" noreferrer noopener\"><img loading=\"lazy\" decoding=\"async\" width=\"160\" height=\"148\" src=\"http:\/\/enfantsdecholet.fr\/wp-content\/uploads\/2025\/08\/coupe.png\" alt=\"\" class=\"wp-image-796\" style=\"width:auto;height:50px\"\/><\/a><\/figure>\n<\/div>\n\n\n\n<div class=\"wp-block-group is-nowrap is-layout-flex wp-container-core-group-is-layout-e8cb8581 wp-block-group-is-layout-flex\" style=\"margin-top:0;margin-bottom:0;padding-top:0;padding-bottom:0\">\n<p class=\"has-text-align-left has-vivid-cyan-blue-color has-text-color has-link-color wp-elements-233e7e28bd956a99abb72291133fad77 wp-container-content-9cfa9a5a\" style=\"font-size:2vh\"><a href=\"http:\/\/enfantsdecholet.fr\/index.php\/resultats-individuels-gr\/\" data-type=\"page\" data-id=\"852\" target=\"_blank\" rel=\"noreferrer noopener\"><strong>R\u00e9sultats individuels GR<\/strong><\/a><\/p>\n\n\n\n<figure class=\"wp-block-image aligncenter size-full is-resized\" style=\"margin-top:var(--wp--preset--spacing--30);margin-right:var(--wp--preset--spacing--60);margin-bottom:var(--wp--preset--spacing--30);margin-left:var(--wp--preset--spacing--60)\"><a href=\"http:\/\/enfantsdecholet.fr\/index.php\/resultats-individuels-gr\/\" target=\"_blank\" rel=\" noreferrer noopener\"><img loading=\"lazy\" decoding=\"async\" width=\"160\" height=\"148\" src=\"http:\/\/enfantsdecholet.fr\/wp-content\/uploads\/2025\/08\/coupe.png\" alt=\"\" class=\"wp-image-796\" style=\"width:auto;height:50px\"\/><\/a><\/figure>\n<\/div>\n\n\n\n<div class=\"wp-block-group is-nowrap is-layout-flex wp-container-core-group-is-layout-e8cb8581 wp-block-group-is-layout-flex\" style=\"margin-top:0;margin-bottom:0;padding-top:0;padding-bottom:0\">\n<p class=\"has-text-align-left has-vivid-cyan-blue-color has-text-color has-link-color wp-elements-c3b14c41d285ec0cf1b635d76e0bb689 wp-container-content-9cfa9a5a\" style=\"font-size:2vh\"><a href=\"http:\/\/enfantsdecholet.fr\/index.php\/resultats-ensembles-gr\/\" data-type=\"page\" data-id=\"857\" target=\"_blank\" rel=\"noreferrer noopener\"><strong>R\u00e9sultats ensembles GR<\/strong><\/a><\/p>\n\n\n\n<figure class=\"wp-block-image aligncenter size-full is-resized\" style=\"margin-top:var(--wp--preset--spacing--30);margin-right:var(--wp--preset--spacing--60);margin-bottom:var(--wp--preset--spacing--30);margin-left:var(--wp--preset--spacing--60)\"><a href=\"http:\/\/enfantsdecholet.fr\/index.php\/resultats-ensembles-gr\/\" target=\"_blank\" rel=\" noreferrer noopener\"><img loading=\"lazy\" decoding=\"async\" width=\"160\" height=\"148\" src=\"http:\/\/enfantsdecholet.fr\/wp-content\/uploads\/2025\/08\/coupe.png\" alt=\"\" class=\"wp-image-796\" style=\"width:auto;height:50px\"\/><\/a><\/figure>\n<\/div>\n<\/div>\n<\/div>\n\n\n\n<div class=\"wp-block-columns body { color: red;} is-style-default has-background has-medium-font-size is-layout-flex wp-container-core-columns-is-layout-ae9cde47 wp-block-columns-is-layout-flex\" style=\"border-bottom-color:var(--wp--preset--color--luminous-vivid-orange);border-left-color:var(--wp--preset--color--luminous-vivid-orange);background-color:#046bd133;margin-top:var(--wp--preset--spacing--50);margin-bottom:0;padding-top:var(--wp--preset--spacing--20);padding-right:var(--wp--preset--spacing--20);padding-bottom:0;padding-left:var(--wp--preset--spacing--20)\">\n<div class=\"wp-block-column body.siteorigin-panels { margin-right: 0; margin-left:0; } is-layout-constrained wp-container-core-column-is-layout-76f806ac wp-block-column-is-layout-constrained\" style=\"padding-top:var(--wp--preset--spacing--40);padding-right:0;padding-bottom:0;padding-left:var(--wp--preset--spacing--80);flex-basis:100%\">\n<h2 class=\"wp-block-heading has-text-align-center has-luminous-vivid-orange-color has-text-color has-link-color wp-elements-d9848c25061fe3663c05f9c327b4f50c\" style=\"margin-right:var(--wp--preset--spacing--60);margin-left:var(--wp--preset--spacing--60);font-size:3vh\">Archives 2024\/2025<\/h2>\n\n\n\n<div class=\"wp-block-group is-nowrap is-layout-flex wp-container-core-group-is-layout-e8cb8581 wp-block-group-is-layout-flex\" style=\"margin-top:0;margin-bottom:0;padding-top:0;padding-bottom:0\">\n<p class=\"has-text-align-left has-vivid-cyan-blue-color has-text-color has-link-color wp-elements-1b622332cd10e5c4f75a3c14ef8a1dff wp-container-content-9cfa9a5a\" style=\"font-size:2vh\"><a href=\"https:\/\/enfantsdecholet.fr\/index.php\/archives-individuels-gaf-2024-2025\/\" data-type=\"page\" data-id=\"2280\" target=\"_blank\" rel=\"noreferrer noopener\"><strong>R\u00e9sultats individuels GAF<\/strong><\/a><\/p>\n\n\n\n<figure class=\"wp-block-image aligncenter size-full is-resized\" style=\"margin-top:var(--wp--preset--spacing--30);margin-right:var(--wp--preset--spacing--60);margin-bottom:var(--wp--preset--spacing--30);margin-left:var(--wp--preset--spacing--60)\"><a href=\"https:\/\/enfantsdecholet.fr\/index.php\/archives-individuels-gaf-2024-2025\/\" target=\"_blank\" rel=\" noreferrer noopener\"><img loading=\"lazy\" decoding=\"async\" width=\"160\" height=\"148\" src=\"http:\/\/enfantsdecholet.fr\/wp-content\/uploads\/2025\/08\/coupe.png\" alt=\"\" class=\"wp-image-796\" style=\"width:auto;height:50px\"\/><\/a><\/figure>\n<\/div>\n\n\n\n<div class=\"wp-block-group is-nowrap is-layout-flex wp-container-core-group-is-layout-e8cb8581 wp-block-group-is-layout-flex\" style=\"margin-top:0;margin-bottom:0;padding-top:0;padding-bottom:0\">\n<p class=\"has-text-align-left has-vivid-cyan-blue-color has-text-color has-link-color wp-elements-d28903af8b0f0cff340ab857c36bd476 wp-container-content-9cfa9a5a\" style=\"font-size:2vh\"><a href=\"https:\/\/enfantsdecholet.fr\/index.php\/archives-equipes-gaf-2024-2025\/\" data-type=\"page\" data-id=\"2284\" target=\"_blank\" rel=\"noreferrer noopener\"><strong>R\u00e9sultats \u00e9quipes GAF<\/strong><\/a><\/p>\n\n\n\n<figure class=\"wp-block-image aligncenter size-full is-resized\" style=\"margin-top:var(--wp--preset--spacing--30);margin-right:var(--wp--preset--spacing--60);margin-bottom:var(--wp--preset--spacing--30);margin-left:var(--wp--preset--spacing--60)\"><a href=\"https:\/\/enfantsdecholet.fr\/index.php\/archives-equipes-gaf-2024-2025\/\" target=\"_blank\" rel=\" noreferrer noopener\"><img loading=\"lazy\" decoding=\"async\" width=\"160\" height=\"148\" src=\"http:\/\/enfantsdecholet.fr\/wp-content\/uploads\/2025\/08\/coupe.png\" alt=\"\" class=\"wp-image-796\" style=\"width:auto;height:50px\"\/><\/a><\/figure>\n<\/div>\n\n\n\n<div class=\"wp-block-group is-nowrap is-layout-flex wp-container-core-group-is-layout-e8cb8581 wp-block-group-is-layout-flex\" style=\"margin-top:0;margin-bottom:0;padding-top:0;padding-bottom:0\">\n<p class=\"has-text-align-left has-vivid-cyan-blue-color has-text-color has-link-color wp-elements-b2221fcd89cfbbd422069cb1f7eb1062 wp-container-content-9cfa9a5a\" style=\"font-size:2vh\"><a href=\"https:\/\/enfantsdecholet.fr\/index.php\/archives-individuels-gam-2024-2025\/\" data-type=\"page\" data-id=\"2279\" target=\"_blank\" rel=\"noreferrer noopener\"><strong>R\u00e9sultats individuels GAM<\/strong><\/a><\/p>\n\n\n\n<figure class=\"wp-block-image aligncenter size-full is-resized\" style=\"margin-top:var(--wp--preset--spacing--30);margin-right:var(--wp--preset--spacing--60);margin-bottom:var(--wp--preset--spacing--30);margin-left:var(--wp--preset--spacing--60)\"><a href=\"https:\/\/enfantsdecholet.fr\/index.php\/archives-individuels-gam-2024-2025\/\" target=\"_blank\" rel=\" noreferrer noopener\"><img loading=\"lazy\" decoding=\"async\" width=\"160\" height=\"148\" src=\"http:\/\/enfantsdecholet.fr\/wp-content\/uploads\/2025\/08\/coupe.png\" alt=\"\" class=\"wp-image-796\" style=\"width:auto;height:50px\"\/><\/a><\/figure>\n<\/div>\n\n\n\n<div class=\"wp-block-group is-nowrap is-layout-flex wp-container-core-group-is-layout-e8cb8581 wp-block-group-is-layout-flex\" style=\"margin-top:0;margin-bottom:0;padding-top:0;padding-bottom:0\">\n<p class=\"has-text-align-left has-vivid-cyan-blue-color has-text-color has-link-color wp-elements-233cb88629a33c31eb3ed40b32a0dfb8 wp-container-content-9cfa9a5a\" style=\"font-size:2vh\"><a href=\"https:\/\/enfantsdecholet.fr\/index.php\/archives-equipes-gam-2024-2025\/\" data-type=\"page\" data-id=\"2286\" target=\"_blank\" rel=\"noreferrer noopener\"><strong>R\u00e9sultats \u00e9quipes GAM<\/strong><\/a><\/p>\n\n\n\n<figure class=\"wp-block-image aligncenter size-full is-resized\" style=\"margin-top:var(--wp--preset--spacing--30);margin-right:var(--wp--preset--spacing--60);margin-bottom:var(--wp--preset--spacing--30);margin-left:var(--wp--preset--spacing--60)\"><a href=\"https:\/\/enfantsdecholet.fr\/index.php\/archives-equipes-gam-2024-2025\/\" target=\"_blank\" rel=\" noreferrer noopener\"><img loading=\"lazy\" decoding=\"async\" width=\"160\" height=\"148\" src=\"http:\/\/enfantsdecholet.fr\/wp-content\/uploads\/2025\/08\/coupe.png\" alt=\"\" class=\"wp-image-796\" style=\"width:auto;height:50px\"\/><\/a><\/figure>\n<\/div>\n\n\n\n<div class=\"wp-block-group is-nowrap is-layout-flex wp-container-core-group-is-layout-e8cb8581 wp-block-group-is-layout-flex\" style=\"margin-top:0;margin-bottom:0;padding-top:0;padding-bottom:0\">\n<p class=\"has-text-align-left has-vivid-cyan-blue-color has-text-color has-link-color wp-elements-30165f1cef4723649fd6724da0b0214c wp-container-content-9cfa9a5a\" style=\"font-size:2vh\"><a href=\"https:\/\/enfantsdecholet.fr\/index.php\/archives-individuels-gr-2024-2025\/\" data-type=\"page\" data-id=\"2291\" target=\"_blank\" rel=\"noreferrer noopener\"><strong>R\u00e9sultats individuels GR<\/strong><\/a><\/p>\n\n\n\n<figure class=\"wp-block-image aligncenter size-full is-resized\" style=\"margin-top:var(--wp--preset--spacing--30);margin-right:var(--wp--preset--spacing--60);margin-bottom:var(--wp--preset--spacing--30);margin-left:var(--wp--preset--spacing--60)\"><a href=\"https:\/\/enfantsdecholet.fr\/index.php\/archives-individuels-gr-2024-2025\/\" target=\"_blank\" rel=\" noreferrer noopener\"><img loading=\"lazy\" decoding=\"async\" width=\"160\" height=\"148\" src=\"http:\/\/enfantsdecholet.fr\/wp-content\/uploads\/2025\/08\/coupe.png\" alt=\"\" class=\"wp-image-796\" style=\"width:auto;height:50px\"\/><\/a><\/figure>\n<\/div>\n\n\n\n<div class=\"wp-block-group is-nowrap is-layout-flex wp-container-core-group-is-layout-e8cb8581 wp-block-group-is-layout-flex\" style=\"margin-top:0;margin-bottom:0;padding-top:0;padding-bottom:0\">\n<p class=\"has-text-align-left has-vivid-cyan-blue-color has-text-color has-link-color wp-elements-c302ccd54c49755e166f6276e934eaf4 wp-container-content-9cfa9a5a\" style=\"font-size:2vh\"><a href=\"https:\/\/enfantsdecholet.fr\/index.php\/archives-gr-2024-2025\/\" data-type=\"page\" data-id=\"2288\" target=\"_blank\" rel=\"noreferrer noopener\"><strong>R\u00e9sultats ensembles GR<\/strong><\/a><\/p>\n\n\n\n<figure class=\"wp-block-image aligncenter size-full is-resized\" style=\"margin-top:var(--wp--preset--spacing--30);margin-right:var(--wp--preset--spacing--60);margin-bottom:var(--wp--preset--spacing--30);margin-left:var(--wp--preset--spacing--60)\"><a href=\"https:\/\/enfantsdecholet.fr\/index.php\/archives-gr-2024-2025\/\" target=\"_blank\" rel=\" noreferrer noopener\"><img loading=\"lazy\" decoding=\"async\" width=\"160\" height=\"148\" src=\"http:\/\/enfantsdecholet.fr\/wp-content\/uploads\/2025\/08\/coupe.png\" alt=\"\" class=\"wp-image-796\" style=\"width:auto;height:50px\"\/><\/a><\/figure>\n<\/div>\n<\/div>\n<\/div>\n\n\n\n<div class=\"wp-block-group alignwide has-background-color is-layout-flow wp-block-group-is-layout-flow\" style=\"margin-top:0;margin-bottom:0;padding-top:var(--wp--preset--spacing--50);padding-right:var(--wp--preset--spacing--30);padding-bottom:var(--wp--preset--spacing--50);padding-left:var(--wp--preset--spacing--30);font-size:2em\">\n<div class=\"wp-block-group has-border-color has-luminous-vivid-orange-border-color has-small-font-size is-content-justification-space-between is-layout-flex wp-container-core-group-is-layout-018c2fd6 wp-block-group-is-layout-flex\" style=\"min-height:0px;padding-top:0;padding-right:var(--wp--preset--spacing--20);padding-bottom:0;padding-left:var(--wp--preset--spacing--20)\">\n<p class=\"has-text-color\" style=\"color:#b1c900;padding-top:0rem;padding-right:0px;padding-bottom:0rem;padding-left:0px;font-size:1.8vh\">Pour nous contacter : <\/p>\n\n\n\n<p style=\"padding-top:0rem;padding-right:var(--wp--preset--spacing--20);padding-bottom:0rem;padding-left:var(--wp--preset--spacing--20);font-size:1.8vh\">Les Enfants de Cholet &#8211; 48, rue des Bons Enfants &#8211; 49300 CHOLET &#8211; T\u00e9l&nbsp;: 02 41 75 54 91 &#8211;   <\/p>\n\n\n\n<p class=\"wp-container-content-9cfa9a5a\" style=\"font-size:1.8vh\">Mail&nbsp;: <a href=\"mailto:enfcholetgym@free.fr\">enfcholetgym@free.fr<\/a><\/p>\n<\/div>\n<\/div>\n","protected":false},"excerpt":{"rendered":"<p>Calendrier 2025\/2026 Comp\u00e9titions 2025\/2026 R\u00e9sultats individuels GAF R\u00e9sultats \u00e9quipes GAF R\u00e9sultats individuels GAM R\u00e9sultats \u00e9quipes GAM R\u00e9sultats individuels GR R\u00e9sultats [&hellip;]<\/p>\n","protected":false},"author":1,"featured_media":0,"parent":0,"menu_order":0,"comment_status":"closed","ping_status":"closed","template":"","meta":{"_lmt_disableupdate":"","_lmt_disable":"yes","site-sidebar-layout":"no-sidebar","site-content-layout":"","ast-site-content-layout":"full-width-container","site-content-style":"default","site-sidebar-style":"default","ast-global-header-display":"","ast-banner-title-visibility":"","ast-main-header-display":"","ast-hfb-above-header-display":"","ast-hfb-below-header-display":"","ast-hfb-mobile-header-display":"","site-post-title":"disabled","ast-breadcrumbs-content":"","ast-featured-img":"","footer-sml-layout":"","ast-disable-related-posts":"","theme-transparent-header-meta":"","adv-header-id-meta":"","stick-header-meta":"","header-above-stick-meta":"","header-main-stick-meta":"","header-below-stick-meta":"","astra-migrate-meta-layouts":"default","ast-page-background-enabled":"default","ast-page-background-meta":{"desktop":{"background-color":"var(--ast-global-color-5)","background-image":"","background-repeat":"repeat","background-position":"center center","background-size":"auto","background-attachment":"scroll","background-type":"","background-media":"","overlay-type":"","overlay-color":"","overlay-opacity":"","overlay-gradient":""},"tablet":{"background-color":"","background-image":"","background-repeat":"repeat","background-position":"center center","background-size":"auto","background-attachment":"scroll","background-type":"","background-media":"","overlay-type":"","overlay-color":"","overlay-opacity":"","overlay-gradient":""},"mobile":{"background-color":"","background-image":"","background-repeat":"repeat","background-position":"center center","background-size":"auto","background-attachment":"scroll","background-type":"","background-media":"","overlay-type":"","overlay-color":"","overlay-opacity":"","overlay-gradient":""}},"ast-content-background-meta":{"desktop":{"background-color":"var(--ast-global-color-4)","background-image":"","background-repeat":"repeat","background-position":"center center","background-size":"auto","background-attachment":"scroll","background-type":"","background-media":"","overlay-type":"","overlay-color":"","overlay-opacity":"","overlay-gradient":""},"tablet":{"background-color":"var(--ast-global-color-4)","background-image":"","background-repeat":"repeat","background-position":"center center","background-size":"auto","background-attachment":"scroll","background-type":"","background-media":"","overlay-type":"","overlay-color":"","overlay-opacity":"","overlay-gradient":""},"mobile":{"background-color":"var(--ast-global-color-4)","background-image":"","background-repeat":"repeat","background-position":"center center","background-size":"auto","background-attachment":"scroll","background-type":"","background-media":"","overlay-type":"","overlay-color":"","overlay-opacity":"","overlay-gradient":""}},"footnotes":""},"class_list":["post-425","page","type-page","status-publish","hentry"],"_links":{"self":[{"href":"https:\/\/enfantsdecholet.fr\/index.php\/wp-json\/wp\/v2\/pages\/425","targetHints":{"allow":["GET"]}}],"collection":[{"href":"https:\/\/enfantsdecholet.fr\/index.php\/wp-json\/wp\/v2\/pages"}],"about":[{"href":"https:\/\/enfantsdecholet.fr\/index.php\/wp-json\/wp\/v2\/types\/page"}],"author":[{"embeddable":true,"href":"https:\/\/enfantsdecholet.fr\/index.php\/wp-json\/wp\/v2\/users\/1"}],"replies":[{"embeddable":true,"href":"https:\/\/enfantsdecholet.fr\/index.php\/wp-json\/wp\/v2\/comments?post=425"}],"version-history":[{"count":24,"href":"https:\/\/enfantsdecholet.fr\/index.php\/wp-json\/wp\/v2\/pages\/425\/revisions"}],"predecessor-version":[{"id":2683,"href":"https:\/\/enfantsdecholet.fr\/index.php\/wp-json\/wp\/v2\/pages\/425\/revisions\/2683"}],"wp:attachment":[{"href":"https:\/\/enfantsdecholet.fr\/index.php\/wp-json\/wp\/v2\/media?parent=425"}],"curies":[{"name":"wp","href":"https:\/\/api.w.org\/{rel}","templated":true}]}}