{"id":434,"date":"2025-07-31T21:55:20","date_gmt":"2025-07-31T19:55:20","guid":{"rendered":"http:\/\/olrio.fr\/?page_id=434"},"modified":"2025-10-04T16:17:42","modified_gmt":"2025-10-04T14:17:42","slug":"partenariat","status":"publish","type":"page","link":"https:\/\/enfantsdecholet.fr\/index.php\/partenariat\/","title":{"rendered":"Partenariat"},"content":{"rendered":"\n<div class=\"wp-block-columns body { color: red;} is-style-default has-background has-medium-font-size is-layout-flex wp-container-core-columns-is-layout-ae9cde47 wp-block-columns-is-layout-flex\" style=\"border-bottom-color:var(--wp--preset--color--luminous-vivid-orange);border-left-color:var(--wp--preset--color--luminous-vivid-orange);background-color:#046bd133;margin-top:var(--wp--preset--spacing--50);margin-bottom:0;padding-top:var(--wp--preset--spacing--20);padding-right:var(--wp--preset--spacing--20);padding-bottom:0;padding-left:var(--wp--preset--spacing--20)\">\n<div class=\"wp-block-column body.siteorigin-panels { margin-right: 0; margin-left:0; } is-layout-constrained wp-container-core-column-is-layout-76f806ac wp-block-column-is-layout-constrained\" style=\"padding-top:var(--wp--preset--spacing--40);padding-right:0;padding-bottom:0;padding-left:var(--wp--preset--spacing--80);flex-basis:100%\">\n<h2 class=\"wp-block-heading has-text-align-left has-luminous-vivid-orange-color has-text-color has-link-color wp-elements-50615633447fd57180a85efaf7a82c03\" style=\"font-size:3vh\">Le partenariat, ressource indispensable de l\u2019association<\/h2>\n\n\n\n<p class=\"has-text-align-left\" style=\"margin-top:1vh;margin-right:0;margin-bottom:1vh;padding-right:0;padding-left:0;font-size:1.8vh\">De la petite enfance \u00e0 l&rsquo;\u00e2ge adulte et de l&rsquo;activit\u00e9 de loisir \u00e0 l&rsquo;accession au haut niveau, les Enfants de Cholet ont la volont\u00e9 de pr\u00e9server l&rsquo;acc\u00e8s des activit\u00e9s gymniques au plus grand nombre tout en conservant leurs valeurs sportives et soci\u00e9tales.<\/p>\n\n\n\n<p class=\"has-text-align-left\" style=\"margin-top:1vh;margin-right:0;margin-bottom:1vh;padding-right:0;padding-left:0;font-size:1.8vh\">Les ressources financi\u00e8res du club proviennent essentiellement des cotisations des adh\u00e9rents, des manifestations sportives organis\u00e9es et de subventions. Afin de garantir la qualit\u00e9 et la stabilit\u00e9 de l&rsquo;encadrement, l\u2019association a fait le choix de la professionnalisation et emploie 5 entra\u00eeneurs. Les charges salariales sont cons\u00e9quentes. Dans le m\u00eame temps, l&rsquo;augmentation des d\u00e9penses indispensables \u00e0 l&rsquo;organisation des manifestations r\u00e9duit les b\u00e9n\u00e9fices d\u00e9gag\u00e9s. Pour finir, les subventions baissent ou disparaissent en raison d&rsquo;un contexte \u00e9conomique difficile.<\/p>\n\n\n\n<p class=\"has-text-align-left\" style=\"margin-top:1vh;margin-right:0;margin-bottom:1vh;padding-right:0;padding-left:0;font-size:1.8vh\">Afin de poursuivre leurs objectifs, les Enfants de Cholet ont besoin de diversifier leurs ressources gr\u00e2ce au soutien de nouveaux partenaires, qu\u2019ils soient m\u00e9c\u00e8nes ou sponsors.<\/p>\n\n\n\n<p class=\"has-text-align-left\" style=\"margin-top:1vh;margin-right:0;margin-bottom:1vh;padding-right:0;padding-left:0;font-size:1.8vh\">Pour en savoir plus :<\/p>\n\n\n\n<p class=\"has-text-align-left\" style=\"margin-top:1vh;margin-right:0;margin-bottom:1vh;padding-right:0;padding-left:0;font-size:1.8vh\"><a href=\"https:\/\/enfantsdecholet.fr\/wp-content\/uploads\/2025\/09\/Pres_partenaires_site.pdf\" data-type=\"attachment\" data-id=\"2253\" target=\"_blank\" rel=\"noreferrer noopener\">D\u00e9couvrez notre pr\u00e9sentation destin\u00e9e aux partenaires<\/a><\/p>\n\n\n\n<p class=\"has-text-align-left\" style=\"margin-top:1vh;margin-right:0;margin-bottom:1vh;padding-right:0;padding-left:0;font-size:1.8vh\"><a href=\"https:\/\/enfantsdecholet.fr\/wp-content\/uploads\/2025\/09\/Devenir_partenaire.pdf\" data-type=\"attachment\" data-id=\"2227\" target=\"_blank\" rel=\"noreferrer noopener\">Devenir partenaire &#8211; Qui ? Pourquoi ? Comment ? Quand et o\u00f9 ?<\/a><\/p>\n\n\n\n<p class=\"has-text-align-left\" style=\"margin-top:1vh;margin-right:0;margin-bottom:1vh;padding-right:0;padding-left:0;font-size:1.8vh\"><a href=\"https:\/\/enfantsdecholet.fr\/wp-content\/uploads\/2025\/09\/Mecenat_vs_Sponsoring.pdf\" data-type=\"attachment\" data-id=\"2229\" target=\"_blank\" rel=\"noreferrer noopener\">Quel type de partenariat pour mon entreprise ?<\/a><\/p>\n\n\n\n<p class=\"has-text-align-left\" style=\"margin-top:1vh;margin-right:0;margin-bottom:1vh;padding-right:0;padding-left:0;font-size:1.8vh\"><a href=\"https:\/\/enfantsdecholet.fr\/wp-content\/uploads\/2025\/09\/Guide_officiel_mecenat.pdf\" data-type=\"attachment\" data-id=\"2228\" target=\"_blank\" rel=\"noreferrer noopener\">Le guide officiel du m\u00e9c\u00e9nat<\/a><\/p>\n\n\n\n<h2 class=\"wp-block-heading has-luminous-vivid-orange-color has-text-color has-link-color wp-elements-e1574719b7265b956f5428839d3e53c2\" style=\"font-size:3vh\">Vous souhaitez en savoir plus et nous soutenir ?<\/h2>\n\n\n\n<p class=\"has-text-align-left\" style=\"margin-top:1vh;margin-right:0;margin-bottom:1vh;padding-right:0;padding-left:0;font-size:1.8vh\">Merci de nous contacter au 02 41 75 54 91 ou par mail \u00e0 l&rsquo;adresse <a href=\"mailto:enfcholetgym@free.fr\">enfcholetgym@free.fr<\/a><\/p>\n\n\n\n<p class=\"has-text-align-left\" style=\"margin-top:1vh;margin-right:0;margin-bottom:1vh;padding-right:0;padding-left:0;font-size:1.8vh\">Nous pourrons convenir d\u2019un rendez-vous pour vous en dire plus sur notre proposition de partenariat.<\/p>\n<\/div>\n<\/div>\n\n\n\n<div class=\"wp-block-columns body { color: red;} is-style-default has-background has-medium-font-size is-layout-flex wp-container-core-columns-is-layout-ae9cde47 wp-block-columns-is-layout-flex\" style=\"border-left-color:var(--wp--preset--color--luminous-vivid-orange);background-color:#046bd133;margin-top:var(--wp--preset--spacing--50);margin-bottom:0;padding-top:var(--wp--preset--spacing--20);padding-right:var(--wp--preset--spacing--20);padding-bottom:0;padding-left:var(--wp--preset--spacing--20)\">\n<div class=\"wp-block-column body.siteorigin-panels { margin-right: 0; margin-left:0; } is-layout-constrained wp-container-core-column-is-layout-76872424 wp-block-column-is-layout-constrained\" style=\"padding-top:var(--wp--preset--spacing--40);padding-right:0;padding-bottom:var(--wp--preset--spacing--50);padding-left:var(--wp--preset--spacing--80);flex-basis:100%\">\n<h2 class=\"wp-block-heading has-text-align-center has-luminous-vivid-orange-color has-text-color has-link-color wp-elements-7249fc1ae784e1434139cfae2efc0c58\" style=\"font-size:3vh\">Merci \u00e0 nos partenaires<\/h2>\n<\/div>\n<\/div>\n\n\n\n<div class=\"wp-block-columns body { color: red;} is-style-default has-background has-medium-font-size is-layout-flex wp-container-core-columns-is-layout-76c771d8 wp-block-columns-is-layout-flex\" style=\"border-bottom-color:var(--wp--preset--color--luminous-vivid-orange);border-left-color:var(--wp--preset--color--luminous-vivid-orange);background-color:#046bd133;margin-top:0;margin-bottom:0;padding-top:var(--wp--preset--spacing--20);padding-right:var(--wp--preset--spacing--20);padding-bottom:0;padding-left:var(--wp--preset--spacing--20)\">\n<div class=\"wp-block-column body.siteorigin-panels { margin-right: 0; margin-left:0; } is-layout-constrained wp-container-core-column-is-layout-76872424 wp-block-column-is-layout-constrained\" style=\"padding-top:var(--wp--preset--spacing--40);padding-right:0;padding-bottom:var(--wp--preset--spacing--50);padding-left:var(--wp--preset--spacing--80);flex-basis:50%\">\n<figure class=\"wp-block-image aligncenter size-full\"><a href=\"https:\/\/baudonsa.com\/\" target=\"_blank\" rel=\" noreferrer noopener\"><img loading=\"lazy\" decoding=\"async\" width=\"296\" height=\"80\" src=\"http:\/\/enfantsdecholet.fr\/wp-content\/uploads\/2025\/09\/partenariat_1.png\" alt=\"\" class=\"wp-image-2230\"\/><\/a><\/figure>\n\n\n\n<figure class=\"wp-block-image aligncenter size-full\"><a href=\"https:\/\/www.culturevelo.com\/-Cholet-\" target=\"_blank\" rel=\" noreferrer noopener\"><img loading=\"lazy\" decoding=\"async\" width=\"114\" height=\"80\" src=\"http:\/\/enfantsdecholet.fr\/wp-content\/uploads\/2025\/09\/partenariat_3.png\" alt=\"\" class=\"wp-image-2232\"\/><\/a><\/figure>\n\n\n\n<figure class=\"wp-block-image aligncenter size-full\"><a href=\"https:\/\/www.colbertgroupe.com\/\" target=\"_blank\" rel=\" noreferrer noopener\"><img loading=\"lazy\" decoding=\"async\" width=\"207\" height=\"100\" src=\"http:\/\/enfantsdecholet.fr\/wp-content\/uploads\/2025\/09\/partenariat_15.png\" alt=\"\" class=\"wp-image-2244\"\/><\/a><\/figure>\n\n\n\n<figure class=\"wp-block-image aligncenter size-full\"><img loading=\"lazy\" decoding=\"async\" width=\"270\" height=\"80\" src=\"http:\/\/enfantsdecholet.fr\/wp-content\/uploads\/2025\/09\/partenariat_5.png\" alt=\"\" class=\"wp-image-2234\"\/><\/figure>\n\n\n\n<figure class=\"wp-block-image aligncenter size-full\"><img loading=\"lazy\" decoding=\"async\" width=\"84\" height=\"80\" src=\"http:\/\/enfantsdecholet.fr\/wp-content\/uploads\/2025\/09\/partenariat_9.png\" alt=\"\" class=\"wp-image-2238\"\/><\/figure>\n\n\n\n<figure class=\"wp-block-image aligncenter size-full\"><img loading=\"lazy\" decoding=\"async\" width=\"158\" height=\"80\" src=\"http:\/\/enfantsdecholet.fr\/wp-content\/uploads\/2025\/09\/partenariat_8.png\" alt=\"\" class=\"wp-image-2237\"\/><\/figure>\n\n\n\n<figure class=\"wp-block-image aligncenter size-full\"><img loading=\"lazy\" decoding=\"async\" width=\"228\" height=\"80\" src=\"http:\/\/enfantsdecholet.fr\/wp-content\/uploads\/2025\/09\/partenariat_11.png\" alt=\"\" class=\"wp-image-2240\"\/><\/figure>\n\n\n\n<figure class=\"wp-block-image aligncenter size-full\"><img loading=\"lazy\" decoding=\"async\" width=\"199\" height=\"100\" src=\"http:\/\/enfantsdecholet.fr\/wp-content\/uploads\/2025\/09\/partenariat_13.png\" alt=\"\" class=\"wp-image-2242\"\/><\/figure>\n\n\n\n<figure class=\"wp-block-image aligncenter size-full\"><img loading=\"lazy\" decoding=\"async\" width=\"269\" height=\"100\" src=\"http:\/\/enfantsdecholet.fr\/wp-content\/uploads\/2025\/09\/partenariat_17.png\" alt=\"\" class=\"wp-image-2246\"\/><\/figure>\n<\/div>\n\n\n\n<div class=\"wp-block-column is-layout-flow wp-block-column-is-layout-flow\" style=\"flex-basis:50%\">\n<figure class=\"wp-block-image aligncenter size-full\"><a href=\"http:\/\/www.sans-permis-cholet.fr\/\" target=\"_blank\" rel=\" noreferrer noopener\"><img loading=\"lazy\" decoding=\"async\" width=\"80\" height=\"80\" src=\"http:\/\/enfantsdecholet.fr\/wp-content\/uploads\/2025\/09\/partenariat_2.png\" alt=\"\" class=\"wp-image-2231\"\/><\/a><\/figure>\n\n\n\n<figure class=\"wp-block-image aligncenter size-full\"><a href=\"https:\/\/www.brioche-gelineau.fr\/\" target=\"_blank\" rel=\" noreferrer noopener\"><img loading=\"lazy\" decoding=\"async\" width=\"114\" height=\"80\" src=\"http:\/\/enfantsdecholet.fr\/wp-content\/uploads\/2025\/09\/partenariat_4.png\" alt=\"\" class=\"wp-image-2233\"\/><\/a><\/figure>\n\n\n\n<figure class=\"wp-block-image aligncenter size-full\"><a href=\"https:\/\/www.opticien-lunetier-cholet.fr\/\" target=\"_blank\" rel=\" noreferrer noopener\"><img loading=\"lazy\" decoding=\"async\" width=\"229\" height=\"80\" src=\"http:\/\/enfantsdecholet.fr\/wp-content\/uploads\/2025\/09\/partenariat_6.png\" alt=\"\" class=\"wp-image-2235\"\/><\/a><\/figure>\n\n\n\n<figure class=\"wp-block-image aligncenter size-full\"><a href=\"https:\/\/www.boucheriecholetaise.fr\/\" target=\"_blank\" rel=\" noreferrer noopener\"><img loading=\"lazy\" decoding=\"async\" width=\"294\" height=\"80\" src=\"http:\/\/enfantsdecholet.fr\/wp-content\/uploads\/2025\/09\/partenariat_7.png\" alt=\"\" class=\"wp-image-2236\"\/><\/a><\/figure>\n\n\n\n<figure class=\"wp-block-image aligncenter size-full\"><img loading=\"lazy\" decoding=\"async\" width=\"80\" height=\"80\" src=\"http:\/\/enfantsdecholet.fr\/wp-content\/uploads\/2025\/09\/partenariat_10.png\" alt=\"\" class=\"wp-image-2239\"\/><\/figure>\n\n\n\n<figure class=\"wp-block-image aligncenter size-full\"><img loading=\"lazy\" decoding=\"async\" width=\"148\" height=\"100\" src=\"http:\/\/enfantsdecholet.fr\/wp-content\/uploads\/2025\/09\/partenariat_12.png\" alt=\"\" class=\"wp-image-2241\"\/><\/figure>\n\n\n\n<figure class=\"wp-block-image aligncenter size-full\"><img loading=\"lazy\" decoding=\"async\" width=\"104\" height=\"100\" src=\"http:\/\/enfantsdecholet.fr\/wp-content\/uploads\/2025\/09\/partenariat_14.png\" alt=\"\" class=\"wp-image-2243\"\/><\/figure>\n\n\n\n<figure class=\"wp-block-image aligncenter size-full\"><img loading=\"lazy\" decoding=\"async\" width=\"84\" height=\"100\" src=\"http:\/\/enfantsdecholet.fr\/wp-content\/uploads\/2025\/09\/partenariat_16.png\" alt=\"\" class=\"wp-image-2245\"\/><\/figure>\n<\/div>\n<\/div>\n\n\n\n<div class=\"wp-block-columns body { color: red;} is-style-default has-background has-medium-font-size is-layout-flex wp-container-core-columns-is-layout-ae9cde47 wp-block-columns-is-layout-flex\" style=\"border-left-color:var(--wp--preset--color--luminous-vivid-orange);background-color:#046bd133;margin-top:var(--wp--preset--spacing--50);margin-bottom:0;padding-top:var(--wp--preset--spacing--20);padding-right:var(--wp--preset--spacing--20);padding-bottom:0;padding-left:var(--wp--preset--spacing--20)\">\n<div class=\"wp-block-column body.siteorigin-panels { margin-right: 0; margin-left:0; } is-layout-constrained wp-container-core-column-is-layout-76872424 wp-block-column-is-layout-constrained\" style=\"padding-top:var(--wp--preset--spacing--40);padding-right:0;padding-bottom:var(--wp--preset--spacing--50);padding-left:var(--wp--preset--spacing--80);flex-basis:100%\">\n<h2 class=\"wp-block-heading has-text-align-center has-luminous-vivid-orange-color has-text-color has-link-color wp-elements-66ddcac152389d83e38f23f19162c509\" style=\"font-size:3vh\">Merci \u00e9galement \u00e0 nos partenaires institutionnels<\/h2>\n\n\n\n<p class=\"has-text-align-center\" style=\"margin-top:1vh;margin-right:0;margin-bottom:1vh;padding-right:0;padding-left:0;font-size:1.8vh\">F\u00e9d\u00e9ration Fran\u00e7aise de Gymnastique<\/p>\n\n\n\n<div class=\"wp-block-group is-content-justification-center is-nowrap is-layout-flex wp-container-core-group-is-layout-23441af8 wp-block-group-is-layout-flex\">\n<figure class=\"wp-block-image size-full\"><a href=\"http:\/\/www.ffgym.com\/\" target=\"_blank\" rel=\" noreferrer noopener\"><img loading=\"lazy\" decoding=\"async\" width=\"132\" height=\"55\" src=\"http:\/\/enfantsdecholet.fr\/wp-content\/uploads\/2025\/09\/partenariat_18.png\" alt=\"\" class=\"wp-image-2247\"\/><\/a><\/figure>\n\n\n\n<figure class=\"wp-block-image size-full\"><a href=\"http:\/\/www.ffgympaysdelaloire.fr\/\" target=\"_blank\" rel=\" noreferrer noopener\"><img loading=\"lazy\" decoding=\"async\" width=\"241\" height=\"55\" src=\"http:\/\/enfantsdecholet.fr\/wp-content\/uploads\/2025\/09\/partenariat_19.png\" alt=\"\" class=\"wp-image-2248\"\/><\/a><\/figure>\n\n\n\n<figure class=\"wp-block-image size-full\"><a href=\"http:\/\/www.cd49.ffgympaysdelaloire.fr\/\" target=\"_blank\" rel=\" noreferrer noopener\"><img loading=\"lazy\" decoding=\"async\" width=\"224\" height=\"55\" src=\"http:\/\/enfantsdecholet.fr\/wp-content\/uploads\/2025\/09\/partenariat_20.png\" alt=\"\" class=\"wp-image-2249\"\/><\/a><\/figure>\n<\/div>\n<\/div>\n<\/div>\n\n\n\n<div class=\"wp-block-columns body { color: red;} is-style-default has-background has-medium-font-size is-layout-flex wp-container-core-columns-is-layout-76c771d8 wp-block-columns-is-layout-flex\" style=\"border-bottom-color:var(--wp--preset--color--luminous-vivid-orange);border-left-color:var(--wp--preset--color--luminous-vivid-orange);background-color:#046bd133;margin-top:0;margin-bottom:0;padding-top:var(--wp--preset--spacing--20);padding-right:var(--wp--preset--spacing--20);padding-bottom:0;padding-left:var(--wp--preset--spacing--20)\">\n<div class=\"wp-block-column body.siteorigin-panels { margin-right: 0; margin-left:0; } is-layout-constrained wp-container-core-column-is-layout-76872424 wp-block-column-is-layout-constrained\" style=\"padding-top:var(--wp--preset--spacing--40);padding-right:0;padding-bottom:var(--wp--preset--spacing--50);padding-left:var(--wp--preset--spacing--80);flex-basis:50%\">\n<figure class=\"wp-block-image aligncenter size-full\"><a href=\"https:\/\/www.cholet.fr\/\" target=\"_blank\" rel=\" noreferrer noopener\"><img loading=\"lazy\" decoding=\"async\" width=\"344\" height=\"115\" src=\"http:\/\/enfantsdecholet.fr\/wp-content\/uploads\/2025\/09\/partenariat_21.png\" alt=\"\" class=\"wp-image-2250\" srcset=\"https:\/\/enfantsdecholet.fr\/wp-content\/uploads\/2025\/09\/partenariat_21.png 344w, https:\/\/enfantsdecholet.fr\/wp-content\/uploads\/2025\/09\/partenariat_21-300x100.png 300w\" sizes=\"auto, (max-width: 344px) 100vw, 344px\" \/><\/a><\/figure>\n\n\n\n<figure class=\"wp-block-image aligncenter size-full\"><a href=\"http:\/\/www.sports.gouv.fr\/\" target=\"_blank\" rel=\" noreferrer noopener\"><img loading=\"lazy\" decoding=\"async\" width=\"344\" height=\"113\" src=\"http:\/\/enfantsdecholet.fr\/wp-content\/uploads\/2025\/09\/partenariat_23.png\" alt=\"\" class=\"wp-image-2252\" srcset=\"https:\/\/enfantsdecholet.fr\/wp-content\/uploads\/2025\/09\/partenariat_23.png 344w, https:\/\/enfantsdecholet.fr\/wp-content\/uploads\/2025\/09\/partenariat_23-300x99.png 300w\" sizes=\"auto, (max-width: 344px) 100vw, 344px\" \/><\/a><\/figure>\n<\/div>\n\n\n\n<div class=\"wp-block-column is-layout-flow wp-block-column-is-layout-flow\" style=\"flex-basis:50%\">\n<figure class=\"wp-block-image aligncenter size-full\"><a href=\"https:\/\/www.cholet.fr\/welcome\/oms.php\" target=\"_blank\" rel=\" noreferrer noopener\"><img loading=\"lazy\" decoding=\"async\" width=\"325\" height=\"115\" src=\"http:\/\/enfantsdecholet.fr\/wp-content\/uploads\/2025\/09\/partenariat_22.png\" alt=\"\" class=\"wp-image-2251\" srcset=\"https:\/\/enfantsdecholet.fr\/wp-content\/uploads\/2025\/09\/partenariat_22.png 325w, https:\/\/enfantsdecholet.fr\/wp-content\/uploads\/2025\/09\/partenariat_22-300x106.png 300w\" sizes=\"auto, (max-width: 325px) 100vw, 325px\" \/><\/a><\/figure>\n<\/div>\n<\/div>\n\n\n\n<div class=\"wp-block-group alignwide has-background-color is-layout-flow wp-block-group-is-layout-flow\" style=\"margin-top:0;margin-bottom:0;padding-top:var(--wp--preset--spacing--50);padding-right:var(--wp--preset--spacing--30);padding-bottom:var(--wp--preset--spacing--50);padding-left:var(--wp--preset--spacing--30);font-size:2em\">\n<div class=\"wp-block-group has-border-color has-luminous-vivid-orange-border-color has-small-font-size is-content-justification-space-between is-layout-flex wp-container-core-group-is-layout-018c2fd6 wp-block-group-is-layout-flex\" style=\"min-height:0px;padding-top:0;padding-right:var(--wp--preset--spacing--20);padding-bottom:0;padding-left:var(--wp--preset--spacing--20)\">\n<p class=\"has-text-color\" style=\"color:#b1c900;padding-top:0rem;padding-right:0px;padding-bottom:0rem;padding-left:0px;font-size:1.8vh\">Pour nous contacter : <\/p>\n\n\n\n<p style=\"padding-top:0rem;padding-right:var(--wp--preset--spacing--20);padding-bottom:0rem;padding-left:var(--wp--preset--spacing--20);font-size:1.8vh\">Les Enfants de Cholet &#8211; 48, rue des Bons Enfants &#8211; 49300 CHOLET &#8211; T\u00e9l&nbsp;: 02 41 75 54 91 &#8211;   <\/p>\n\n\n\n<p class=\"wp-container-content-9cfa9a5a\" style=\"font-size:1.8vh\">Mail&nbsp;: <a href=\"mailto:enfcholetgym@free.fr\">enfcholetgym@free.fr<\/a><\/p>\n<\/div>\n<\/div>\n","protected":false},"excerpt":{"rendered":"<p>Le partenariat, ressource indispensable de l\u2019association De la petite enfance \u00e0 l&rsquo;\u00e2ge adulte et de l&rsquo;activit\u00e9 de loisir \u00e0 l&rsquo;accession [&hellip;]<\/p>\n","protected":false},"author":1,"featured_media":0,"parent":0,"menu_order":0,"comment_status":"closed","ping_status":"closed","template":"","meta":{"_lmt_disableupdate":"","_lmt_disable":"yes","site-sidebar-layout":"no-sidebar","site-content-layout":"","ast-site-content-layout":"full-width-container","site-content-style":"default","site-sidebar-style":"default","ast-global-header-display":"","ast-banner-title-visibility":"","ast-main-header-display":"","ast-hfb-above-header-display":"","ast-hfb-below-header-display":"","ast-hfb-mobile-header-display":"","site-post-title":"disabled","ast-breadcrumbs-content":"","ast-featured-img":"","footer-sml-layout":"","ast-disable-related-posts":"","theme-transparent-header-meta":"","adv-header-id-meta":"","stick-header-meta":"","header-above-stick-meta":"","header-main-stick-meta":"","header-below-stick-meta":"","astra-migrate-meta-layouts":"default","ast-page-background-enabled":"default","ast-page-background-meta":{"desktop":{"background-color":"var(--ast-global-color-5)","background-image":"","background-repeat":"repeat","background-position":"center center","background-size":"auto","background-attachment":"scroll","background-type":"","background-media":"","overlay-type":"","overlay-color":"","overlay-opacity":"","overlay-gradient":""},"tablet":{"background-color":"","background-image":"","background-repeat":"repeat","background-position":"center center","background-size":"auto","background-attachment":"scroll","background-type":"","background-media":"","overlay-type":"","overlay-color":"","overlay-opacity":"","overlay-gradient":""},"mobile":{"background-color":"","background-image":"","background-repeat":"repeat","background-position":"center center","background-size":"auto","background-attachment":"scroll","background-type":"","background-media":"","overlay-type":"","overlay-color":"","overlay-opacity":"","overlay-gradient":""}},"ast-content-background-meta":{"desktop":{"background-color":"var(--ast-global-color-4)","background-image":"","background-repeat":"repeat","background-position":"center center","background-size":"auto","background-attachment":"scroll","background-type":"","background-media":"","overlay-type":"","overlay-color":"","overlay-opacity":"","overlay-gradient":""},"tablet":{"background-color":"var(--ast-global-color-4)","background-image":"","background-repeat":"repeat","background-position":"center center","background-size":"auto","background-attachment":"scroll","background-type":"","background-media":"","overlay-type":"","overlay-color":"","overlay-opacity":"","overlay-gradient":""},"mobile":{"background-color":"var(--ast-global-color-4)","background-image":"","background-repeat":"repeat","background-position":"center center","background-size":"auto","background-attachment":"scroll","background-type":"","background-media":"","overlay-type":"","overlay-color":"","overlay-opacity":"","overlay-gradient":""}},"footnotes":""},"class_list":["post-434","page","type-page","status-publish","hentry"],"_links":{"self":[{"href":"https:\/\/enfantsdecholet.fr\/index.php\/wp-json\/wp\/v2\/pages\/434","targetHints":{"allow":["GET"]}}],"collection":[{"href":"https:\/\/enfantsdecholet.fr\/index.php\/wp-json\/wp\/v2\/pages"}],"about":[{"href":"https:\/\/enfantsdecholet.fr\/index.php\/wp-json\/wp\/v2\/types\/page"}],"author":[{"embeddable":true,"href":"https:\/\/enfantsdecholet.fr\/index.php\/wp-json\/wp\/v2\/users\/1"}],"replies":[{"embeddable":true,"href":"https:\/\/enfantsdecholet.fr\/index.php\/wp-json\/wp\/v2\/comments?post=434"}],"version-history":[{"count":4,"href":"https:\/\/enfantsdecholet.fr\/index.php\/wp-json\/wp\/v2\/pages\/434\/revisions"}],"predecessor-version":[{"id":2255,"href":"https:\/\/enfantsdecholet.fr\/index.php\/wp-json\/wp\/v2\/pages\/434\/revisions\/2255"}],"wp:attachment":[{"href":"https:\/\/enfantsdecholet.fr\/index.php\/wp-json\/wp\/v2\/media?parent=434"}],"curies":[{"name":"wp","href":"https:\/\/api.w.org\/{rel}","templated":true}]}}