{"id":632,"date":"2025-08-05T14:19:55","date_gmt":"2025-08-05T12:19:55","guid":{"rendered":"http:\/\/olrio.fr\/?page_id=632"},"modified":"2025-10-04T15:57:37","modified_gmt":"2025-10-04T13:57:37","slug":"activites","status":"publish","type":"page","link":"https:\/\/enfantsdecholet.fr\/index.php\/activites\/","title":{"rendered":"Activit\u00e9s"},"content":{"rendered":"\n<div class=\"wp-block-columns is-not-stacked-on-mobile body { color: red;} is-style-default has-background has-medium-font-size is-layout-flex wp-container-core-columns-is-layout-9c5bac79 wp-block-columns-is-layout-flex\" style=\"border-bottom-color:var(--wp--preset--color--luminous-vivid-orange);border-left-color:var(--wp--preset--color--luminous-vivid-orange);background-color:#046bd133;margin-top:0;margin-bottom:var(--wp--preset--spacing--50);padding-top:0px;padding-right:var(--wp--preset--spacing--20);padding-bottom:0px;padding-left:var(--wp--preset--spacing--20)\">\n<div class=\"wp-block-column body.siteorigin-panels { margin-right: 0; margin-left:0; } is-layout-flow wp-block-column-is-layout-flow\" style=\"padding-top:var(--wp--preset--spacing--40);padding-right:var(--wp--preset--spacing--40);padding-bottom:var(--wp--preset--spacing--40);padding-left:var(--wp--preset--spacing--40);flex-basis:100%\">\n<h2 class=\"wp-block-heading has-text-align-center has-luminous-vivid-orange-color has-text-color has-link-color wp-elements-67161b670736e16d0249bcd25f9cd84b\" style=\"font-size:3vh\">Pratique loisir<\/h2>\n\n\n\n<p style=\"font-size:1.8vh\">Pour celles et ceux qui aiment la gymnastique sans les enjeux de la comp\u00e9tition.<\/p>\n\n\n\n<h2 class=\"wp-block-heading has-text-align-center has-luminous-vivid-orange-color has-text-color has-link-color wp-elements-f5ee34a1ee8cb82c3f635cbfa97f04b0\" style=\"font-size:3vh\">Comp\u00e9tition<\/h2>\n\n\n\n<p style=\"margin-bottom:0;font-size:1.8vh\">Pour celles et ceux qui souhaitent mesurer leurs progr\u00e8s au travers de la comp\u00e9tition.<\/p>\n\n\n\n<p style=\"margin-top:0;margin-bottom:0;font-size:1.8vh\">Chaque gymnaste est engag\u00e9 par son entraineur dans la cat\u00e9gorie adapt\u00e9e \u00e0 son niveau de pratique<\/p>\n\n\n\n<p style=\"margin-top:0;font-size:1.8vh\">Pour tout renseignement, s\u2019adresser au club.<\/p>\n<\/div>\n<\/div>\n\n\n\n<div class=\"wp-block-columns is-not-stacked-on-mobile body { color: red;} is-style-default has-background has-medium-font-size is-layout-flex wp-container-core-columns-is-layout-d5802a08 wp-block-columns-is-layout-flex\" style=\"border-left-color:var(--wp--preset--color--luminous-vivid-orange);background-color:#046bd133;margin-top:0;margin-bottom:0;padding-top:0px;padding-right:var(--wp--preset--spacing--20);padding-bottom:0px;padding-left:var(--wp--preset--spacing--20)\">\n<div class=\"wp-block-column body.siteorigin-panels { margin-right: 0; margin-left:0; } is-layout-flow wp-block-column-is-layout-flow\" style=\"padding-top:var(--wp--preset--spacing--40);padding-right:var(--wp--preset--spacing--40);padding-bottom:var(--wp--preset--spacing--40);padding-left:var(--wp--preset--spacing--40);flex-basis:100%\">\n<h3 class=\"wp-block-heading has-text-align-center has-text-color has-link-color wp-elements-00610a9f0d191206c6c60f508381c9f6\" style=\"color:#b1c900;font-size:2.5vh\">Petite enfance : babygym et \u00e9veil gymnique<\/h3>\n\n\n\n<p class=\"has-text-align-center\" style=\"margin-bottom:0;font-size:1.8vh\"><a href=\"https:\/\/photos.app.goo.gl\/fnXY1ApiC8o85pWW9\" data-type=\"link\" data-id=\"https:\/\/photos.app.goo.gl\/fnXY1ApiC8o85pWW9\">D\u00e9couvrez l\u2019activit\u00e9 en vid\u00e9o<\/a><\/p>\n\n\n\n<p class=\"has-text-align-center\" style=\"margin-top:0;margin-bottom:0;font-size:1.8vh\"><a href=\"https:\/\/www.ffgym.fr\/Evolugym\/Educ\/Baby_Gym\" data-type=\"link\" data-id=\"https:\/\/www.ffgym.fr\/Evolugym\/Educ\/Baby_Gym\">Pr\u00e9sentation de l\u2019activit\u00e9 par la F\u00e9d\u00e9ration Fran\u00e7aise de Gymnastique<\/a><\/p>\n\n\n\n<p class=\"has-text-align-center\" style=\"margin-top:0;font-size:1.8vh\"><a href=\"https:\/\/photos.app.goo.gl\/Jn5De2RQ9fXPQvUW8\" data-type=\"link\" data-id=\"https:\/\/photos.app.goo.gl\/Jn5De2RQ9fXPQvUW8\">La babygym aux Enfants de Cholet<\/a><\/p>\n<\/div>\n<\/div>\n\n\n\n<div class=\"wp-block-columns is-not-stacked-on-mobile body { color: red;} is-style-default has-background has-medium-font-size is-layout-flex wp-container-core-columns-is-layout-9c5bac79 wp-block-columns-is-layout-flex\" style=\"border-bottom-color:var(--wp--preset--color--luminous-vivid-orange);border-left-color:var(--wp--preset--color--luminous-vivid-orange);background-color:#046bd133;margin-top:0;margin-bottom:var(--wp--preset--spacing--50);padding-top:0px;padding-right:var(--wp--preset--spacing--20);padding-bottom:0px;padding-left:var(--wp--preset--spacing--20)\">\n<div class=\"wp-block-column body.siteorigin-panels { margin-right: 0; margin-left:0; } is-layout-flow wp-block-column-is-layout-flow\" style=\"padding-top:var(--wp--preset--spacing--40);padding-right:var(--wp--preset--spacing--40);padding-bottom:var(--wp--preset--spacing--40);padding-left:var(--wp--preset--spacing--40);flex-basis:50%\">\n<p class=\"has-text-align-center\" style=\"margin-bottom:0;font-size:1.8vh\">(de 2 \u00e0 5 ans)<\/p>\n\n\n\n<p class=\"has-text-align-center\" style=\"margin-top:0;margin-bottom:0;font-size:1.8vh\">Eveil aux activit\u00e9s physiques, motricit\u00e9<\/p>\n\n\n\n<p class=\"has-text-align-center\" style=\"margin-top:0;font-size:1.8vh\">Situation dans l\u2019espace, connaissance de son corps et socialisation<\/p>\n\n\n\n<p class=\"has-text-align-center\" style=\"margin-top:0;font-size:1.8vh\">Section labellis\u00e9e par la F\u00e9d\u00e9ration Fran\u00e7aise de Gymnastique<\/p>\n\n\n\n<p class=\"has-text-align-center\" style=\"margin-top:0;font-size:1.8vh\"><a href=\"http:\/\/enfantsdecholet.fr\/wp-content\/uploads\/2025\/08\/Flyers_cours_PE.pdf\" data-type=\"attachment\" data-id=\"641\" target=\"_blank\" rel=\"noreferrer noopener\">Horaires 2024-2025<\/a><\/p>\n<\/div>\n\n\n\n<div class=\"wp-block-column is-vertically-aligned-center is-layout-flow wp-block-column-is-layout-flow\" style=\"flex-basis:50%\">\n<figure class=\"wp-block-image aligncenter size-thumbnail\"><img loading=\"lazy\" decoding=\"async\" width=\"150\" height=\"123\" src=\"http:\/\/enfantsdecholet.fr\/wp-content\/uploads\/2025\/08\/babygym-activites-150x123.png\" alt=\"\" class=\"wp-image-640\"\/><\/figure>\n<\/div>\n<\/div>\n\n\n\n<div class=\"wp-block-columns is-not-stacked-on-mobile body { color: red;} is-style-default has-background has-medium-font-size is-layout-flex wp-container-core-columns-is-layout-d5802a08 wp-block-columns-is-layout-flex\" style=\"border-left-color:var(--wp--preset--color--luminous-vivid-orange);background-color:#046bd133;margin-top:0;margin-bottom:0;padding-top:0px;padding-right:var(--wp--preset--spacing--20);padding-bottom:0px;padding-left:var(--wp--preset--spacing--20)\">\n<div class=\"wp-block-column body.siteorigin-panels { margin-right: 0; margin-left:0; } is-layout-flow wp-block-column-is-layout-flow\" style=\"padding-top:var(--wp--preset--spacing--40);padding-right:var(--wp--preset--spacing--40);padding-bottom:var(--wp--preset--spacing--40);padding-left:var(--wp--preset--spacing--40);flex-basis:100%\">\n<h3 class=\"wp-block-heading has-text-align-center has-text-color has-link-color wp-elements-2b092f38207c86c06dcb72acaef699f1\" style=\"color:#b1c900;font-size:2.5vh\">Gymnastique artistique masculine (GAM)<\/h3>\n\n\n\n<p class=\"has-text-align-center\" style=\"margin-bottom:0;font-size:1.8vh\"><a href=\"https:\/\/photos.app.goo.gl\/VueE8ajSZGY4bCt77\" data-type=\"link\" data-id=\"https:\/\/photos.app.goo.gl\/fnXY1ApiC8o85pWW9\" target=\"_blank\" rel=\"noreferrer noopener\">D\u00e9couvrez l\u2019activit\u00e9 en vid\u00e9o<\/a><\/p>\n\n\n\n<p class=\"has-text-align-center\" style=\"margin-top:0;margin-bottom:0;font-size:1.8vh\"><a href=\"https:\/\/www.ffgym.fr\/La_FFGYM\/Les_disciplines\/Gymnastique_Artistique_Masculine\" data-type=\"link\" data-id=\"https:\/\/www.ffgym.fr\/Evolugym\/Educ\/Baby_Gym\" target=\"_blank\" rel=\"noreferrer noopener\">Pr\u00e9sentation de l\u2019activit\u00e9 par la F\u00e9d\u00e9ration Fran\u00e7aise de Gymnastique<\/a><\/p>\n\n\n\n<p class=\"has-text-align-center\" style=\"margin-top:0;font-size:1.8vh\"><a href=\"https:\/\/photos.app.goo.gl\/dnmHwZkbL6Cc7PAg7\" data-type=\"link\" data-id=\"https:\/\/photos.app.goo.gl\/Jn5De2RQ9fXPQvUW8\" target=\"_blank\" rel=\"noreferrer noopener\">La GAM aux Enfants de Cholet<\/a><\/p>\n<\/div>\n<\/div>\n\n\n\n<div class=\"wp-block-columns is-not-stacked-on-mobile body { color: red;} is-style-default has-background has-medium-font-size is-layout-flex wp-container-core-columns-is-layout-9c5bac79 wp-block-columns-is-layout-flex\" style=\"border-bottom-color:var(--wp--preset--color--luminous-vivid-orange);border-left-color:var(--wp--preset--color--luminous-vivid-orange);background-color:#046bd133;margin-top:0;margin-bottom:var(--wp--preset--spacing--50);padding-top:0px;padding-right:var(--wp--preset--spacing--20);padding-bottom:0px;padding-left:var(--wp--preset--spacing--20)\">\n<div class=\"wp-block-column body.siteorigin-panels { margin-right: 0; margin-left:0; } is-layout-flow wp-block-column-is-layout-flow\" style=\"padding-top:var(--wp--preset--spacing--40);padding-right:var(--wp--preset--spacing--40);padding-bottom:var(--wp--preset--spacing--40);padding-left:var(--wp--preset--spacing--40);flex-basis:50%\">\n<p class=\"has-text-align-center\" style=\"margin-bottom:0;font-size:1.8vh\">(\u00e0 partir de 6 ans)<\/p>\n\n\n\n<p class=\"has-text-align-center\" style=\"margin-top:0;margin-bottom:0;font-size:1.8vh\">Aux agr\u00e8s : sol, ar\u00e7ons, anneaux, saut, barres parall\u00e8les, barre fixe<\/p>\n\n\n\n<p class=\"has-text-align-center\" style=\"margin-top:0;font-size:1.8vh\">Initiation (d\u00e9couverte et apprentissage des bases techniques) puis pratique de loisir ou \u00e9volution vers la comp\u00e9tition<\/p>\n\n\n\n<p class=\"has-text-align-center\" style=\"margin-top:0;font-size:1.8vh\"><a href=\"http:\/\/enfantsdecholet.fr\/wp-content\/uploads\/2025\/08\/Flyers_cours_PE.pdf\" data-type=\"attachment\" data-id=\"641\" target=\"_blank\" rel=\"noreferrer noopener\">Horaires <\/a><a href=\"http:\/\/enfantsdecholet.fr\/wp-content\/uploads\/2025\/08\/Flyers_cours_GAM.pdf\" data-type=\"attachment\" data-id=\"645\" target=\"_blank\" rel=\"noreferrer noopener\">2024<\/a><a href=\"http:\/\/enfantsdecholet.fr\/wp-content\/uploads\/2025\/08\/Flyers_cours_PE.pdf\" data-type=\"attachment\" data-id=\"641\" target=\"_blank\" rel=\"noreferrer noopener\">-2025<\/a><\/p>\n<\/div>\n\n\n\n<div class=\"wp-block-column is-vertically-aligned-center is-layout-flow wp-block-column-is-layout-flow\" style=\"flex-basis:50%\">\n<figure class=\"wp-block-image aligncenter size-thumbnail\"><img loading=\"lazy\" decoding=\"async\" width=\"150\" height=\"123\" src=\"http:\/\/enfantsdecholet.fr\/wp-content\/uploads\/2025\/08\/GAM-activites-150x123.png\" alt=\"\" class=\"wp-image-646\"\/><\/figure>\n<\/div>\n<\/div>\n\n\n\n<div class=\"wp-block-columns is-not-stacked-on-mobile body { color: red;} is-style-default has-background has-medium-font-size is-layout-flex wp-container-core-columns-is-layout-d5802a08 wp-block-columns-is-layout-flex\" style=\"border-left-color:var(--wp--preset--color--luminous-vivid-orange);background-color:#046bd133;margin-top:0;margin-bottom:0;padding-top:0px;padding-right:var(--wp--preset--spacing--20);padding-bottom:0px;padding-left:var(--wp--preset--spacing--20)\">\n<div class=\"wp-block-column body.siteorigin-panels { margin-right: 0; margin-left:0; } is-layout-flow wp-block-column-is-layout-flow\" style=\"padding-top:var(--wp--preset--spacing--40);padding-right:var(--wp--preset--spacing--40);padding-bottom:var(--wp--preset--spacing--40);padding-left:var(--wp--preset--spacing--40);flex-basis:100%\">\n<h3 class=\"wp-block-heading has-text-align-center has-text-color has-link-color wp-elements-a8beadf750e702b917079715c68c7a1a\" style=\"color:#b1c900;font-size:2.5vh\">Gymnastique rythmique (GR)<\/h3>\n\n\n\n<p class=\"has-text-align-center\" style=\"margin-bottom:0;font-size:1.8vh\"><a href=\"https:\/\/photos.app.goo.gl\/ZMFydH8YmeVd3LuF9\" data-type=\"link\" data-id=\"https:\/\/photos.app.goo.gl\/fnXY1ApiC8o85pWW9\" target=\"_blank\" rel=\"noreferrer noopener\">D\u00e9couvrez l\u2019activit\u00e9 en vid\u00e9o<\/a><\/p>\n\n\n\n<p class=\"has-text-align-center\" style=\"margin-top:0;margin-bottom:0;font-size:1.8vh\"><a href=\"https:\/\/www.ffgym.fr\/La_FFGYM\/Les_disciplines\/Gymnastique_Rythmique\" data-type=\"link\" data-id=\"https:\/\/www.ffgym.fr\/Evolugym\/Educ\/Baby_Gym\" target=\"_blank\" rel=\"noreferrer noopener\">Pr\u00e9sentation de l\u2019activit\u00e9 par la F\u00e9d\u00e9ration Fran\u00e7aise de Gymnastique<\/a><\/p>\n\n\n\n<p class=\"has-text-align-center\" style=\"margin-top:0;font-size:1.8vh\"><a href=\"https:\/\/photos.app.goo.gl\/wKWuHheiA7i5nYMG6\" data-type=\"link\" data-id=\"https:\/\/photos.app.goo.gl\/Jn5De2RQ9fXPQvUW8\" target=\"_blank\" rel=\"noreferrer noopener\">La GR aux Enfants de Cholet<\/a><\/p>\n<\/div>\n<\/div>\n\n\n\n<div class=\"wp-block-columns is-not-stacked-on-mobile body { color: red;} is-style-default has-background has-medium-font-size is-layout-flex wp-container-core-columns-is-layout-9c5bac79 wp-block-columns-is-layout-flex\" style=\"border-bottom-color:var(--wp--preset--color--luminous-vivid-orange);border-left-color:var(--wp--preset--color--luminous-vivid-orange);background-color:#046bd133;margin-top:0;margin-bottom:var(--wp--preset--spacing--50);padding-top:0px;padding-right:var(--wp--preset--spacing--20);padding-bottom:0px;padding-left:var(--wp--preset--spacing--20)\">\n<div class=\"wp-block-column body.siteorigin-panels { margin-right: 0; margin-left:0; } is-layout-flow wp-block-column-is-layout-flow\" style=\"padding-top:var(--wp--preset--spacing--40);padding-right:var(--wp--preset--spacing--40);padding-bottom:var(--wp--preset--spacing--40);padding-left:var(--wp--preset--spacing--40);flex-basis:50%\">\n<p class=\"has-text-align-center\" style=\"margin-bottom:0;font-size:1.8vh\">(\u00e0 partir de 6 ans)<\/p>\n\n\n\n<p class=\"has-text-align-center\" style=\"margin-top:0;margin-bottom:0;font-size:1.8vh\">Engins : ballons, cerceaux, massues, mains libres, rubans et cordes<\/p>\n\n\n\n<p class=\"has-text-align-center\" style=\"margin-top:0;font-size:1.8vh\">Initiation (d\u00e9couverte et apprentissage des bases techniques) puis pratique de loisir ou \u00e9volution vers la comp\u00e9tition<\/p>\n\n\n\n<p class=\"has-text-align-center\" style=\"margin-top:0;font-size:1.8vh\"><a href=\"http:\/\/enfantsdecholet.fr\/wp-content\/uploads\/2025\/08\/Flyers_cours_PE.pdf\" data-type=\"attachment\" data-id=\"641\" target=\"_blank\" rel=\"noreferrer noopener\">Horaires <\/a><a href=\"http:\/\/enfantsdecholet.fr\/wp-content\/uploads\/2025\/08\/Flyers_cours_GR.pdf\" data-type=\"attachment\" data-id=\"648\" target=\"_blank\" rel=\"noreferrer noopener\">2024<\/a><a href=\"http:\/\/enfantsdecholet.fr\/wp-content\/uploads\/2025\/08\/Flyers_cours_PE.pdf\" data-type=\"attachment\" data-id=\"641\" target=\"_blank\" rel=\"noreferrer noopener\">-2025<\/a><\/p>\n<\/div>\n\n\n\n<div class=\"wp-block-column is-vertically-aligned-center is-layout-flow wp-block-column-is-layout-flow\" style=\"flex-basis:50%\">\n<figure class=\"wp-block-image aligncenter size-thumbnail\"><img loading=\"lazy\" decoding=\"async\" width=\"150\" height=\"122\" src=\"http:\/\/enfantsdecholet.fr\/wp-content\/uploads\/2025\/08\/GR-activites-150x122.png\" alt=\"\" class=\"wp-image-649\"\/><\/figure>\n<\/div>\n<\/div>\n\n\n\n<div class=\"wp-block-columns is-not-stacked-on-mobile body { color: red;} is-style-default has-background has-medium-font-size is-layout-flex wp-container-core-columns-is-layout-d5802a08 wp-block-columns-is-layout-flex\" style=\"border-left-color:var(--wp--preset--color--luminous-vivid-orange);background-color:#046bd133;margin-top:0;margin-bottom:0;padding-top:0px;padding-right:var(--wp--preset--spacing--20);padding-bottom:0px;padding-left:var(--wp--preset--spacing--20)\">\n<div class=\"wp-block-column body.siteorigin-panels { margin-right: 0; margin-left:0; } is-layout-flow wp-block-column-is-layout-flow\" style=\"padding-top:var(--wp--preset--spacing--40);padding-right:var(--wp--preset--spacing--40);padding-bottom:var(--wp--preset--spacing--40);padding-left:var(--wp--preset--spacing--40);flex-basis:100%\">\n<h3 class=\"wp-block-heading has-text-align-center has-text-color has-link-color wp-elements-1928248b0e30b995ddf5cc98a1f86fbc\" style=\"color:#b1c900;font-size:2.5vh\">Gymnastique artistique f\u00e9minine (GAF)<\/h3>\n\n\n\n<p class=\"has-text-align-center\" style=\"margin-bottom:0;font-size:1.8vh\"><a href=\"https:\/\/photos.app.goo.gl\/GPY8EbPqo4R22Lov6\" data-type=\"link\" data-id=\"https:\/\/photos.app.goo.gl\/fnXY1ApiC8o85pWW9\" target=\"_blank\" rel=\"noreferrer noopener\">D\u00e9couvrez l\u2019activit\u00e9 en vid\u00e9o<\/a><\/p>\n\n\n\n<p class=\"has-text-align-center\" style=\"margin-top:0;margin-bottom:0;font-size:1.8vh\"><a href=\"https:\/\/www.ffgym.fr\/La_FFGYM\/Les_disciplines\/Gymnastique_Artistique_Feminine\" data-type=\"link\" data-id=\"https:\/\/www.ffgym.fr\/Evolugym\/Educ\/Baby_Gym\" target=\"_blank\" rel=\"noreferrer noopener\">Pr\u00e9sentation de l\u2019activit\u00e9 par la F\u00e9d\u00e9ration Fran\u00e7aise de Gymnastique<\/a><\/p>\n\n\n\n<p class=\"has-text-align-center\" style=\"margin-top:0;font-size:1.8vh\"><a href=\"https:\/\/photos.app.goo.gl\/oqnD8rA6X2FuZXAt8\" data-type=\"link\" data-id=\"https:\/\/photos.app.goo.gl\/Jn5De2RQ9fXPQvUW8\" target=\"_blank\" rel=\"noreferrer noopener\">La GAF aux Enfants de Cholet<\/a><\/p>\n<\/div>\n<\/div>\n\n\n\n<div class=\"wp-block-columns is-not-stacked-on-mobile body { color: red;} is-style-default has-background has-medium-font-size is-layout-flex wp-container-core-columns-is-layout-9c5bac79 wp-block-columns-is-layout-flex\" style=\"border-bottom-color:var(--wp--preset--color--luminous-vivid-orange);border-left-color:var(--wp--preset--color--luminous-vivid-orange);background-color:#046bd133;margin-top:0;margin-bottom:var(--wp--preset--spacing--50);padding-top:0px;padding-right:var(--wp--preset--spacing--20);padding-bottom:0px;padding-left:var(--wp--preset--spacing--20)\">\n<div class=\"wp-block-column body.siteorigin-panels { margin-right: 0; margin-left:0; } is-layout-flow wp-block-column-is-layout-flow\" style=\"padding-top:var(--wp--preset--spacing--40);padding-right:var(--wp--preset--spacing--40);padding-bottom:var(--wp--preset--spacing--40);padding-left:var(--wp--preset--spacing--40);flex-basis:50%\">\n<p class=\"has-text-align-center\" style=\"margin-bottom:0;font-size:1.8vh\">(\u00e0 partir de 6 ans)<\/p>\n\n\n\n<p class=\"has-text-align-center\" style=\"margin-top:0;margin-bottom:0;font-size:1.8vh\">Aux agr\u00e8s : saut, barres asym\u00e9triques, poutre et sol<\/p>\n\n\n\n<p class=\"has-text-align-center\" style=\"margin-top:0;font-size:1.8vh\">Initiation (d\u00e9couverte et apprentissage des bases techniques) puis pratique de loisir ou \u00e9volution vers la comp\u00e9tition<\/p>\n\n\n\n<p class=\"has-text-align-center\" style=\"margin-top:0;font-size:1.8vh\"><a href=\"http:\/\/enfantsdecholet.fr\/wp-content\/uploads\/2025\/08\/Flyers_cours_PE.pdf\" data-type=\"attachment\" data-id=\"641\" target=\"_blank\" rel=\"noreferrer noopener\">Horaires <\/a><a href=\"http:\/\/enfantsdecholet.fr\/wp-content\/uploads\/2025\/08\/Flyers_cours_GAF.pdf\" data-type=\"attachment\" data-id=\"652\" target=\"_blank\" rel=\"noreferrer noopener\">2024<\/a><a href=\"http:\/\/enfantsdecholet.fr\/wp-content\/uploads\/2025\/08\/Flyers_cours_PE.pdf\" data-type=\"attachment\" data-id=\"641\" target=\"_blank\" rel=\"noreferrer noopener\">-2025<\/a><\/p>\n<\/div>\n\n\n\n<div class=\"wp-block-column is-vertically-aligned-center is-layout-flow wp-block-column-is-layout-flow\" style=\"flex-basis:50%\">\n<figure class=\"wp-block-image aligncenter size-thumbnail\"><img loading=\"lazy\" decoding=\"async\" width=\"150\" height=\"123\" src=\"http:\/\/enfantsdecholet.fr\/wp-content\/uploads\/2025\/08\/GAF-activites-150x123.png\" alt=\"\" class=\"wp-image-651\"\/><\/figure>\n<\/div>\n<\/div>\n\n\n\n<div class=\"wp-block-group alignwide has-background-color is-layout-flow wp-block-group-is-layout-flow\" style=\"margin-top:0;margin-bottom:0;padding-top:var(--wp--preset--spacing--50);padding-right:var(--wp--preset--spacing--30);padding-bottom:var(--wp--preset--spacing--50);padding-left:var(--wp--preset--spacing--30)\">\n<div class=\"wp-block-group has-border-color has-luminous-vivid-orange-border-color has-small-font-size is-content-justification-space-between is-layout-flex wp-container-core-group-is-layout-018c2fd6 wp-block-group-is-layout-flex\" style=\"min-height:0px;padding-top:0;padding-right:var(--wp--preset--spacing--20);padding-bottom:0;padding-left:var(--wp--preset--spacing--20)\">\n<p class=\"has-text-color has-link-color wp-elements-287f1295262d285008378019f005cddd\" style=\"color:#b1c900;padding-top:0rem;padding-right:0px;padding-bottom:0rem;padding-left:0px;font-size:1.8vh\">Pour nous contacter : <\/p>\n\n\n\n<p style=\"padding-top:0rem;padding-right:var(--wp--preset--spacing--20);padding-bottom:0rem;padding-left:var(--wp--preset--spacing--20);font-size:1.8vh\">Les Enfants de Cholet &#8211; 48, rue des Bons Enfants &#8211; 49300 CHOLET &#8211; T\u00e9l&nbsp;: 02 41 75 54 91 &#8211;   <\/p>\n\n\n\n<p class=\"wp-container-content-9cfa9a5a\" style=\"font-size:1.8vh\">Mail&nbsp;: <a href=\"mailto:enfcholetgym@free.fr\">enfcholetgym@free.fr<\/a><\/p>\n<\/div>\n<\/div>\n","protected":false},"excerpt":{"rendered":"<p>Pratique loisir Pour celles et ceux qui aiment la gymnastique sans les enjeux de la comp\u00e9tition. Comp\u00e9tition Pour celles et [&hellip;]<\/p>\n","protected":false},"author":1,"featured_media":0,"parent":0,"menu_order":0,"comment_status":"closed","ping_status":"closed","template":"","meta":{"_lmt_disableupdate":"","_lmt_disable":"yes","site-sidebar-layout":"no-sidebar","site-content-layout":"","ast-site-content-layout":"full-width-container","site-content-style":"default","site-sidebar-style":"default","ast-global-header-display":"","ast-banner-title-visibility":"","ast-main-header-display":"","ast-hfb-above-header-display":"","ast-hfb-below-header-display":"","ast-hfb-mobile-header-display":"","site-post-title":"disabled","ast-breadcrumbs-content":"","ast-featured-img":"","footer-sml-layout":"","ast-disable-related-posts":"","theme-transparent-header-meta":"","adv-header-id-meta":"","stick-header-meta":"","header-above-stick-meta":"","header-main-stick-meta":"","header-below-stick-meta":"","astra-migrate-meta-layouts":"default","ast-page-background-enabled":"default","ast-page-background-meta":{"desktop":{"background-color":"var(--ast-global-color-5)","background-image":"","background-repeat":"repeat","background-position":"center center","background-size":"auto","background-attachment":"scroll","background-type":"","background-media":"","overlay-type":"","overlay-color":"","overlay-opacity":"","overlay-gradient":""},"tablet":{"background-color":"","background-image":"","background-repeat":"repeat","background-position":"center center","background-size":"auto","background-attachment":"scroll","background-type":"","background-media":"","overlay-type":"","overlay-color":"","overlay-opacity":"","overlay-gradient":""},"mobile":{"background-color":"","background-image":"","background-repeat":"repeat","background-position":"center center","background-size":"auto","background-attachment":"scroll","background-type":"","background-media":"","overlay-type":"","overlay-color":"","overlay-opacity":"","overlay-gradient":""}},"ast-content-background-meta":{"desktop":{"background-color":"var(--ast-global-color-4)","background-image":"","background-repeat":"repeat","background-position":"center center","background-size":"auto","background-attachment":"scroll","background-type":"","background-media":"","overlay-type":"","overlay-color":"","overlay-opacity":"","overlay-gradient":""},"tablet":{"background-color":"var(--ast-global-color-4)","background-image":"","background-repeat":"repeat","background-position":"center center","background-size":"auto","background-attachment":"scroll","background-type":"","background-media":"","overlay-type":"","overlay-color":"","overlay-opacity":"","overlay-gradient":""},"mobile":{"background-color":"var(--ast-global-color-4)","background-image":"","background-repeat":"repeat","background-position":"center center","background-size":"auto","background-attachment":"scroll","background-type":"","background-media":"","overlay-type":"","overlay-color":"","overlay-opacity":"","overlay-gradient":""}},"footnotes":""},"class_list":["post-632","page","type-page","status-publish","hentry"],"_links":{"self":[{"href":"https:\/\/enfantsdecholet.fr\/index.php\/wp-json\/wp\/v2\/pages\/632","targetHints":{"allow":["GET"]}}],"collection":[{"href":"https:\/\/enfantsdecholet.fr\/index.php\/wp-json\/wp\/v2\/pages"}],"about":[{"href":"https:\/\/enfantsdecholet.fr\/index.php\/wp-json\/wp\/v2\/types\/page"}],"author":[{"embeddable":true,"href":"https:\/\/enfantsdecholet.fr\/index.php\/wp-json\/wp\/v2\/users\/1"}],"replies":[{"embeddable":true,"href":"https:\/\/enfantsdecholet.fr\/index.php\/wp-json\/wp\/v2\/comments?post=632"}],"version-history":[{"count":9,"href":"https:\/\/enfantsdecholet.fr\/index.php\/wp-json\/wp\/v2\/pages\/632\/revisions"}],"predecessor-version":[{"id":653,"href":"https:\/\/enfantsdecholet.fr\/index.php\/wp-json\/wp\/v2\/pages\/632\/revisions\/653"}],"wp:attachment":[{"href":"https:\/\/enfantsdecholet.fr\/index.php\/wp-json\/wp\/v2\/media?parent=632"}],"curies":[{"name":"wp","href":"https:\/\/api.w.org\/{rel}","templated":true}]}}