{"id":817,"date":"2025-08-10T19:55:50","date_gmt":"2025-08-10T17:55:50","guid":{"rendered":"http:\/\/olrio.fr\/?page_id=817"},"modified":"2026-04-13T22:28:03","modified_gmt":"2026-04-13T20:28:03","slug":"resultats-equipes-gaf","status":"publish","type":"page","link":"https:\/\/enfantsdecholet.fr\/index.php\/resultats-equipes-gaf\/","title":{"rendered":"R\u00e9sultats \u00e9quipes GAF"},"content":{"rendered":"\n<div class=\"wp-block-group is-nowrap is-layout-flex wp-container-core-group-is-layout-6c531013 wp-block-group-is-layout-flex\">\n<figure class=\"wp-block-image size-full\"><a href=\"https:\/\/enfantsdecholet.fr\/index.php\/resultats-individuels-gaf\/\"><img loading=\"lazy\" decoding=\"async\" width=\"62\" height=\"45\" src=\"http:\/\/enfantsdecholet.fr\/wp-content\/uploads\/2026\/02\/fleche_precedent-e1769949002954.png\" alt=\"\" class=\"wp-image-2446\"\/><\/a><\/figure>\n\n\n\n<figure class=\"wp-block-image size-full\"><a href=\"https:\/\/enfantsdecholet.fr\/index.php\/resultats-individuels-gam\/\"><img loading=\"lazy\" decoding=\"async\" width=\"60\" height=\"45\" src=\"http:\/\/enfantsdecholet.fr\/wp-content\/uploads\/2026\/02\/fleche_suivant-e1769948804904.png\" alt=\"\" class=\"wp-image-2447\"\/><\/a><\/figure>\n<\/div>\n\n\n\n<div class=\"wp-block-columns body { color: red;} is-style-default has-background has-medium-font-size is-layout-flex wp-container-core-columns-is-layout-ae9cde47 wp-block-columns-is-layout-flex\" style=\"border-bottom-color:var(--wp--preset--color--luminous-vivid-orange);border-left-color:var(--wp--preset--color--luminous-vivid-orange);background-color:#046bd133;margin-top:var(--wp--preset--spacing--50);margin-bottom:0;padding-top:var(--wp--preset--spacing--20);padding-right:var(--wp--preset--spacing--20);padding-bottom:0;padding-left:var(--wp--preset--spacing--20)\">\n<div class=\"wp-block-column body.siteorigin-panels { margin-right: 0; margin-left:0; } is-layout-constrained wp-container-core-column-is-layout-76872424 wp-block-column-is-layout-constrained\" style=\"padding-top:var(--wp--preset--spacing--40);padding-right:0;padding-bottom:var(--wp--preset--spacing--50);padding-left:var(--wp--preset--spacing--80);flex-basis:100%\">\n<h2 class=\"wp-block-heading has-text-align-center has-luminous-vivid-orange-color has-text-color has-link-color wp-elements-a7d6236be13369f3b7b22cbca0a50f44\" style=\"font-size:3vh\">Les r\u00e9sultats \u00e9quipes GAF saison 2025-2026<\/h2>\n\n\n\n<p style=\"font-size:2vh\"><strong>Prochaine comp\u00e9tition les 18 et 19 avril \u00e0 TRELAZE<\/strong><\/p>\n\n\n\n<div class=\"wp-block-columns is-layout-flex wp-container-core-columns-is-layout-b28e58f1 wp-block-columns-is-layout-flex\" style=\"border-bottom-color:var(--wp--preset--color--luminous-vivid-orange);border-bottom-width:1px;border-left-color:var(--wp--preset--color--luminous-vivid-orange);border-left-width:1px;padding-bottom:var(--wp--preset--spacing--30);padding-left:var(--wp--preset--spacing--40)\">\n<div class=\"wp-block-column is-vertically-aligned-center is-layout-flow wp-block-column-is-layout-flow\">\n<p style=\"margin-bottom:0;font-size:1.8vh\"><strong><a href=\"https:\/\/enfantsdecholet.fr\/wp-content\/uploads\/2026\/04\/Suivi_Eq_GAF-13_04_26.pdf\" data-type=\"attachment\" data-id=\"2698\" target=\"_blank\" rel=\"noreferrer noopener\">Suivi des r\u00e9sultats<\/a><\/strong><\/p>\n<\/div>\n\n\n\n<div class=\"wp-block-column is-vertically-aligned-top is-layout-flow wp-block-column-is-layout-flow\">\n<figure class=\"wp-block-image aligncenter size-full is-resized\" style=\"margin-top:0;margin-bottom:0\"><a href=\"https:\/\/enfantsdecholet.fr\/wp-content\/uploads\/2026\/04\/Suivi_Eq_GAF-13_04_26.pdf\" target=\"_blank\" rel=\" noreferrer noopener\"><img loading=\"lazy\" decoding=\"async\" width=\"66\" height=\"78\" src=\"http:\/\/enfantsdecholet.fr\/wp-content\/uploads\/2025\/08\/icone_classement-e1754843480331.png\" alt=\"\" class=\"wp-image-803\" style=\"width:auto;height:40px\"\/><\/a><\/figure>\n<\/div>\n<\/div>\n\n\n\n<div class=\"wp-block-columns is-layout-flex wp-container-core-columns-is-layout-b28e58f1 wp-block-columns-is-layout-flex\" style=\"border-bottom-color:var(--wp--preset--color--luminous-vivid-orange);border-bottom-width:1px;border-left-color:var(--wp--preset--color--luminous-vivid-orange);border-left-width:1px;padding-bottom:var(--wp--preset--spacing--30);padding-left:var(--wp--preset--spacing--40)\">\n<div class=\"wp-block-column is-vertically-aligned-center is-layout-flow wp-block-column-is-layout-flow\">\n<p style=\"margin-bottom:0;font-size:1.8vh\"><strong><a href=\"https:\/\/www.facebook.com\/Les-enfants-de-Cholet-441893382671549\/?fref=ts\" data-type=\"link\" data-id=\"https:\/\/www.facebook.com\/Les-enfants-de-Cholet-441893382671549\/?fref=ts\" target=\"_blank\" rel=\"noreferrer noopener\">Publications Facebook<\/a><\/strong><\/p>\n<\/div>\n\n\n\n<div class=\"wp-block-column is-vertically-aligned-top is-layout-flow wp-block-column-is-layout-flow\">\n<figure class=\"wp-block-image aligncenter size-full is-resized\" style=\"margin-top:0;margin-bottom:0\"><a href=\"https:\/\/www.facebook.com\/Les-enfants-de-Cholet-441893382671549\/?fref=ts\" target=\"_blank\" rel=\" noreferrer noopener\"><img loading=\"lazy\" decoding=\"async\" width=\"104\" height=\"103\" src=\"http:\/\/enfantsdecholet.fr\/wp-content\/uploads\/2025\/07\/Facebook_link.png\" alt=\"\" class=\"wp-image-63\" style=\"width:auto;height:40px\"\/><\/a><\/figure>\n<\/div>\n<\/div>\n\n\n\n<div class=\"wp-block-columns is-layout-flex wp-container-core-columns-is-layout-b28e58f1 wp-block-columns-is-layout-flex\" style=\"border-bottom-color:var(--wp--preset--color--luminous-vivid-orange);border-bottom-width:1px;border-left-color:var(--wp--preset--color--luminous-vivid-orange);border-left-width:1px;padding-bottom:var(--wp--preset--spacing--30);padding-left:var(--wp--preset--spacing--40)\">\n<div class=\"wp-block-column is-vertically-aligned-center is-layout-flow wp-block-column-is-layout-flow\">\n<p style=\"margin-bottom:0;font-size:1.8vh\"><strong><a href=\"https:\/\/resultats.ffgym.fr\/accueil\" data-type=\"link\" data-id=\"https:\/\/resultats.ffgym.fr\/accueil\" target=\"_blank\" rel=\"noreferrer noopener\">R\u00e9sultats d\u00e9taill\u00e9s<\/a><\/strong><\/p>\n<\/div>\n\n\n\n<div class=\"wp-block-column is-vertically-aligned-top is-layout-flow wp-block-column-is-layout-flow\">\n<figure class=\"wp-block-image aligncenter size-full is-resized\" style=\"margin-top:0;margin-bottom:0\"><a href=\"https:\/\/resultats.ffgym.fr\/accueil\" target=\"_blank\" rel=\" noreferrer noopener\"><img loading=\"lazy\" decoding=\"async\" width=\"150\" height=\"76\" src=\"http:\/\/enfantsdecholet.fr\/wp-content\/uploads\/2025\/07\/logo_FFGym.png\" alt=\"\" class=\"wp-image-86\" style=\"width:auto;height:40px\"\/><\/a><\/figure>\n<\/div>\n<\/div>\n\n\n\n<div class=\"wp-block-columns is-layout-flex wp-container-core-columns-is-layout-28f84493 wp-block-columns-is-layout-flex\">\n<div class=\"wp-block-column is-layout-flow wp-block-column-is-layout-flow\">\n<figure class=\"wp-block-image aligncenter size-full\"><img loading=\"lazy\" decoding=\"async\" width=\"462\" height=\"244\" src=\"http:\/\/enfantsdecholet.fr\/wp-content\/uploads\/2026\/02\/resultats_equipes_gaf_2026_10.png\" alt=\"\" class=\"wp-image-2548\" srcset=\"https:\/\/enfantsdecholet.fr\/wp-content\/uploads\/2026\/02\/resultats_equipes_gaf_2026_10.png 462w, https:\/\/enfantsdecholet.fr\/wp-content\/uploads\/2026\/02\/resultats_equipes_gaf_2026_10-300x158.png 300w\" sizes=\"auto, (max-width: 462px) 100vw, 462px\" \/><\/figure>\n\n\n\n<figure class=\"wp-block-image aligncenter size-full\"><img loading=\"lazy\" decoding=\"async\" width=\"486\" height=\"488\" src=\"http:\/\/enfantsdecholet.fr\/wp-content\/uploads\/2026\/02\/Resultats_equipe_GAF_2026_1.png\" alt=\"\" class=\"wp-image-2432\" srcset=\"https:\/\/enfantsdecholet.fr\/wp-content\/uploads\/2026\/02\/Resultats_equipe_GAF_2026_1.png 486w, https:\/\/enfantsdecholet.fr\/wp-content\/uploads\/2026\/02\/Resultats_equipe_GAF_2026_1-300x300.png 300w, https:\/\/enfantsdecholet.fr\/wp-content\/uploads\/2026\/02\/Resultats_equipe_GAF_2026_1-150x150.png 150w\" sizes=\"auto, (max-width: 486px) 100vw, 486px\" \/><\/figure>\n<\/div>\n<\/div>\n\n\n\n<div class=\"wp-block-columns is-layout-flex wp-container-core-columns-is-layout-28f84493 wp-block-columns-is-layout-flex\">\n<div class=\"wp-block-column is-layout-flow wp-block-column-is-layout-flow\">\n<figure class=\"wp-block-image alignright size-full\"><img loading=\"lazy\" decoding=\"async\" width=\"341\" height=\"244\" src=\"http:\/\/enfantsdecholet.fr\/wp-content\/uploads\/2026\/02\/Resultats_equipe_GAF_2026_2.png\" alt=\"\" class=\"wp-image-2433\" srcset=\"https:\/\/enfantsdecholet.fr\/wp-content\/uploads\/2026\/02\/Resultats_equipe_GAF_2026_2.png 341w, https:\/\/enfantsdecholet.fr\/wp-content\/uploads\/2026\/02\/Resultats_equipe_GAF_2026_2-300x215.png 300w\" sizes=\"auto, (max-width: 341px) 100vw, 341px\" \/><\/figure>\n<\/div>\n\n\n\n<div class=\"wp-block-column is-layout-flow wp-block-column-is-layout-flow\">\n<figure class=\"wp-block-image alignleft size-full\"><img loading=\"lazy\" decoding=\"async\" width=\"323\" height=\"244\" src=\"http:\/\/enfantsdecholet.fr\/wp-content\/uploads\/2026\/02\/Resultats_equipe_GAF_2026_3.png\" alt=\"\" class=\"wp-image-2434\" srcset=\"https:\/\/enfantsdecholet.fr\/wp-content\/uploads\/2026\/02\/Resultats_equipe_GAF_2026_3.png 323w, https:\/\/enfantsdecholet.fr\/wp-content\/uploads\/2026\/02\/Resultats_equipe_GAF_2026_3-300x227.png 300w\" sizes=\"auto, (max-width: 323px) 100vw, 323px\" \/><\/figure>\n<\/div>\n<\/div>\n\n\n\n<div class=\"wp-block-columns is-layout-flex wp-container-core-columns-is-layout-28f84493 wp-block-columns-is-layout-flex\">\n<div class=\"wp-block-column is-layout-flow wp-block-column-is-layout-flow\">\n<figure class=\"wp-block-image alignright size-full\"><img loading=\"lazy\" decoding=\"async\" width=\"439\" height=\"244\" src=\"http:\/\/enfantsdecholet.fr\/wp-content\/uploads\/2026\/02\/resultats_equipes_gaf_2026_11.png\" alt=\"\" class=\"wp-image-2549\" srcset=\"https:\/\/enfantsdecholet.fr\/wp-content\/uploads\/2026\/02\/resultats_equipes_gaf_2026_11.png 439w, https:\/\/enfantsdecholet.fr\/wp-content\/uploads\/2026\/02\/resultats_equipes_gaf_2026_11-300x167.png 300w\" sizes=\"auto, (max-width: 439px) 100vw, 439px\" \/><\/figure>\n<\/div>\n\n\n\n<div class=\"wp-block-column is-layout-flow wp-block-column-is-layout-flow\">\n<figure class=\"wp-block-image alignleft size-full\"><img loading=\"lazy\" decoding=\"async\" width=\"399\" height=\"244\" src=\"http:\/\/enfantsdecholet.fr\/wp-content\/uploads\/2026\/02\/resultats_equipes_gaf_2026_12.png\" alt=\"\" class=\"wp-image-2550\" srcset=\"https:\/\/enfantsdecholet.fr\/wp-content\/uploads\/2026\/02\/resultats_equipes_gaf_2026_12.png 399w, https:\/\/enfantsdecholet.fr\/wp-content\/uploads\/2026\/02\/resultats_equipes_gaf_2026_12-300x183.png 300w\" sizes=\"auto, (max-width: 399px) 100vw, 399px\" \/><\/figure>\n<\/div>\n<\/div>\n\n\n\n<div class=\"wp-block-columns is-layout-flex wp-container-core-columns-is-layout-28f84493 wp-block-columns-is-layout-flex\">\n<div class=\"wp-block-column is-layout-flow wp-block-column-is-layout-flow\">\n<figure class=\"wp-block-image alignright size-full\"><img loading=\"lazy\" decoding=\"async\" width=\"501\" height=\"366\" src=\"http:\/\/enfantsdecholet.fr\/wp-content\/uploads\/2026\/02\/resultats_equipes_gaf_2026_13.png\" alt=\"\" class=\"wp-image-2551\" srcset=\"https:\/\/enfantsdecholet.fr\/wp-content\/uploads\/2026\/02\/resultats_equipes_gaf_2026_13.png 501w, https:\/\/enfantsdecholet.fr\/wp-content\/uploads\/2026\/02\/resultats_equipes_gaf_2026_13-300x219.png 300w\" sizes=\"auto, (max-width: 501px) 100vw, 501px\" \/><\/figure>\n<\/div>\n\n\n\n<div class=\"wp-block-column is-layout-flow wp-block-column-is-layout-flow\">\n<figure class=\"wp-block-image alignleft size-full\"><img loading=\"lazy\" decoding=\"async\" width=\"360\" height=\"366\" src=\"http:\/\/enfantsdecholet.fr\/wp-content\/uploads\/2026\/02\/resultats_equipes_gaf_2026_14.png\" alt=\"\" class=\"wp-image-2552\" srcset=\"https:\/\/enfantsdecholet.fr\/wp-content\/uploads\/2026\/02\/resultats_equipes_gaf_2026_14.png 360w, https:\/\/enfantsdecholet.fr\/wp-content\/uploads\/2026\/02\/resultats_equipes_gaf_2026_14-295x300.png 295w\" sizes=\"auto, (max-width: 360px) 100vw, 360px\" \/><\/figure>\n<\/div>\n<\/div>\n\n\n\n<div class=\"wp-block-columns is-layout-flex wp-container-core-columns-is-layout-28f84493 wp-block-columns-is-layout-flex\">\n<div class=\"wp-block-column is-layout-flow wp-block-column-is-layout-flow\">\n<figure class=\"wp-block-image aligncenter size-full\"><img loading=\"lazy\" decoding=\"async\" width=\"900\" height=\"339\" src=\"http:\/\/enfantsdecholet.fr\/wp-content\/uploads\/2026\/02\/Resultats_equipe_GAF_2026_4.png\" alt=\"\" class=\"wp-image-2435\" srcset=\"https:\/\/enfantsdecholet.fr\/wp-content\/uploads\/2026\/02\/Resultats_equipe_GAF_2026_4.png 900w, https:\/\/enfantsdecholet.fr\/wp-content\/uploads\/2026\/02\/Resultats_equipe_GAF_2026_4-300x113.png 300w, https:\/\/enfantsdecholet.fr\/wp-content\/uploads\/2026\/02\/Resultats_equipe_GAF_2026_4-768x289.png 768w\" sizes=\"auto, (max-width: 900px) 100vw, 900px\" \/><\/figure>\n<\/div>\n<\/div>\n\n\n\n<div class=\"wp-block-columns is-layout-flex wp-container-core-columns-is-layout-28f84493 wp-block-columns-is-layout-flex\">\n<div class=\"wp-block-column is-layout-flow wp-block-column-is-layout-flow\">\n<figure class=\"wp-block-image aligncenter size-full\"><img loading=\"lazy\" decoding=\"async\" width=\"870\" height=\"488\" src=\"http:\/\/enfantsdecholet.fr\/wp-content\/uploads\/2026\/02\/Resultats_equipe_GAF_2026_5.png\" alt=\"\" class=\"wp-image-2436\" srcset=\"https:\/\/enfantsdecholet.fr\/wp-content\/uploads\/2026\/02\/Resultats_equipe_GAF_2026_5.png 870w, https:\/\/enfantsdecholet.fr\/wp-content\/uploads\/2026\/02\/Resultats_equipe_GAF_2026_5-300x168.png 300w, https:\/\/enfantsdecholet.fr\/wp-content\/uploads\/2026\/02\/Resultats_equipe_GAF_2026_5-768x431.png 768w\" sizes=\"auto, (max-width: 870px) 100vw, 870px\" \/><\/figure>\n<\/div>\n<\/div>\n<\/div>\n<\/div>\n\n\n\n<div class=\"wp-block-group alignwide has-background-color is-layout-flow wp-block-group-is-layout-flow\" style=\"margin-top:0;margin-bottom:0;padding-top:var(--wp--preset--spacing--50);padding-right:var(--wp--preset--spacing--30);padding-bottom:var(--wp--preset--spacing--50);padding-left:var(--wp--preset--spacing--30);font-size:2em\">\n<div class=\"wp-block-group has-border-color has-luminous-vivid-orange-border-color has-small-font-size is-content-justification-space-between is-layout-flex wp-container-core-group-is-layout-018c2fd6 wp-block-group-is-layout-flex\" style=\"min-height:0px;padding-top:0;padding-right:var(--wp--preset--spacing--20);padding-bottom:0;padding-left:var(--wp--preset--spacing--20)\">\n<p class=\"has-text-color\" style=\"color:#b1c900;padding-top:0rem;padding-right:0px;padding-bottom:0rem;padding-left:0px;font-size:1.8vh\">Pour nous contacter : <\/p>\n\n\n\n<p style=\"padding-top:0rem;padding-right:var(--wp--preset--spacing--20);padding-bottom:0rem;padding-left:var(--wp--preset--spacing--20);font-size:1.8vh\">Les Enfants de Cholet &#8211; 48, rue des Bons Enfants &#8211; 49300 CHOLET &#8211; T\u00e9l&nbsp;: 02 41 75 54 91 &#8211;   <\/p>\n\n\n\n<p class=\"wp-container-content-9cfa9a5a\" style=\"font-size:1.8vh\">Mail&nbsp;: <a href=\"mailto:enfcholetgym@free.fr\">enfcholetgym@free.fr<\/a><\/p>\n<\/div>\n<\/div>\n","protected":false},"excerpt":{"rendered":"<p>Les r\u00e9sultats \u00e9quipes GAF saison 2025-2026 Prochaine comp\u00e9tition les 18 et 19 avril \u00e0 TRELAZE Suivi des r\u00e9sultats Publications Facebook [&hellip;]<\/p>\n","protected":false},"author":1,"featured_media":0,"parent":0,"menu_order":0,"comment_status":"closed","ping_status":"closed","template":"","meta":{"_lmt_disableupdate":"","_lmt_disable":"yes","site-sidebar-layout":"no-sidebar","site-content-layout":"","ast-site-content-layout":"full-width-container","site-content-style":"default","site-sidebar-style":"default","ast-global-header-display":"","ast-banner-title-visibility":"","ast-main-header-display":"","ast-hfb-above-header-display":"","ast-hfb-below-header-display":"","ast-hfb-mobile-header-display":"","site-post-title":"disabled","ast-breadcrumbs-content":"","ast-featured-img":"","footer-sml-layout":"","ast-disable-related-posts":"","theme-transparent-header-meta":"","adv-header-id-meta":"","stick-header-meta":"","header-above-stick-meta":"","header-main-stick-meta":"","header-below-stick-meta":"","astra-migrate-meta-layouts":"default","ast-page-background-enabled":"default","ast-page-background-meta":{"desktop":{"background-color":"var(--ast-global-color-5)","background-image":"","background-repeat":"repeat","background-position":"center center","background-size":"auto","background-attachment":"scroll","background-type":"","background-media":"","overlay-type":"","overlay-color":"","overlay-opacity":"","overlay-gradient":""},"tablet":{"background-color":"","background-image":"","background-repeat":"repeat","background-position":"center center","background-size":"auto","background-attachment":"scroll","background-type":"","background-media":"","overlay-type":"","overlay-color":"","overlay-opacity":"","overlay-gradient":""},"mobile":{"background-color":"","background-image":"","background-repeat":"repeat","background-position":"center center","background-size":"auto","background-attachment":"scroll","background-type":"","background-media":"","overlay-type":"","overlay-color":"","overlay-opacity":"","overlay-gradient":""}},"ast-content-background-meta":{"desktop":{"background-color":"var(--ast-global-color-4)","background-image":"","background-repeat":"repeat","background-position":"center center","background-size":"auto","background-attachment":"scroll","background-type":"","background-media":"","overlay-type":"","overlay-color":"","overlay-opacity":"","overlay-gradient":""},"tablet":{"background-color":"var(--ast-global-color-4)","background-image":"","background-repeat":"repeat","background-position":"center center","background-size":"auto","background-attachment":"scroll","background-type":"","background-media":"","overlay-type":"","overlay-color":"","overlay-opacity":"","overlay-gradient":""},"mobile":{"background-color":"var(--ast-global-color-4)","background-image":"","background-repeat":"repeat","background-position":"center center","background-size":"auto","background-attachment":"scroll","background-type":"","background-media":"","overlay-type":"","overlay-color":"","overlay-opacity":"","overlay-gradient":""}},"footnotes":""},"class_list":["post-817","page","type-page","status-publish","hentry"],"_links":{"self":[{"href":"https:\/\/enfantsdecholet.fr\/index.php\/wp-json\/wp\/v2\/pages\/817","targetHints":{"allow":["GET"]}}],"collection":[{"href":"https:\/\/enfantsdecholet.fr\/index.php\/wp-json\/wp\/v2\/pages"}],"about":[{"href":"https:\/\/enfantsdecholet.fr\/index.php\/wp-json\/wp\/v2\/types\/page"}],"author":[{"embeddable":true,"href":"https:\/\/enfantsdecholet.fr\/index.php\/wp-json\/wp\/v2\/users\/1"}],"replies":[{"embeddable":true,"href":"https:\/\/enfantsdecholet.fr\/index.php\/wp-json\/wp\/v2\/comments?post=817"}],"version-history":[{"count":14,"href":"https:\/\/enfantsdecholet.fr\/index.php\/wp-json\/wp\/v2\/pages\/817\/revisions"}],"predecessor-version":[{"id":2703,"href":"https:\/\/enfantsdecholet.fr\/index.php\/wp-json\/wp\/v2\/pages\/817\/revisions\/2703"}],"wp:attachment":[{"href":"https:\/\/enfantsdecholet.fr\/index.php\/wp-json\/wp\/v2\/media?parent=817"}],"curies":[{"name":"wp","href":"https:\/\/api.w.org\/{rel}","templated":true}]}}