{"id":852,"date":"2025-08-10T20:36:41","date_gmt":"2025-08-10T18:36:41","guid":{"rendered":"http:\/\/olrio.fr\/?page_id=852"},"modified":"2026-04-13T22:32:54","modified_gmt":"2026-04-13T20:32:54","slug":"resultats-individuels-gr","status":"publish","type":"page","link":"https:\/\/enfantsdecholet.fr\/index.php\/resultats-individuels-gr\/","title":{"rendered":"R\u00e9sultats individuels GR"},"content":{"rendered":"\n<div class=\"wp-block-group is-nowrap is-layout-flex wp-container-core-group-is-layout-6c531013 wp-block-group-is-layout-flex\">\n<figure class=\"wp-block-image size-full\"><a href=\"https:\/\/enfantsdecholet.fr\/index.php\/resultats-equipes-gam\/\"><img loading=\"lazy\" decoding=\"async\" width=\"62\" height=\"45\" src=\"http:\/\/enfantsdecholet.fr\/wp-content\/uploads\/2026\/02\/fleche_precedent-e1769949002954.png\" alt=\"\" class=\"wp-image-2446\"\/><\/a><\/figure>\n\n\n\n<figure class=\"wp-block-image size-full\"><a href=\"https:\/\/enfantsdecholet.fr\/index.php\/resultats-ensembles-gr\/\"><img loading=\"lazy\" decoding=\"async\" width=\"60\" height=\"45\" src=\"http:\/\/enfantsdecholet.fr\/wp-content\/uploads\/2026\/02\/fleche_suivant-e1769948804904.png\" alt=\"\" class=\"wp-image-2447\"\/><\/a><\/figure>\n<\/div>\n\n\n\n<div class=\"wp-block-columns body { color: red;} is-style-default has-background has-medium-font-size is-layout-flex wp-container-core-columns-is-layout-ae9cde47 wp-block-columns-is-layout-flex\" style=\"border-bottom-color:var(--wp--preset--color--luminous-vivid-orange);border-left-color:var(--wp--preset--color--luminous-vivid-orange);background-color:#046bd133;margin-top:var(--wp--preset--spacing--50);margin-bottom:0;padding-top:var(--wp--preset--spacing--20);padding-right:var(--wp--preset--spacing--20);padding-bottom:0;padding-left:var(--wp--preset--spacing--20)\">\n<div class=\"wp-block-column body.siteorigin-panels { margin-right: 0; margin-left:0; } is-layout-constrained wp-container-core-column-is-layout-76872424 wp-block-column-is-layout-constrained\" style=\"padding-top:var(--wp--preset--spacing--40);padding-right:0;padding-bottom:var(--wp--preset--spacing--50);padding-left:var(--wp--preset--spacing--80);flex-basis:100%\">\n<h2 class=\"wp-block-heading has-text-align-center has-luminous-vivid-orange-color has-text-color has-link-color wp-elements-e2790374efcd8db84bab95fb2df1c98d\" style=\"font-size:3vh\">Les r\u00e9sultats individuels GR saison 2025-2026<\/h2>\n\n\n\n<p class=\"has-text-align-center\" style=\"font-size:2vh\"><strong>Saison termin\u00e9e<\/strong><\/p>\n\n\n\n<div class=\"wp-block-columns is-layout-flex wp-container-core-columns-is-layout-b28e58f1 wp-block-columns-is-layout-flex\" style=\"border-bottom-color:var(--wp--preset--color--luminous-vivid-orange);border-bottom-width:1px;border-left-color:var(--wp--preset--color--luminous-vivid-orange);border-left-width:1px;padding-bottom:var(--wp--preset--spacing--30);padding-left:var(--wp--preset--spacing--40)\">\n<div class=\"wp-block-column is-vertically-aligned-center is-layout-flow wp-block-column-is-layout-flow\">\n<p style=\"margin-bottom:0;font-size:1.8vh\"><strong><a href=\"https:\/\/enfantsdecholet.fr\/wp-content\/uploads\/2025\/12\/Suivi_Ind_GR.pdf\" data-type=\"attachment\" data-id=\"2396\" target=\"_blank\" rel=\"noreferrer noopener\">Suivi des r\u00e9sultats<\/a><\/strong><\/p>\n<\/div>\n\n\n\n<div class=\"wp-block-column is-vertically-aligned-top is-layout-flow wp-block-column-is-layout-flow\">\n<figure class=\"wp-block-image aligncenter size-full is-resized\" style=\"margin-top:0;margin-bottom:0\"><a href=\"https:\/\/enfantsdecholet.fr\/wp-content\/uploads\/2025\/12\/Suivi_Ind_GR.pdf\" target=\"_blank\" rel=\" noreferrer noopener\"><img loading=\"lazy\" decoding=\"async\" width=\"66\" height=\"78\" src=\"http:\/\/enfantsdecholet.fr\/wp-content\/uploads\/2025\/08\/icone_classement-e1754843480331.png\" alt=\"\" class=\"wp-image-803\" style=\"width:auto;height:40px\"\/><\/a><\/figure>\n<\/div>\n<\/div>\n\n\n\n<div class=\"wp-block-columns is-layout-flex wp-container-core-columns-is-layout-b28e58f1 wp-block-columns-is-layout-flex\" style=\"border-bottom-color:var(--wp--preset--color--luminous-vivid-orange);border-bottom-width:1px;border-left-color:var(--wp--preset--color--luminous-vivid-orange);border-left-width:1px;padding-bottom:var(--wp--preset--spacing--30);padding-left:var(--wp--preset--spacing--40)\">\n<div class=\"wp-block-column is-vertically-aligned-center is-layout-flow wp-block-column-is-layout-flow\">\n<p style=\"margin-bottom:0;font-size:1.8vh\"><strong><a href=\"https:\/\/www.facebook.com\/Les-enfants-de-Cholet-441893382671549\/?fref=ts\" data-type=\"link\" data-id=\"https:\/\/www.facebook.com\/Les-enfants-de-Cholet-441893382671549\/?fref=ts\" target=\"_blank\" rel=\"noreferrer noopener\">Publications Facebook<\/a><\/strong><\/p>\n<\/div>\n\n\n\n<div class=\"wp-block-column is-vertically-aligned-top is-layout-flow wp-block-column-is-layout-flow\">\n<figure class=\"wp-block-image aligncenter size-full is-resized\" style=\"margin-top:0;margin-bottom:0\"><a href=\"https:\/\/www.facebook.com\/Les-enfants-de-Cholet-441893382671549\/?fref=ts\" target=\"_blank\" rel=\" noreferrer noopener\"><img loading=\"lazy\" decoding=\"async\" width=\"104\" height=\"103\" src=\"http:\/\/enfantsdecholet.fr\/wp-content\/uploads\/2025\/07\/Facebook_link.png\" alt=\"\" class=\"wp-image-63\" style=\"width:auto;height:40px\"\/><\/a><\/figure>\n<\/div>\n<\/div>\n\n\n\n<div class=\"wp-block-columns is-layout-flex wp-container-core-columns-is-layout-b28e58f1 wp-block-columns-is-layout-flex\" style=\"border-bottom-color:var(--wp--preset--color--luminous-vivid-orange);border-bottom-width:1px;border-left-color:var(--wp--preset--color--luminous-vivid-orange);border-left-width:1px;padding-bottom:var(--wp--preset--spacing--30);padding-left:var(--wp--preset--spacing--40)\">\n<div class=\"wp-block-column is-vertically-aligned-center is-layout-flow wp-block-column-is-layout-flow\">\n<p style=\"margin-bottom:0;font-size:1.8vh\"><strong><a href=\"https:\/\/resultats.ffgym.fr\/accueil\" data-type=\"link\" data-id=\"https:\/\/resultats.ffgym.fr\/accueil\" target=\"_blank\" rel=\"noreferrer noopener\">R\u00e9sultats d\u00e9taill\u00e9s<\/a><\/strong><\/p>\n<\/div>\n\n\n\n<div class=\"wp-block-column is-vertically-aligned-top is-layout-flow wp-block-column-is-layout-flow\">\n<figure class=\"wp-block-image aligncenter size-full is-resized\" style=\"margin-top:0;margin-bottom:0\"><a href=\"https:\/\/resultats.ffgym.fr\/accueil\" target=\"_blank\" rel=\" noreferrer noopener\"><img loading=\"lazy\" decoding=\"async\" width=\"150\" height=\"76\" src=\"http:\/\/enfantsdecholet.fr\/wp-content\/uploads\/2025\/07\/logo_FFGym.png\" alt=\"\" class=\"wp-image-86\" style=\"width:auto;height:40px\"\/><\/a><\/figure>\n<\/div>\n<\/div>\n\n\n\n<div class=\"wp-block-group is-content-justification-center is-nowrap is-layout-flex wp-container-core-group-is-layout-fe819fcf wp-block-group-is-layout-flex\" style=\"margin-top:var(--wp--preset--spacing--70)\">\n<figure class=\"wp-block-image size-full\"><img loading=\"lazy\" decoding=\"async\" width=\"435\" height=\"400\" src=\"http:\/\/enfantsdecholet.fr\/wp-content\/uploads\/2025\/12\/Resultats_indiv_GR_2025_2026.png\" alt=\"\" class=\"wp-image-2395\" srcset=\"https:\/\/enfantsdecholet.fr\/wp-content\/uploads\/2025\/12\/Resultats_indiv_GR_2025_2026.png 435w, https:\/\/enfantsdecholet.fr\/wp-content\/uploads\/2025\/12\/Resultats_indiv_GR_2025_2026-300x276.png 300w\" sizes=\"auto, (max-width: 435px) 100vw, 435px\" \/><\/figure>\n<\/div>\n<\/div>\n<\/div>\n\n\n\n<div class=\"wp-block-group alignwide has-background-color is-layout-flow wp-block-group-is-layout-flow\" style=\"margin-top:0;margin-bottom:0;padding-top:var(--wp--preset--spacing--50);padding-right:var(--wp--preset--spacing--30);padding-bottom:var(--wp--preset--spacing--50);padding-left:var(--wp--preset--spacing--30);font-size:2em\">\n<div class=\"wp-block-group has-border-color has-luminous-vivid-orange-border-color has-small-font-size is-content-justification-space-between is-layout-flex wp-container-core-group-is-layout-018c2fd6 wp-block-group-is-layout-flex\" style=\"min-height:0px;padding-top:0;padding-right:var(--wp--preset--spacing--20);padding-bottom:0;padding-left:var(--wp--preset--spacing--20)\">\n<p class=\"has-text-color\" style=\"color:#b1c900;padding-top:0rem;padding-right:0px;padding-bottom:0rem;padding-left:0px;font-size:1.8vh\">Pour nous contacter : <\/p>\n\n\n\n<p style=\"padding-top:0rem;padding-right:var(--wp--preset--spacing--20);padding-bottom:0rem;padding-left:var(--wp--preset--spacing--20);font-size:1.8vh\">Les Enfants de Cholet &#8211; 48, rue des Bons Enfants &#8211; 49300 CHOLET &#8211; T\u00e9l&nbsp;: 02 41 75 54 91 &#8211;   <\/p>\n\n\n\n<p class=\"wp-container-content-9cfa9a5a\" style=\"font-size:1.8vh\">Mail&nbsp;: <a href=\"mailto:enfcholetgym@free.fr\">enfcholetgym@free.fr<\/a><\/p>\n<\/div>\n<\/div>\n","protected":false},"excerpt":{"rendered":"<p>Les r\u00e9sultats individuels GR saison 2025-2026 Saison termin\u00e9e Suivi des r\u00e9sultats Publications Facebook R\u00e9sultats d\u00e9taill\u00e9s Pour nous contacter : Les [&hellip;]<\/p>\n","protected":false},"author":1,"featured_media":0,"parent":0,"menu_order":0,"comment_status":"closed","ping_status":"closed","template":"","meta":{"_lmt_disableupdate":"","_lmt_disable":"yes","site-sidebar-layout":"no-sidebar","site-content-layout":"","ast-site-content-layout":"full-width-container","site-content-style":"default","site-sidebar-style":"default","ast-global-header-display":"","ast-banner-title-visibility":"","ast-main-header-display":"","ast-hfb-above-header-display":"","ast-hfb-below-header-display":"","ast-hfb-mobile-header-display":"","site-post-title":"disabled","ast-breadcrumbs-content":"","ast-featured-img":"","footer-sml-layout":"","ast-disable-related-posts":"","theme-transparent-header-meta":"","adv-header-id-meta":"","stick-header-meta":"","header-above-stick-meta":"","header-main-stick-meta":"","header-below-stick-meta":"","astra-migrate-meta-layouts":"default","ast-page-background-enabled":"default","ast-page-background-meta":{"desktop":{"background-color":"var(--ast-global-color-5)","background-image":"","background-repeat":"repeat","background-position":"center center","background-size":"auto","background-attachment":"scroll","background-type":"","background-media":"","overlay-type":"","overlay-color":"","overlay-opacity":"","overlay-gradient":""},"tablet":{"background-color":"","background-image":"","background-repeat":"repeat","background-position":"center center","background-size":"auto","background-attachment":"scroll","background-type":"","background-media":"","overlay-type":"","overlay-color":"","overlay-opacity":"","overlay-gradient":""},"mobile":{"background-color":"","background-image":"","background-repeat":"repeat","background-position":"center center","background-size":"auto","background-attachment":"scroll","background-type":"","background-media":"","overlay-type":"","overlay-color":"","overlay-opacity":"","overlay-gradient":""}},"ast-content-background-meta":{"desktop":{"background-color":"var(--ast-global-color-4)","background-image":"","background-repeat":"repeat","background-position":"center center","background-size":"auto","background-attachment":"scroll","background-type":"","background-media":"","overlay-type":"","overlay-color":"","overlay-opacity":"","overlay-gradient":""},"tablet":{"background-color":"var(--ast-global-color-4)","background-image":"","background-repeat":"repeat","background-position":"center center","background-size":"auto","background-attachment":"scroll","background-type":"","background-media":"","overlay-type":"","overlay-color":"","overlay-opacity":"","overlay-gradient":""},"mobile":{"background-color":"var(--ast-global-color-4)","background-image":"","background-repeat":"repeat","background-position":"center center","background-size":"auto","background-attachment":"scroll","background-type":"","background-media":"","overlay-type":"","overlay-color":"","overlay-opacity":"","overlay-gradient":""}},"footnotes":""},"class_list":["post-852","page","type-page","status-publish","hentry"],"_links":{"self":[{"href":"https:\/\/enfantsdecholet.fr\/index.php\/wp-json\/wp\/v2\/pages\/852","targetHints":{"allow":["GET"]}}],"collection":[{"href":"https:\/\/enfantsdecholet.fr\/index.php\/wp-json\/wp\/v2\/pages"}],"about":[{"href":"https:\/\/enfantsdecholet.fr\/index.php\/wp-json\/wp\/v2\/types\/page"}],"author":[{"embeddable":true,"href":"https:\/\/enfantsdecholet.fr\/index.php\/wp-json\/wp\/v2\/users\/1"}],"replies":[{"embeddable":true,"href":"https:\/\/enfantsdecholet.fr\/index.php\/wp-json\/wp\/v2\/comments?post=852"}],"version-history":[{"count":11,"href":"https:\/\/enfantsdecholet.fr\/index.php\/wp-json\/wp\/v2\/pages\/852\/revisions"}],"predecessor-version":[{"id":2705,"href":"https:\/\/enfantsdecholet.fr\/index.php\/wp-json\/wp\/v2\/pages\/852\/revisions\/2705"}],"wp:attachment":[{"href":"https:\/\/enfantsdecholet.fr\/index.php\/wp-json\/wp\/v2\/media?parent=852"}],"curies":[{"name":"wp","href":"https:\/\/api.w.org\/{rel}","templated":true}]}}